{"id":10140,"date":"2025-03-19T16:21:03","date_gmt":"2025-03-19T14:21:03","guid":{"rendered":"https:\/\/vitaminbutiken.multi.fi\/?post_type=product&#038;p=10140"},"modified":"2026-03-31T12:33:26","modified_gmt":"2026-03-31T10:33:26","slug":"multi-guard-iron-free-lamberts","status":"publish","type":"product","link":"https:\/\/vitaminbutiken.com\/en\/produkt\/multi-guard-iron-free-lamberts\/","title":{"rendered":"Multi-Guard\u00ae Iron Free &#8211; Lamberts"},"content":{"rendered":"<p data-start=\"0\" data-end=\"433\">Denna omfattande multivitaminformel inneh\u00e5ller ett brett spektrum av viktiga n\u00e4rings\u00e4mnen i kliniskt relevanta niv\u00e5er, men vi har valt att g\u00f6ra den <strong data-start=\"148\" data-end=\"159\">j\u00e4rnfri<\/strong>. En j\u00e4rnfri formula kan vara l\u00e4mplig f\u00f6r personer som \u00e4r k\u00e4nsliga f\u00f6r j\u00e4rn, samt f\u00f6r <strong data-start=\"245\" data-end=\"291\">postmenopausala kvinnor och m\u00e4n \u00f6ver 50 \u00e5r<\/strong>, som har ett minskat behov av j\u00e4rn i kosten. Produkten kan ocks\u00e5 tas tillsammans med v\u00e5rt popul\u00e4ra tillskott mot h\u00e5ravfall, <strong data-start=\"416\" data-end=\"430\">Florisene\u00ae<\/strong>.<\/p>\n<p data-start=\"435\" data-end=\"720\">Formulan inneh\u00e5ller <strong data-start=\"455\" data-end=\"519\">vitamin C, E, A, D, B6, B12, folsyra, selen, zink och koppar<\/strong>, vilka \u00e4r viktiga f\u00f6r immunsystemet och kroppens naturliga f\u00f6rsvar. Dessutom ger den <strong data-start=\"605\" data-end=\"639\">utm\u00e4rkta niv\u00e5er av B-vitaminer<\/strong>, som \u00e4r n\u00f6dv\u00e4ndiga f\u00f6r energimetabolismen och omvandlingen av mat till energi.<\/p>\n<p><strong>Dosering<\/strong>: 1 tablett dagligen i samband med m\u00e5ltid.<\/p>\n<table style=\"height: 80px;\" border=\"1\" width=\"621\" cellspacing=\"0\" cellpadding=\"0\">\n<tbody>\n<tr>\n<td valign=\"top\" width=\"30%\"><strong>1 tablett inneh\u00e5ller<\/strong><\/td>\n<td valign=\"top\" width=\"20%\"><strong> M\u00e4ngd<\/strong><\/td>\n<td valign=\"top\" width=\"30%\"><strong>%DRI*<\/strong><\/td>\n<\/tr>\n<tr>\n<td valign=\"top\" width=\"30%\">Vitamin A<\/td>\n<td valign=\"top\" width=\"20%\">200 \u00b5g RE<\/td>\n<td valign=\"top\" width=\"20%\">25 %<\/td>\n<\/tr>\n<tr>\n<td valign=\"top\" width=\"30%\">Vitamin D3<\/td>\n<td valign=\"top\" width=\"20%\">10 \u00b5g<\/td>\n<td valign=\"top\" width=\"20%\">200 %<\/td>\n<\/tr>\n<tr>\n<td valign=\"top\" width=\"30%\">Vitamin E<\/td>\n<td valign=\"top\" width=\"20%\">36 a-TE<\/td>\n<td valign=\"top\" width=\"20%\">300 %<\/td>\n<\/tr>\n<tr>\n<td valign=\"top\" width=\"30%\">Vitamin C<\/td>\n<td valign=\"top\" width=\"20%\">120 mg<\/td>\n<td valign=\"top\" width=\"20%\">150 %<\/td>\n<\/tr>\n<tr>\n<td valign=\"top\" width=\"30%\">Tiamin B1<\/td>\n<td valign=\"top\" width=\"20%\">5,5 mg<\/td>\n<td valign=\"top\" width=\"20%\">500 %<\/td>\n<\/tr>\n<tr>\n<td valign=\"top\" width=\"30%\">Riboflavin B2<\/td>\n<td valign=\"top\" width=\"20%\">7 mg<\/td>\n<td valign=\"top\" width=\"20%\">500 %<\/td>\n<\/tr>\n<tr>\n<td valign=\"top\" width=\"30%\">Niasin B3<\/td>\n<td valign=\"top\" width=\"20%\">80 mg NE<\/td>\n<td valign=\"top\" width=\"20%\">500 %<\/td>\n<\/tr>\n<tr>\n<td valign=\"top\" width=\"30%\">Vitamin B6<\/td>\n<td valign=\"top\" width=\"20%\">5 mg<\/td>\n<td valign=\"top\" width=\"20%\">357 %<\/td>\n<\/tr>\n<tr>\n<td valign=\"top\" width=\"30%\">Folsyra<\/td>\n<td valign=\"top\" width=\"20%\">200 \u00b5g<\/td>\n<td valign=\"top\" width=\"20%\">100 %<\/td>\n<\/tr>\n<tr>\n<td valign=\"top\" width=\"30%\">Vitamin B12<\/td>\n<td valign=\"top\" width=\"20%\">50 \u00b5g<\/td>\n<td valign=\"top\" width=\"20%\">2000 %<\/td>\n<\/tr>\n<tr>\n<td valign=\"top\" width=\"30%\">Biotin<\/td>\n<td valign=\"top\" width=\"20%\">200 \u00b5g<\/td>\n<td valign=\"top\" width=\"20%\">400 %<\/td>\n<\/tr>\n<tr>\n<td valign=\"top\" width=\"30%\">Pantotensyra<\/td>\n<td valign=\"top\" width=\"20%\">30 mg<\/td>\n<td valign=\"top\" width=\"20%\">500 %<\/td>\n<\/tr>\n<tr>\n<td valign=\"top\" width=\"30%\">Kalcium<\/td>\n<td valign=\"top\" width=\"20%\">127 mg<\/td>\n<td valign=\"top\" width=\"20%\">16 %<\/td>\n<\/tr>\n<tr>\n<td valign=\"top\" width=\"30%\">Magnesium<\/td>\n<td valign=\"top\" width=\"20%\">100 mg<\/td>\n<td valign=\"top\" width=\"20%\">27 %<\/td>\n<\/tr>\n<tr>\n<td valign=\"top\" width=\"30%\">Zink<\/td>\n<td valign=\"top\" width=\"20%\">12,5 mg<\/td>\n<td valign=\"top\" width=\"20%\">125 %<\/td>\n<\/tr>\n<tr>\n<td valign=\"top\" width=\"30%\">Koppar<\/td>\n<td valign=\"top\" width=\"20%\">0,5 mg<\/td>\n<td valign=\"top\" width=\"20%\">50 %<\/td>\n<\/tr>\n<tr>\n<td valign=\"top\" width=\"30%\">Mangan<\/td>\n<td valign=\"top\" width=\"20%\">0,5 mg<\/td>\n<td valign=\"top\" width=\"20%\">25 %<\/td>\n<\/tr>\n<tr>\n<td valign=\"top\" width=\"30%\">Selen<\/td>\n<td valign=\"top\" width=\"20%\">165 \u00b5g<\/td>\n<td valign=\"top\" width=\"20%\">300 %<\/td>\n<\/tr>\n<tr>\n<td valign=\"top\" width=\"30%\">Krom<\/td>\n<td valign=\"top\" width=\"20%\">100 \u00b5g<\/td>\n<td valign=\"top\" width=\"20%\">250 %<\/td>\n<\/tr>\n<tr>\n<td valign=\"top\" width=\"30%\">Molybden<\/td>\n<td valign=\"top\" width=\"20%\">50 \u00b5g<\/td>\n<td valign=\"top\" width=\"20%\">100 %<\/td>\n<\/tr>\n<tr>\n<td valign=\"top\" width=\"30%\">Lutein complex<\/td>\n<td valign=\"top\" width=\"20%\">10 mg<\/td>\n<td valign=\"top\" width=\"20%\">**<\/td>\n<\/tr>\n<tr>\n<td valign=\"top\" width=\"30%\">Som ger: Lutein<\/td>\n<td valign=\"top\" width=\"20%\">2 mg<\/td>\n<td valign=\"top\" width=\"20%\">**<\/td>\n<\/tr>\n<tr>\n<td valign=\"top\" width=\"30%\">Zeaxantin<\/td>\n<td valign=\"top\" width=\"20%\">100 \u00b5g<\/td>\n<td valign=\"top\" width=\"20%\">**<\/td>\n<\/tr>\n<tr>\n<td valign=\"top\" width=\"30%\">Kolin<\/td>\n<td valign=\"top\" width=\"20%\">25 mg<\/td>\n<td valign=\"top\" width=\"20%\">**<\/td>\n<\/tr>\n<tr>\n<td valign=\"top\" width=\"30%\">Inositol<\/td>\n<td valign=\"top\" width=\"20%\">25 mg<\/td>\n<td valign=\"top\" width=\"20%\">**<\/td>\n<\/tr>\n<\/tbody>\n<\/table>\n<p><strong><em>*DRI \u00e4r dagligt referensintag.**DRI ej fastst\u00e4llt.<\/em><\/strong><\/p>\n<p><strong>Ingredienser<\/strong>: Cellulosa, kalciumkarbonat, magnesiumoxid, vitamin C (askorbinsyra), vitamin E (dl-alfa-tokoferol), vitamin B3 (nikotinamid),<br \/>\nkolinbitartrat, tablettbel\u00e4ggning (hydroxypropylmetylcellulosa, polydextros, kalciumkarbonat, f\u00e4rg: j\u00e4rnoxider), zinkcitrat, vitamin B5<br \/>\n(kalciumpantotenat), klumpf\u00f6rebyggande medel (kiseldioxid, stearinsyra, magnesiumsalter av fettsyror), inositol, tv\u00e4rbunden cellulosagummi,<br \/>\nluteinkomplex (lutein (Tagetes erecta L.), zeaxantin, antioxidant: rosmarinbladsextrakt (Rosmarinus officinalis), vitamin B2 (riboflavin), vitamin B1<br \/>\n(tiaminmononitrat), vitamin B6 (pyridoxinhydroklorid), vitamin B12 (cyanokobalamin), vitamin D3, kromklorid, manganglukonat,<br \/>\nkopparglukonat, vitamin A-acetat, selen (natriumselenit), folsyra, biotin, natriummolybdat.<\/p>\n<p>Rekommenderad dos b\u00f6r ej \u00f6verskridas.<br \/>\nKosttillskott ers\u00e4tter inte en varierad kost.<br \/>\nProdukten f\u00f6rvaras o\u00e5tkomligt f\u00f6r sm\u00e5 barn.<br \/>\nRekommenderas inte till gravida eller ammande.<\/p>\n","protected":false},"excerpt":{"rendered":"<ul>\n<li data-start=\"0\" data-end=\"50\"><strong data-start=\"2\" data-end=\"13\" data-is-only-node=\"\">J\u00e4rnfri<\/strong>, f\u00f6r dem som \u00e4r k\u00e4nsliga f\u00f6r j\u00e4rn.<\/li>\n<li data-start=\"51\" data-end=\"156\">Passar \u00e4ven f\u00f6r postmenopausala kvinnor och m\u00e4n \u00f6ver 50 \u00e5r, som har ett l\u00e4gre behov av j\u00e4rn i kosten.<\/li>\n<li data-start=\"157\" data-end=\"227\"><strong data-start=\"159\" data-end=\"175\" data-is-only-node=\"\">Fri fr\u00e5n jod<\/strong>, med h\u00e4nsyn till personer med sk\u00f6ldk\u00f6rtelproblem.<\/li>\n<li data-start=\"228\" data-end=\"306\">Utm\u00e4rkt niv\u00e5 av B-vitaminer, som beh\u00f6vs f\u00f6r att frig\u00f6ra energi fr\u00e5n maten.<\/li>\n<li data-start=\"307\" data-end=\"387\" data-is-last-node=\"\">Inneh\u00e5ller goda m\u00e4ngder av de antioxidativa n\u00e4rings\u00e4mnena <strong data-start=\"367\" data-end=\"386\">vitamin C och E<\/strong>.<\/li>\n<\/ul>\n<p><strong>60 tabletter\u00a0<\/strong><\/p>\n","protected":false},"featured_media":10206,"comment_status":"open","ping_status":"closed","template":"","meta":{"_kad_blocks_custom_css":"","_kad_blocks_head_custom_js":"","_kad_blocks_body_custom_js":"","_kad_blocks_footer_custom_js":"","_kadence_starter_templates_imported_post":false,"_kad_post_transparent":"default","_kad_post_title":"","_kad_post_layout":"default","_kad_post_sidebar_id":"","_kad_post_content_style":"default","_kad_post_vertical_padding":"default","_kad_post_feature":"","_kad_post_feature_position":"","_kad_post_header":false,"_kad_post_footer":false,"_kad_post_classname":""},"product_brand":[],"product_cat":[1234,281,2822,2821,2806,155],"product_tag":[2427,205,1112,2428,2431,2317,2335,2432,1028,2436,285,494,1165,2437,1516,826,2094,1209,1210,1211],"class_list":{"0":"post-10140","1":"product","2":"type-product","3":"status-publish","4":"has-post-thumbnail","6":"product_cat-lamberts","7":"product_cat-mineraler","8":"product_cat-multi-produkter","9":"product_cat-multi-mineral","10":"product_cat-multi-vitamin","11":"product_cat-vitaminer","12":"product_tag-allsidig-naring","13":"product_tag-antioxidant","14":"product_tag-energi","15":"product_tag-forbattrad-energi","16":"product_tag-forebygger-brist","17":"product_tag-halsa","18":"product_tag-halsofordelar","19":"product_tag-halsosamt-liv","20":"product_tag-immunforsvar","21":"product_tag-jarnfria","22":"product_tag-kosttillskott","23":"product_tag-mineraler","24":"product_tag-multivitamin","25":"product_tag-stodjer-allman-halsa","26":"product_tag-vegetarisk","27":"product_tag-vitamin-a","28":"product_tag-vitamin-b-komplex","29":"product_tag-vitamin-c","30":"product_tag-vitamin-d","31":"product_tag-vitamin-e","33":"first","34":"instock","35":"taxable","36":"shipping-taxable","37":"purchasable","38":"product-type-simple","39":"entry","40":"content-bg","41":"loop-entry"},"taxonomy_info":{"product_cat":[{"value":1234,"label":"Lamberts"},{"value":281,"label":"Mineraler"},{"value":2822,"label":"Multi produkter"},{"value":2821,"label":"Multi-mineral"},{"value":2806,"label":"Multi-vitamin"},{"value":155,"label":"Vitaminer"}],"product_tag":[{"value":2427,"label":"Allsidig n\u00e4ring"},{"value":205,"label":"antioxidant"},{"value":1112,"label":"energi"},{"value":2428,"label":"F\u00f6rb\u00e4ttrad energi"},{"value":2431,"label":"F\u00f6rebygger brist"},{"value":2317,"label":"H\u00e4lsa"},{"value":2335,"label":"H\u00e4lsof\u00f6rdelar"},{"value":2432,"label":"H\u00e4lsosamt liv"},{"value":1028,"label":"immunf\u00f6rsvar"},{"value":2436,"label":"J\u00e4rnfria"},{"value":285,"label":"kosttillskott"},{"value":494,"label":"Mineraler"},{"value":1165,"label":"multivitamin"},{"value":2437,"label":"St\u00f6djer allm\u00e4n h\u00e4lsa"},{"value":1516,"label":"vegetarisk"},{"value":826,"label":"vitamin A"},{"value":2094,"label":"Vitamin B-komplex"},{"value":1209,"label":"Vitamin C"},{"value":1210,"label":"vitamin d"},{"value":1211,"label":"Vitamin E"}]},"featured_image_src_large":["https:\/\/vitaminbutiken.com\/wp-content\/uploads\/2025\/03\/8436-MultiGuard-iron-freee-780x700.jpg",780,700,true],"author_info":[],"comment_info":0,"_links":{"self":[{"href":"https:\/\/vitaminbutiken.com\/en\/wp-json\/wp\/v2\/product\/10140","targetHints":{"allow":["GET"]}}],"collection":[{"href":"https:\/\/vitaminbutiken.com\/en\/wp-json\/wp\/v2\/product"}],"about":[{"href":"https:\/\/vitaminbutiken.com\/en\/wp-json\/wp\/v2\/types\/product"}],"replies":[{"embeddable":true,"href":"https:\/\/vitaminbutiken.com\/en\/wp-json\/wp\/v2\/comments?post=10140"}],"wp:featuredmedia":[{"embeddable":true,"href":"https:\/\/vitaminbutiken.com\/en\/wp-json\/wp\/v2\/media\/10206"}],"wp:attachment":[{"href":"https:\/\/vitaminbutiken.com\/en\/wp-json\/wp\/v2\/media?parent=10140"}],"wp:term":[{"taxonomy":"product_brand","embeddable":true,"href":"https:\/\/vitaminbutiken.com\/en\/wp-json\/wp\/v2\/product_brand?post=10140"},{"taxonomy":"product_cat","embeddable":true,"href":"https:\/\/vitaminbutiken.com\/en\/wp-json\/wp\/v2\/product_cat?post=10140"},{"taxonomy":"product_tag","embeddable":true,"href":"https:\/\/vitaminbutiken.com\/en\/wp-json\/wp\/v2\/product_tag?post=10140"}],"curies":[{"name":"wp","href":"https:\/\/api.w.org\/{rel}","templated":true}]}}