{"id":10138,"date":"2025-03-19T16:21:02","date_gmt":"2025-03-19T14:21:02","guid":{"rendered":"https:\/\/vitaminbutiken.multi.fi\/?post_type=product&#038;p=10138"},"modified":"2026-03-23T13:38:09","modified_gmt":"2026-03-23T12:38:09","slug":"multi-guardadvance-lamberts","status":"publish","type":"product","link":"https:\/\/vitaminbutiken.com\/en\/produkt\/multi-guardadvance-lamberts\/","title":{"rendered":"Multi-Guard\u00aeAdvance &#8211; Lamberts"},"content":{"rendered":"<p data-start=\"0\" data-end=\"298\">Detta \u00e4r en av de mest omfattande en-om-dagen-multivitaminerna f\u00f6r personer \u00f6ver 50 \u00e5r som finns tillg\u00e4ngliga i Storbritannien. Alla de viktigaste mikron\u00e4rings\u00e4mnena ing\u00e5r i optimala niv\u00e5er, inklusive selen och krom \u2013 tv\u00e5 viktiga mineraler som ofta \u00e4r underrepresenterade i multivitaminprodukter.<\/p>\n<p data-start=\"300\" data-end=\"571\">Vitamin D ing\u00e5r i den m\u00e4ngd som nu rekommenderas f\u00f6r personer med begr\u00e4nsad exponering f\u00f6r solljus. Folsyra och vitamin B12 har inkluderats eftersom de anses viktiga f\u00f6r att bibeh\u00e5lla normala homocysteinniv\u00e5er i blodet, och tiamin bidrar till hj\u00e4rtats normala funktion.<\/p>\n<p data-start=\"573\" data-end=\"644\">Produkten inneh\u00e5ller \u00e4ven rosmarin f\u00f6r dess antioxidativa egenskaper.<\/p>\n<p data-start=\"646\" data-end=\"991\" data-is-last-node=\"\" data-is-only-node=\"\">Lutein, som \u00e4r viktigt f\u00f6r \u00f6gonh\u00e4lsan, har tillsatts i en m\u00e4ngd om 2 mg per tablett, tillsammans med riboflavin och zink som bidrar till normal syn. Dessutom inneh\u00e5ller produkten ett h\u00f6gkoncentrerat gurkmejaextrakt i en niv\u00e5 som motsvarar en tesked kulinarisk gurkmeja per tablett, i linje med nypublicerade studier om denna fascinerande krydda.<\/p>\n<p><strong> Dosering<\/strong>: 1 tablett dagligen i samband med m\u00e5ltid.<\/p>\n<table style=\"height: 80px;\" border=\"1\" width=\"621\" cellspacing=\"0\" cellpadding=\"0\">\n<tbody>\n<tr>\n<td valign=\"top\" width=\"30%\"><strong>1 tablett inneh\u00e5ller<\/strong><\/td>\n<td valign=\"top\" width=\"20%\"><strong> M\u00e4ngd<\/strong><\/td>\n<td valign=\"top\" width=\"30%\"><strong>%DRI*<\/strong><\/td>\n<\/tr>\n<tr>\n<td valign=\"top\" width=\"30%\">Vitamin A<\/td>\n<td valign=\"top\" width=\"20%\">800 \u00b5g RE<\/td>\n<td valign=\"top\" width=\"20%\">100 %<\/td>\n<\/tr>\n<tr>\n<td valign=\"top\" width=\"30%\">Vitamin D3<\/td>\n<td valign=\"top\" width=\"20%\">10 \u00b5g<\/td>\n<td valign=\"top\" width=\"20%\">200 %<\/td>\n<\/tr>\n<tr>\n<td valign=\"top\" width=\"30%\">Vitamin E<\/td>\n<td valign=\"top\" width=\"20%\">24 mg a-TE<\/td>\n<td valign=\"top\" width=\"20%\">200 %<\/td>\n<\/tr>\n<tr>\n<td valign=\"top\" width=\"30%\">Vitamin C<\/td>\n<td valign=\"top\" width=\"20%\">120 mg<\/td>\n<td valign=\"top\" width=\"20%\">150 %<\/td>\n<\/tr>\n<tr>\n<td valign=\"top\" width=\"30%\">Tiamin B1<\/td>\n<td valign=\"top\" width=\"20%\">5 mg<\/td>\n<td valign=\"top\" width=\"20%\">455 %<\/td>\n<\/tr>\n<tr>\n<td valign=\"top\" width=\"30%\">Riboflavin B2<\/td>\n<td valign=\"top\" width=\"20%\">4 mg<\/td>\n<td valign=\"top\" width=\"20%\">286 %<\/td>\n<\/tr>\n<tr>\n<td valign=\"top\" width=\"30%\">Niasin B3<\/td>\n<td valign=\"top\" width=\"20%\">16 mg NE<\/td>\n<td valign=\"top\" width=\"20%\">100 %<\/td>\n<\/tr>\n<tr>\n<td valign=\"top\" width=\"30%\">Vitamin B6<\/td>\n<td valign=\"top\" width=\"20%\">10 mg<\/td>\n<td valign=\"top\" width=\"20%\">714 %<\/td>\n<\/tr>\n<tr>\n<td valign=\"top\" width=\"30%\">Folsyra<\/td>\n<td valign=\"top\" width=\"20%\">200 \u00b5g<\/td>\n<td valign=\"top\" width=\"20%\">100 %<\/td>\n<\/tr>\n<tr>\n<td valign=\"top\" width=\"30%\">Vitamin B12<\/td>\n<td valign=\"top\" width=\"20%\">50 \u00b5g<\/td>\n<td valign=\"top\" width=\"20%\">2000 %<\/td>\n<\/tr>\n<tr>\n<td valign=\"top\" width=\"30%\">Biotin<\/td>\n<td valign=\"top\" width=\"20%\">150 \u00b5g<\/td>\n<td valign=\"top\" width=\"20%\">300 %<\/td>\n<\/tr>\n<tr>\n<td valign=\"top\" width=\"30%\">Pantotensyra<\/td>\n<td valign=\"top\" width=\"20%\">12 mg<\/td>\n<td valign=\"top\" width=\"20%\">200 %<\/td>\n<\/tr>\n<tr>\n<td valign=\"top\" width=\"30%\">J\u00e4rn<\/td>\n<td valign=\"top\" width=\"20%\">7 mg<\/td>\n<td valign=\"top\" width=\"20%\">50 %<\/td>\n<\/tr>\n<tr>\n<td valign=\"top\" width=\"30%\">Zink<\/td>\n<td valign=\"top\" width=\"20%\">15 mg<\/td>\n<td valign=\"top\" width=\"20%\">150 %<\/td>\n<\/tr>\n<tr>\n<td valign=\"top\" width=\"30%\">Koppar<\/td>\n<td valign=\"top\" width=\"20%\">1 mg<\/td>\n<td valign=\"top\" width=\"20%\">100 %<\/td>\n<\/tr>\n<tr>\n<td valign=\"top\" width=\"30%\">Mangan<\/td>\n<td valign=\"top\" width=\"20%\">0,5 mg<\/td>\n<td valign=\"top\" width=\"20%\">25 %<\/td>\n<\/tr>\n<tr>\n<td valign=\"top\" width=\"30%\">Selen<\/td>\n<td valign=\"top\" width=\"20%\">110 \u00b5g<\/td>\n<td valign=\"top\" width=\"20%\">200 %<\/td>\n<\/tr>\n<tr>\n<td valign=\"top\" width=\"30%\">Krom<\/td>\n<td valign=\"top\" width=\"20%\">200 \u00b5g<\/td>\n<td valign=\"top\" width=\"20%\">500 %<\/td>\n<\/tr>\n<tr>\n<td valign=\"top\" width=\"30%\">Jod<\/td>\n<td valign=\"top\" width=\"20%\">150 \u00b5g<\/td>\n<td valign=\"top\" width=\"20%\">100 %<\/td>\n<\/tr>\n<tr>\n<td valign=\"top\" width=\"30%\">Kolin<\/td>\n<td valign=\"top\" width=\"20%\">5 mg<\/td>\n<td valign=\"top\" width=\"20%\">**<\/td>\n<\/tr>\n<tr>\n<td valign=\"top\" width=\"30%\">Inositol<\/td>\n<td valign=\"top\" width=\"20%\">5 mg<\/td>\n<td valign=\"top\" width=\"20%\">**<\/td>\n<\/tr>\n<tr>\n<td valign=\"top\" width=\"30%\">PABA<\/td>\n<td valign=\"top\" width=\"20%\">5 mg<\/td>\n<td valign=\"top\" width=\"20%\">**<\/td>\n<\/tr>\n<tr>\n<td valign=\"top\" width=\"30%\">Lutein<\/td>\n<td valign=\"top\" width=\"20%\">2 mg<\/td>\n<td valign=\"top\" width=\"20%\">**<\/td>\n<\/tr>\n<tr>\n<td valign=\"top\" width=\"30%\">Gurkmejaextrakt<\/td>\n<td valign=\"top\" width=\"20%\">50 mg<\/td>\n<td valign=\"top\" width=\"20%\">**<\/td>\n<\/tr>\n<tr>\n<td valign=\"top\" width=\"30%\">Rosmarinextrakt<\/td>\n<td valign=\"top\" width=\"20%\">13 mg<\/td>\n<td valign=\"top\" width=\"20%\">**<\/td>\n<\/tr>\n<tr>\n<td valign=\"top\" width=\"30%\">Druvfr\u00f6extrakt<\/td>\n<td valign=\"top\" width=\"20%\">50 mg<\/td>\n<td valign=\"top\" width=\"20%\">**<\/td>\n<\/tr>\n<\/tbody>\n<\/table>\n<p><strong><em>*DRI \u00e4r dagligt referensintag.**DRI ej fastst\u00e4llt.\u00a0<\/em><\/strong><\/p>\n<p><strong>Ingredienser<\/strong>: Fyllnadsmedel (cellulosa), kalciumkarbonat, vitamin C (askorbinsyra), magnesiumoxid, vitamin E (dl-alfa-tokoferol),<br \/>\ngurkmejerotextrakt (Curcuma longa), druvk\u00e4rneextrakt (Vitis vinifera), zinkcitrat, tablettbel\u00e4ggning (hydroxypropylmetylcellulosa, polydextros,<br \/>\nkalciumkarbonat, f\u00e4rg: j\u00e4rnoxider), klumpf\u00f6rebyggande medel (kiseldioxid, stearinsyra, magnesiumsalter av fettsyror), j\u00e4rn (j\u00e4rnfumarat), vitamin B3<br \/>\n(nikotinamid), vitamin B5 (kalciumpantotenat), rosmarinbladextrakt (Rosmarinus officinalis L.), tv\u00e4rbunden cellulosagummi, vitamin B6<br \/>\n(pyridoxinhydroklorid), kolinbitartrat, luteinkomplex (lutein (Tagetes erecta L.), antioxidant: rosmarinbladextrakt, vitamin A-acetat,<br \/>\nkopparglukonat, vitamin B1 (tiaminmononitrat), vitamin D3 (kolekalciferol), vitamin B12 (cyanokobalamin), para-aminobensoesyra, inositol,<br \/>\nmanganglukonat, vitamin B2 (riboflavin), krompikolinat, selen (natriumselenit, L-selenometionin), folsyra, kaliumjodid, biotin.<\/p>\n<p>Rekommenderad dos b\u00f6r ej \u00f6verskridas.<br \/>\nKosttillskott ers\u00e4tter inte en varierad kost.<br \/>\nProdukten f\u00f6rvaras o\u00e5tkomligt f\u00f6r sm\u00e5 barn.<br \/>\nRekommenderas inte till gravida eller ammande.<\/p>\n<p>&nbsp;<\/p>\n","protected":false},"excerpt":{"rendered":"<ul>\n<li>En av de mest omfattande en-om-dagen-multivitaminerna som finns tillg\u00e4ngliga i Storbritannien.<\/li>\n<li>Inneh\u00e5ller de viktigaste mikron\u00e4rings\u00e4mnena i optimala niv\u00e5er, inklusive selen, krom och vitamin D.<\/li>\n<li>2 mg lutein per tablett f\u00f6r att bidra till att bibeh\u00e5lla \u00f6gonh\u00e4lsan.<\/li>\n<li>Inneh\u00e5ller dessutom motsvarande en tesked gurkmeja per dag.<\/li>\n<li>Berikad med rosmarin f\u00f6r dess antioxidativa egenskaper.<\/li>\n<\/ul>\n<p><strong>60 tabletter<\/strong><\/p>\n","protected":false},"featured_media":10202,"comment_status":"open","ping_status":"closed","template":"","meta":{"_kad_blocks_custom_css":"","_kad_blocks_head_custom_js":"","_kad_blocks_body_custom_js":"","_kad_blocks_footer_custom_js":"","_kadence_starter_templates_imported_post":false,"_kad_post_transparent":"default","_kad_post_title":"","_kad_post_layout":"default","_kad_post_sidebar_id":"","_kad_post_content_style":"default","_kad_post_vertical_padding":"default","_kad_post_feature":"","_kad_post_feature_position":"","_kad_post_header":false,"_kad_post_footer":false,"_kad_post_classname":""},"product_brand":[],"product_cat":[1234,281,2806],"product_tag":[2015,2427,205,2429,1112,441,2428,1791,2335,1648,1468,1028,285,1553,494,1165,2351,2430,1516,1207,1209,1210],"class_list":{"0":"post-10138","1":"product","2":"type-product","3":"status-publish","4":"has-post-thumbnail","6":"product_cat-lamberts","7":"product_cat-mineraler","8":"product_cat-multi-vitamin","9":"product_tag-aldrande","10":"product_tag-allsidig-naring","11":"product_tag-antioxidant","12":"product_tag-battre-upptag","13":"product_tag-energi","14":"product_tag-folsyra","15":"product_tag-forbattrad-energi","16":"product_tag-hallbar-halsa","17":"product_tag-halsofordelar","18":"product_tag-hjarthalsa","19":"product_tag-hudhalsa","20":"product_tag-immunforsvar","21":"product_tag-kosttillskott","22":"product_tag-mental-halsa","23":"product_tag-mineraler","24":"product_tag-multivitamin","25":"product_tag-stod-for-ben","26":"product_tag-stod-for-nervsystem","27":"product_tag-vegetarisk","28":"product_tag-vitamin-b12","29":"product_tag-vitamin-c","30":"product_tag-vitamin-d","32":"first","33":"instock","34":"taxable","35":"shipping-taxable","36":"purchasable","37":"product-type-simple","38":"entry","39":"content-bg","40":"loop-entry"},"taxonomy_info":{"product_cat":[{"value":1234,"label":"Lamberts"},{"value":281,"label":"Mineraler"},{"value":2806,"label":"Multi-vitamin"}],"product_tag":[{"value":2015,"label":"\u00e5ldrande"},{"value":2427,"label":"Allsidig n\u00e4ring"},{"value":205,"label":"antioxidant"},{"value":2429,"label":"B\u00e4ttre upptag"},{"value":1112,"label":"energi"},{"value":441,"label":"folsyra"},{"value":2428,"label":"F\u00f6rb\u00e4ttrad energi"},{"value":1791,"label":"H\u00e5llbar h\u00e4lsa"},{"value":2335,"label":"H\u00e4lsof\u00f6rdelar"},{"value":1648,"label":"hj\u00e4rth\u00e4lsa"},{"value":1468,"label":"Hudh\u00e4lsa"},{"value":1028,"label":"immunf\u00f6rsvar"},{"value":285,"label":"kosttillskott"},{"value":1553,"label":"Mental h\u00e4lsa"},{"value":494,"label":"Mineraler"},{"value":1165,"label":"multivitamin"},{"value":2351,"label":"St\u00f6d f\u00f6r ben"},{"value":2430,"label":"St\u00f6d f\u00f6r nervsystem"},{"value":1516,"label":"vegetarisk"},{"value":1207,"label":"Vitamin B12"},{"value":1209,"label":"Vitamin C"},{"value":1210,"label":"vitamin d"}]},"featured_image_src_large":["https:\/\/vitaminbutiken.com\/wp-content\/uploads\/2025\/03\/8432-multiguard-advance-780x700.jpg",780,700,true],"author_info":[],"comment_info":0,"_links":{"self":[{"href":"https:\/\/vitaminbutiken.com\/en\/wp-json\/wp\/v2\/product\/10138","targetHints":{"allow":["GET"]}}],"collection":[{"href":"https:\/\/vitaminbutiken.com\/en\/wp-json\/wp\/v2\/product"}],"about":[{"href":"https:\/\/vitaminbutiken.com\/en\/wp-json\/wp\/v2\/types\/product"}],"replies":[{"embeddable":true,"href":"https:\/\/vitaminbutiken.com\/en\/wp-json\/wp\/v2\/comments?post=10138"}],"wp:featuredmedia":[{"embeddable":true,"href":"https:\/\/vitaminbutiken.com\/en\/wp-json\/wp\/v2\/media\/10202"}],"wp:attachment":[{"href":"https:\/\/vitaminbutiken.com\/en\/wp-json\/wp\/v2\/media?parent=10138"}],"wp:term":[{"taxonomy":"product_brand","embeddable":true,"href":"https:\/\/vitaminbutiken.com\/en\/wp-json\/wp\/v2\/product_brand?post=10138"},{"taxonomy":"product_cat","embeddable":true,"href":"https:\/\/vitaminbutiken.com\/en\/wp-json\/wp\/v2\/product_cat?post=10138"},{"taxonomy":"product_tag","embeddable":true,"href":"https:\/\/vitaminbutiken.com\/en\/wp-json\/wp\/v2\/product_tag?post=10138"}],"curies":[{"name":"wp","href":"https:\/\/api.w.org\/{rel}","templated":true}]}}