{"id":10137,"date":"2025-03-19T16:21:01","date_gmt":"2025-03-19T14:21:01","guid":{"rendered":"https:\/\/vitaminbutiken.multi.fi\/?post_type=product&#038;p=10137"},"modified":"2026-03-31T12:36:20","modified_gmt":"2026-03-31T10:36:20","slug":"multi-max-lamberts","status":"publish","type":"product","link":"https:\/\/vitaminbutiken.com\/en\/produkt\/multi-max-lamberts\/","title":{"rendered":"Multi-Max\u00ae &#8211; Lamberts"},"content":{"rendered":"<p data-start=\"0\" data-end=\"347\">Detta \u00e4r en h\u00f6gdoserad en-om-dagen-multivitamin, speciellt framtagen f\u00f6r personer \u00f6ver 50 \u00e5r. Nya kostunders\u00f6kningar i Storbritannien har visat att en betydande andel av befolkningen \u00f6ver 50 \u00e5r inte uppn\u00e5r NRV* f\u00f6r vissa mikron\u00e4rings\u00e4mnen. S\u00e4rskilt oroande i denna \u00e5ldersgrupp \u00e4r brister p\u00e5 vitamin D, vitamin B12 samt sp\u00e5r\u00e4mnena zink och selen.<\/p>\n<p data-start=\"349\" data-end=\"616\">V\u00e5r nyare formula, Multi-guard\u00ae Advance, \u00e4r en liknande produkt men inneh\u00e5ller \u00e4ven v\u00e4xtbaserade fyton\u00e4rings\u00e4mnen samt lutein. D\u00e4remot har denna ursprungliga Multi-Max\u00ae-formula h\u00f6gre halter av B-vitaminer, vilket g\u00f6r att den kan anv\u00e4ndas ist\u00e4llet f\u00f6r ett B-komplex.<\/p>\n<p data-start=\"618\" data-end=\"805\" data-is-last-node=\"\" data-is-only-node=\"\">B\u00e5da dessa multivitaminformulor inneh\u00e5ller ett mycket omfattande spektrum av essentiella sp\u00e5rmineraler, med potenta niv\u00e5er som st\u00f6djer \u00e4ven den mest n\u00e4ringsm\u00e4ssigt komprometterade kosten.<\/p>\n<p><strong> Dosering<\/strong>: 1 tablett dagligen i samband med m\u00e5ltid.<\/p>\n<table style=\"height: 80px;\" border=\"1\" width=\"621\" cellspacing=\"0\" cellpadding=\"0\">\n<tbody>\n<tr>\n<td valign=\"top\" width=\"30%\"><strong>1 tablett inneh\u00e5ller<\/strong><\/td>\n<td valign=\"top\" width=\"20%\"><strong> M\u00e4ngd<\/strong><\/td>\n<td valign=\"top\" width=\"30%\"><strong>%DRI*<\/strong><\/td>\n<\/tr>\n<tr>\n<td valign=\"top\" width=\"30%\">Vitamin A<\/td>\n<td valign=\"top\" width=\"20%\">781 \u00b5g RE<\/td>\n<td valign=\"top\" width=\"20%\">98 %<\/td>\n<\/tr>\n<tr>\n<td valign=\"top\" width=\"30%\">Vitamin D3<\/td>\n<td valign=\"top\" width=\"20%\">10 \u00b5g<\/td>\n<td valign=\"top\" width=\"20%\">200 %<\/td>\n<\/tr>\n<tr>\n<td valign=\"top\" width=\"30%\">Vitamin E<\/td>\n<td valign=\"top\" width=\"20%\">100 mg a-TE<\/td>\n<td valign=\"top\" width=\"20%\">833 %<\/td>\n<\/tr>\n<tr>\n<td valign=\"top\" width=\"30%\">Vitamin C<\/td>\n<td valign=\"top\" width=\"20%\">150 mg<\/td>\n<td valign=\"top\" width=\"20%\">188 %<\/td>\n<\/tr>\n<tr>\n<td valign=\"top\" width=\"30%\">Tiamin B1<\/td>\n<td valign=\"top\" width=\"20%\">25 mg<\/td>\n<td valign=\"top\" width=\"20%\">2273 %<\/td>\n<\/tr>\n<tr>\n<td valign=\"top\" width=\"30%\">Riboflavin B2<\/td>\n<td valign=\"top\" width=\"20%\">25 mg<\/td>\n<td valign=\"top\" width=\"20%\">1786 %<\/td>\n<\/tr>\n<tr>\n<td valign=\"top\" width=\"30%\">Niasin B3<\/td>\n<td valign=\"top\" width=\"20%\">25 mg NE<\/td>\n<td valign=\"top\" width=\"20%\">156 %<\/td>\n<\/tr>\n<tr>\n<td valign=\"top\" width=\"30%\">Vitamin B6<\/td>\n<td valign=\"top\" width=\"20%\">10 mg<\/td>\n<td valign=\"top\" width=\"20%\">714 %<\/td>\n<\/tr>\n<tr>\n<td valign=\"top\" width=\"30%\">Folsyra<\/td>\n<td valign=\"top\" width=\"20%\">200 \u00b5g<\/td>\n<td valign=\"top\" width=\"20%\">100 %<\/td>\n<\/tr>\n<tr>\n<td valign=\"top\" width=\"30%\">Vitamin B12<\/td>\n<td valign=\"top\" width=\"20%\">10 \u00b5g<\/td>\n<td valign=\"top\" width=\"20%\">400 %<\/td>\n<\/tr>\n<tr>\n<td valign=\"top\" width=\"30%\">Biotin<\/td>\n<td valign=\"top\" width=\"20%\">150 \u00b5g<\/td>\n<td valign=\"top\" width=\"20%\">300 %<\/td>\n<\/tr>\n<tr>\n<td valign=\"top\" width=\"30%\">Pantotensyra<\/td>\n<td valign=\"top\" width=\"20%\">25 mg<\/td>\n<td valign=\"top\" width=\"20%\">417 %<\/td>\n<\/tr>\n<tr>\n<td valign=\"top\" width=\"30%\">J\u00e4rn<\/td>\n<td valign=\"top\" width=\"20%\">14 mg<\/td>\n<td valign=\"top\" width=\"20%\">100 %<\/td>\n<\/tr>\n<tr>\n<td valign=\"top\" width=\"30%\">Zink<\/td>\n<td valign=\"top\" width=\"20%\">15 mg<\/td>\n<td valign=\"top\" width=\"20%\">150 %<\/td>\n<\/tr>\n<tr>\n<td valign=\"top\" width=\"30%\">Koppar<\/td>\n<td valign=\"top\" width=\"20%\">1,2 mg<\/td>\n<td valign=\"top\" width=\"20%\">120 %<\/td>\n<\/tr>\n<tr>\n<td valign=\"top\" width=\"30%\">Mangan<\/td>\n<td valign=\"top\" width=\"20%\">0,5 mg<\/td>\n<td valign=\"top\" width=\"20%\">25 %<\/td>\n<\/tr>\n<tr>\n<td valign=\"top\" width=\"30%\">Selen<\/td>\n<td valign=\"top\" width=\"20%\">110 \u00b5g<\/td>\n<td valign=\"top\" width=\"20%\">200 %<\/td>\n<\/tr>\n<tr>\n<td valign=\"top\" width=\"30%\">Krom<\/td>\n<td valign=\"top\" width=\"20%\">200 \u00b5g<\/td>\n<td valign=\"top\" width=\"20%\">500 %<\/td>\n<\/tr>\n<tr>\n<td valign=\"top\" width=\"30%\">Molybden<\/td>\n<td valign=\"top\" width=\"20%\">200 \u00b5g<\/td>\n<td valign=\"top\" width=\"20%\">400 %<\/td>\n<\/tr>\n<tr>\n<td valign=\"top\" width=\"30%\">Jod<\/td>\n<td valign=\"top\" width=\"20%\">150 \u00b5g<\/td>\n<td valign=\"top\" width=\"20%\">100 %<\/td>\n<\/tr>\n<tr>\n<td valign=\"top\" width=\"30%\">Kolin<\/td>\n<td valign=\"top\" width=\"20%\">25 mg<\/td>\n<td valign=\"top\" width=\"20%\">**<\/td>\n<\/tr>\n<tr>\n<td valign=\"top\" width=\"30%\">Inositol<\/td>\n<td valign=\"top\" width=\"20%\">25 mg<\/td>\n<td valign=\"top\" width=\"20%\">**<\/td>\n<\/tr>\n<tr>\n<td valign=\"top\" width=\"30%\">PABA<\/td>\n<td valign=\"top\" width=\"20%\">25 mg<\/td>\n<td valign=\"top\" width=\"20%\">**<\/td>\n<\/tr>\n<tr>\n<td valign=\"top\" width=\"30%\">Druvf\u00f6<br \/>\n(Som 4,17 mg av ett 120:1 extrakt)<\/td>\n<td valign=\"top\" width=\"20%\">500 mg<\/td>\n<td valign=\"top\" width=\"20%\">**<\/td>\n<\/tr>\n<\/tbody>\n<\/table>\n<p><strong><em>*DRI \u00e4r dagligt referensintag.**DRI ej fastst\u00e4llt.<\/em><\/strong><\/p>\n<p><strong>Ingredienser<\/strong>: Fyllnadsmedel (cellulosa), vitamin E (dl-alfa-tokoferol acetat), dikalciumfosfat, vitamin C (askorbinsyra), zinkglukonat,<br \/>\nmagnesiumoxid, tablettbel\u00e4ggning (kalciumkarbonat, isomalt, hydroxypropylmetylcellulosa, f\u00e4rg\u00e4mnen: j\u00e4rnoxider), j\u00e4rn<br \/>\n(j\u00e4rnfumarat), klumpf\u00f6rebyggande medel (kiseldioxid, stearinsyra, magnesiumsalter av fettsyror), vitamin B1 (tiaminmononitrat),<br \/>\nvitamin B5 (kalciumpantotenat), vitamin B2 (riboflavin), vitamin B3 (nikotinamid), para-aminobensoesyra, kolinbitartrat, inositol, vitamin<br \/>\nB6 (pyridoxinhydroklorid), vitamin A-acetat, kopparglukonat, vitamin D3 (kolekalciferol), mangan glukonat, druvk\u00e4rneextrakt (vitis<br \/>\nvinifera), krompikolinat, selen (L-selenometionin, natriumselenit), vitamin B12 (cyanokobalamin), natriummolybdat, folsyra, kaliumjodid, biotin.<\/p>\n<p>Rekommenderad dos b\u00f6r ej \u00f6verskridas.<br \/>\nKosttillskott ers\u00e4tter inte en varierad kost.<br \/>\nProdukten f\u00f6rvaras o\u00e5tkomligt f\u00f6r sm\u00e5 barn.<br \/>\nRekommenderas inte till gravida eller ammande.<\/p>\n","protected":false},"excerpt":{"rendered":"<ul>\n<li>En h\u00f6gdoserad en-om-dagen-multivitamin, speciellt framtagen f\u00f6r personer \u00f6ver 50 \u00e5r.<\/li>\n<li>B-vitaminerna i denna ursprungliga Multi-Max\u00ae-formula \u00e4r h\u00f6ga, vilket g\u00f6r att den kan anv\u00e4ndas ist\u00e4llet f\u00f6r ett B-komplex.<\/li>\n<li>B\u00e5da v\u00e5ra Multi-Max\u00ae-formulor inneh\u00e5ller ett mycket omfattande spektrum av essentiella sp\u00e5rmineraler.<\/li>\n<li>Inneh\u00e5ller potenta niv\u00e5er som st\u00f6djer \u00e4ven den mest n\u00e4ringsm\u00e4ssigt komprometterade kosten.<\/li>\n<li>Multi-Max\u00ae kan tas tillsammans med Osteoguard\u00ae om extra kalcium och magnesium beh\u00f6vs.<\/li>\n<\/ul>\n<p><strong>60 tabletter<\/strong><\/p>\n","protected":false},"featured_media":10200,"comment_status":"open","ping_status":"closed","template":"","meta":{"_kad_blocks_custom_css":"","_kad_blocks_head_custom_js":"","_kad_blocks_body_custom_js":"","_kad_blocks_footer_custom_js":"","_kadence_starter_templates_imported_post":false,"_kad_post_transparent":"default","_kad_post_title":"","_kad_post_layout":"default","_kad_post_sidebar_id":"","_kad_post_content_style":"default","_kad_post_vertical_padding":"default","_kad_post_feature":"","_kad_post_feature_position":"","_kad_post_header":false,"_kad_post_footer":false,"_kad_post_classname":""},"product_brand":[],"product_cat":[1234,281,2822,2821,2806,155],"product_tag":[2426,2427,205,1645,1112,441,2428,1791,2335,1648,1468,1028,285,1553,494,1165,1674,1516,1207,1209,1210],"class_list":{"0":"post-10137","1":"product","2":"type-product","3":"status-publish","4":"has-post-thumbnail","6":"product_cat-lamberts","7":"product_cat-mineraler","8":"product_cat-multi-produkter","9":"product_cat-multi-mineral","10":"product_cat-multi-vitamin","11":"product_cat-vitaminer","12":"product_tag-alla-aldrar","13":"product_tag-allsidig-naring","14":"product_tag-antioxidant","15":"product_tag-benhalsa","16":"product_tag-energi","17":"product_tag-folsyra","18":"product_tag-forbattrad-energi","19":"product_tag-hallbar-halsa","20":"product_tag-halsofordelar","21":"product_tag-hjarthalsa","22":"product_tag-hudhalsa","23":"product_tag-immunforsvar","24":"product_tag-kosttillskott","25":"product_tag-mental-halsa","26":"product_tag-mineraler","27":"product_tag-multivitamin","28":"product_tag-stod-for-nervsystemet","29":"product_tag-vegetarisk","30":"product_tag-vitamin-b12","31":"product_tag-vitamin-c","32":"product_tag-vitamin-d","34":"first","35":"instock","36":"taxable","37":"shipping-taxable","38":"purchasable","39":"product-type-simple","40":"entry","41":"content-bg","42":"loop-entry"},"taxonomy_info":{"product_cat":[{"value":1234,"label":"Lamberts"},{"value":281,"label":"Mineraler"},{"value":2822,"label":"Multi produkter"},{"value":2821,"label":"Multi-mineral"},{"value":2806,"label":"Multi-vitamin"},{"value":155,"label":"Vitaminer"}],"product_tag":[{"value":2426,"label":"Alla \u00e5ldrar"},{"value":2427,"label":"Allsidig n\u00e4ring"},{"value":205,"label":"antioxidant"},{"value":1645,"label":"Benh\u00e4lsa"},{"value":1112,"label":"energi"},{"value":441,"label":"folsyra"},{"value":2428,"label":"F\u00f6rb\u00e4ttrad energi"},{"value":1791,"label":"H\u00e5llbar h\u00e4lsa"},{"value":2335,"label":"H\u00e4lsof\u00f6rdelar"},{"value":1648,"label":"hj\u00e4rth\u00e4lsa"},{"value":1468,"label":"Hudh\u00e4lsa"},{"value":1028,"label":"immunf\u00f6rsvar"},{"value":285,"label":"kosttillskott"},{"value":1553,"label":"Mental h\u00e4lsa"},{"value":494,"label":"Mineraler"},{"value":1165,"label":"multivitamin"},{"value":1674,"label":"St\u00f6d f\u00f6r nervsystemet"},{"value":1516,"label":"vegetarisk"},{"value":1207,"label":"Vitamin B12"},{"value":1209,"label":"Vitamin C"},{"value":1210,"label":"vitamin d"}]},"featured_image_src_large":["https:\/\/vitaminbutiken.com\/wp-content\/uploads\/2025\/03\/8431-multimax-780x700.jpg",780,700,true],"author_info":[],"comment_info":0,"_links":{"self":[{"href":"https:\/\/vitaminbutiken.com\/en\/wp-json\/wp\/v2\/product\/10137","targetHints":{"allow":["GET"]}}],"collection":[{"href":"https:\/\/vitaminbutiken.com\/en\/wp-json\/wp\/v2\/product"}],"about":[{"href":"https:\/\/vitaminbutiken.com\/en\/wp-json\/wp\/v2\/types\/product"}],"replies":[{"embeddable":true,"href":"https:\/\/vitaminbutiken.com\/en\/wp-json\/wp\/v2\/comments?post=10137"}],"wp:featuredmedia":[{"embeddable":true,"href":"https:\/\/vitaminbutiken.com\/en\/wp-json\/wp\/v2\/media\/10200"}],"wp:attachment":[{"href":"https:\/\/vitaminbutiken.com\/en\/wp-json\/wp\/v2\/media?parent=10137"}],"wp:term":[{"taxonomy":"product_brand","embeddable":true,"href":"https:\/\/vitaminbutiken.com\/en\/wp-json\/wp\/v2\/product_brand?post=10137"},{"taxonomy":"product_cat","embeddable":true,"href":"https:\/\/vitaminbutiken.com\/en\/wp-json\/wp\/v2\/product_cat?post=10137"},{"taxonomy":"product_tag","embeddable":true,"href":"https:\/\/vitaminbutiken.com\/en\/wp-json\/wp\/v2\/product_tag?post=10137"}],"curies":[{"name":"wp","href":"https:\/\/api.w.org\/{rel}","templated":true}]}}