{"id":10136,"date":"2025-03-19T16:21:01","date_gmt":"2025-03-19T14:21:01","guid":{"rendered":"https:\/\/vitaminbutiken.multi.fi\/?post_type=product&#038;p=10136"},"modified":"2026-03-27T08:36:14","modified_gmt":"2026-03-27T07:36:14","slug":"a-z-multi-lamberts","status":"publish","type":"product","link":"https:\/\/vitaminbutiken.com\/en\/produkt\/a-z-multi-lamberts\/","title":{"rendered":"A-Z Multi &#8211; Lamberts"},"content":{"rendered":"<p data-start=\"0\" data-end=\"229\">Lamberts\u00ae A-Z Multi \u00e4r en en-om-dagen-formula som inneh\u00e5ller alla viktiga mikron\u00e4rings\u00e4mnen, m\u00e5nga vid 100 % av NRV*. N\u00e4r det g\u00e4ller vitamin D har vi dock inkluderat dubbel m\u00e4ngd av NRV*, den niv\u00e5 som allt oftare rekommenderas.<\/p>\n<p data-start=\"231\" data-end=\"552\">Detta \u00e4r ett praktiskt tillskott f\u00f6r dagligt underh\u00e5ll och \u00e4r l\u00e4mpligt f\u00f6r personer fr\u00e5n 13 \u00e5r och upp\u00e5t. Det fungerar s\u00e4rskilt bra som ett l\u00e5ngtidsanv\u00e4nt tillskott f\u00f6r ton\u00e5ringar. Produkten inneh\u00e5ller \u00e4ven en betydande m\u00e4ngd j\u00e4rn, en mineral som \u00e4r s\u00e4rskilt viktig f\u00f6r unga kvinnor, s\u00e4rskilt om de \u00e4ter lite r\u00f6tt k\u00f6tt.<\/p>\n<p data-start=\"554\" data-end=\"685\" data-is-last-node=\"\" data-is-only-node=\"\">Detta tillskott \u00e4r ett prisv\u00e4rt s\u00e4tt att s\u00e4kerst\u00e4lla att intaget av viktiga mikron\u00e4rings\u00e4mnen n\u00e5r den rekommenderade dagliga niv\u00e5n.<\/p>\n<p><strong> Dosering<\/strong>: 1 tablett dagligen i samband med m\u00e5ltid.<\/p>\n<table style=\"height: 80px;\" border=\"1\" width=\"621\" cellspacing=\"0\" cellpadding=\"0\">\n<tbody>\n<tr>\n<td valign=\"top\" width=\"30%\"><strong>1 tablett inneh\u00e5ller<\/strong><\/td>\n<td valign=\"top\" width=\"20%\"><strong> M\u00e4ngd<\/strong><\/td>\n<td valign=\"top\" width=\"30%\"><strong>%DRI*<\/strong><\/td>\n<\/tr>\n<tr>\n<td valign=\"top\" width=\"30%\">Vitamin A<\/td>\n<td valign=\"top\" width=\"20%\">800 \u00b5g<\/td>\n<td valign=\"top\" width=\"20%\">100 %<\/td>\n<\/tr>\n<tr>\n<td valign=\"top\" width=\"30%\">Vitamin D3<\/td>\n<td valign=\"top\" width=\"20%\">10 \u00b5g<\/td>\n<td valign=\"top\" width=\"20%\">200 %<\/td>\n<\/tr>\n<tr>\n<td valign=\"top\" width=\"30%\">Vitamin E<\/td>\n<td valign=\"top\" width=\"20%\">12 mg<\/td>\n<td valign=\"top\" width=\"20%\">100 %<\/td>\n<\/tr>\n<tr>\n<td valign=\"top\" width=\"30%\">Vitamin K<\/td>\n<td valign=\"top\" width=\"20%\">75 \u00b5g<\/td>\n<td valign=\"top\" width=\"20%\">100 %<\/td>\n<\/tr>\n<tr>\n<td valign=\"top\" width=\"30%\">Vitamin C<\/td>\n<td valign=\"top\" width=\"20%\">80 mg<\/td>\n<td valign=\"top\" width=\"20%\">100 %<\/td>\n<\/tr>\n<tr>\n<td valign=\"top\" width=\"30%\">Tiamin B1<\/td>\n<td valign=\"top\" width=\"20%\">2,2 mg<\/td>\n<td valign=\"top\" width=\"20%\">200 %<\/td>\n<\/tr>\n<tr>\n<td valign=\"top\" width=\"30%\">Riboflavin B2<\/td>\n<td valign=\"top\" width=\"20%\">2,8 mg<\/td>\n<td valign=\"top\" width=\"20%\">200 %<\/td>\n<\/tr>\n<tr>\n<td valign=\"top\" width=\"30%\">Niasin B3<\/td>\n<td valign=\"top\" width=\"20%\">32 mg<\/td>\n<td valign=\"top\" width=\"20%\">200 %<\/td>\n<\/tr>\n<tr>\n<td valign=\"top\" width=\"30%\">Vitamin B6<\/td>\n<td valign=\"top\" width=\"20%\">2,8 mg<\/td>\n<td valign=\"top\" width=\"20%\">200 %<\/td>\n<\/tr>\n<tr>\n<td valign=\"top\" width=\"30%\">Folsyra<\/td>\n<td valign=\"top\" width=\"20%\">200 \u00b5g<\/td>\n<td valign=\"top\" width=\"20%\">100 %<\/td>\n<\/tr>\n<tr>\n<td valign=\"top\" width=\"30%\">Vitamin B12<\/td>\n<td valign=\"top\" width=\"20%\">5 \u00b5g<\/td>\n<td valign=\"top\" width=\"20%\">200 %<\/td>\n<\/tr>\n<tr>\n<td valign=\"top\" width=\"30%\">Biotin<\/td>\n<td valign=\"top\" width=\"20%\">100 \u00b5g<\/td>\n<td valign=\"top\" width=\"20%\">200 %<\/td>\n<\/tr>\n<tr>\n<td valign=\"top\" width=\"30%\">Pantotensyra B5<\/td>\n<td valign=\"top\" width=\"20%\">12 mg<\/td>\n<td valign=\"top\" width=\"20%\">200 %<\/td>\n<\/tr>\n<tr>\n<td valign=\"top\" width=\"30%\">Kalcium<\/td>\n<td valign=\"top\" width=\"20%\">200 mg<\/td>\n<td valign=\"top\" width=\"20%\">25 %<\/td>\n<\/tr>\n<tr>\n<td valign=\"top\" width=\"30%\">Magnesium<\/td>\n<td valign=\"top\" width=\"20%\">100 mg<\/td>\n<td valign=\"top\" width=\"20%\">27 %<\/td>\n<\/tr>\n<tr>\n<td valign=\"top\" width=\"30%\">J\u00e4rn<\/td>\n<td valign=\"top\" width=\"20%\">14 mg<\/td>\n<td valign=\"top\" width=\"20%\">100 %<\/td>\n<\/tr>\n<tr>\n<td valign=\"top\" width=\"30%\">Zink<\/td>\n<td valign=\"top\" width=\"20%\">15 mg<\/td>\n<td valign=\"top\" width=\"20%\">150 %<\/td>\n<\/tr>\n<tr>\n<td valign=\"top\" width=\"30%\">Koppar<\/td>\n<td valign=\"top\" width=\"20%\">1 mg<\/td>\n<td valign=\"top\" width=\"20%\">100 %<\/td>\n<\/tr>\n<tr>\n<td valign=\"top\" width=\"30%\">Mangan<\/td>\n<td valign=\"top\" width=\"20%\">0,3 mg<\/td>\n<td valign=\"top\" width=\"20%\">15 %<\/td>\n<\/tr>\n<tr>\n<td valign=\"top\" width=\"30%\">Selen<\/td>\n<td valign=\"top\" width=\"20%\">55 \u00b5g<\/td>\n<td valign=\"top\" width=\"20%\">100 %<\/td>\n<\/tr>\n<tr>\n<td valign=\"top\" width=\"30%\">Krom<\/td>\n<td valign=\"top\" width=\"20%\">50 \u00b5g<\/td>\n<td valign=\"top\" width=\"20%\">125 %<\/td>\n<\/tr>\n<tr>\n<td valign=\"top\" width=\"30%\">Jod<\/td>\n<td valign=\"top\" width=\"20%\">150 \u00b5g<\/td>\n<td valign=\"top\" width=\"20%\">100 %<\/td>\n<\/tr>\n<tr>\n<td valign=\"top\" width=\"30%\">Kisel<\/td>\n<td valign=\"top\" width=\"20%\">2 mg<\/td>\n<td valign=\"top\" width=\"20%\">**<\/td>\n<\/tr>\n<\/tbody>\n<\/table>\n<p><strong><em>*DRI \u00e4r dagligt referensintag.**DRI ej fastst\u00e4llt.<\/em><\/strong><\/p>\n<p><strong>Ingredienser<\/strong>: Kalciumkarbonat, dikalciumfosfat, magnesiumoxid, vitamin C (askorbinsyra), cellulosa, kaliumklorid, j\u00e4rn (j\u00e4rnfumarat),<br \/>\ntablettbel\u00e4ggning (hydroxypropylmetylcellulosa, glansmedel: polydextros, kalciumkarbonat, f\u00e4rg: j\u00e4rnoxider), vitamin B3<br \/>\n(nikotinamid), tv\u00e4rbunden cellulosagummi, hydroxypropylcellulosa, zinkoxid, vitamin E (d-alfa-tokoferol), vitamin B5 (kalcium<br \/>\npantotenat), klumpf\u00f6rebyggande medel (magnesiumsalter av fettsyror, kiseldioxid, stearinsyra), vitamin A-acetat*, vitamin D3*,<br \/>\nvitamin B6 (pyridoxinhydroklorid), vitamin B2 (riboflavin), vitamin B1 (tiaminmononitrat), kopparsulfat, kromklorid, vitamin K1,<br \/>\nmangansulfat, vitamin B12 (cyanokobalamin), folsyra, kaliumjodid, natriumselenit, biotin.<br \/>\n*Med antioxidant dl-alfa-tokoferol.<\/p>\n<p>Rekommenderad dos b\u00f6r ej \u00f6verskridas.<br \/>\nKosttillskott ers\u00e4tter inte en varierad kost.<br \/>\nProdukten f\u00f6rvaras o\u00e5tkomligt f\u00f6r sm\u00e5 barn.<br \/>\nRekommenderas inte till gravida eller ammande<\/p>\n","protected":false},"excerpt":{"rendered":"<ul>\n<li>En en-om-dagen-formula<\/li>\n<li>Inneh\u00e5ller alla viktiga mikron\u00e4rings\u00e4mnen, m\u00e5nga vid 100 % av NRV*<\/li>\n<li>Dubbel m\u00e4ngd av NRV* f\u00f6r vitamin D \u2013 den niv\u00e5 som allt oftare rekommenderas<\/li>\n<li>Ett prisv\u00e4rt s\u00e4tt att s\u00e4kerst\u00e4lla att intaget av viktiga mikron\u00e4rings\u00e4mnen n\u00e5r den dagliga rekommenderade niv\u00e5n<\/li>\n<\/ul>\n<p><strong>60 tabletter\u00a0<\/strong><\/p>\n","protected":false},"featured_media":10198,"comment_status":"open","ping_status":"closed","template":"","meta":{"_kad_blocks_custom_css":"","_kad_blocks_head_custom_js":"","_kad_blocks_body_custom_js":"","_kad_blocks_footer_custom_js":"","_kadence_starter_templates_imported_post":false,"_kad_post_transparent":"default","_kad_post_title":"","_kad_post_layout":"default","_kad_post_sidebar_id":"","_kad_post_content_style":"default","_kad_post_vertical_padding":"default","_kad_post_feature":"","_kad_post_feature_position":"","_kad_post_header":false,"_kad_post_footer":false,"_kad_post_classname":""},"product_brand":[],"product_cat":[1234,281,2822,2821,2806,155],"product_tag":[205,1645,2422,1112,2403,2423,2424,2425,1447,1648,1468,1028,285,1553,494,1165,826,2094,1209,1210,1211,714],"class_list":{"0":"post-10136","1":"product","2":"type-product","3":"status-publish","4":"has-post-thumbnail","6":"product_cat-lamberts","7":"product_cat-mineraler","8":"product_cat-multi-produkter","9":"product_cat-multi-mineral","10":"product_cat-multi-vitamin","11":"product_cat-vitaminer","12":"product_tag-antioxidant","13":"product_tag-benhalsa","14":"product_tag-daglig-anvandning","15":"product_tag-energi","16":"product_tag-for-alla-aldrar","17":"product_tag-forbattrad-halsa","18":"product_tag-forbattrad-valmaende","19":"product_tag-grundlaggande-naring","20":"product_tag-harhalsa","21":"product_tag-hjarthalsa","22":"product_tag-hudhalsa","23":"product_tag-immunforsvar","24":"product_tag-kosttillskott","25":"product_tag-mental-halsa","26":"product_tag-mineraler","27":"product_tag-multivitamin","28":"product_tag-vitamin-a","29":"product_tag-vitamin-b-komplex","30":"product_tag-vitamin-c","31":"product_tag-vitamin-d","32":"product_tag-vitamin-e","33":"product_tag-vitamin-k","35":"first","36":"instock","37":"taxable","38":"shipping-taxable","39":"purchasable","40":"product-type-simple","41":"entry","42":"content-bg","43":"loop-entry"},"taxonomy_info":{"product_cat":[{"value":1234,"label":"Lamberts"},{"value":281,"label":"Mineraler"},{"value":2822,"label":"Multi produkter"},{"value":2821,"label":"Multi-mineral"},{"value":2806,"label":"Multi-vitamin"},{"value":155,"label":"Vitaminer"}],"product_tag":[{"value":205,"label":"antioxidant"},{"value":1645,"label":"Benh\u00e4lsa"},{"value":2422,"label":"Daglig anv\u00e4ndning"},{"value":1112,"label":"energi"},{"value":2403,"label":"F\u00f6r alla \u00e5ldrar."},{"value":2423,"label":"F\u00f6rb\u00e4ttrad h\u00e4lsa"},{"value":2424,"label":"F\u00f6rb\u00e4ttrad v\u00e4lm\u00e5ende"},{"value":2425,"label":"Grundl\u00e4ggande n\u00e4ring"},{"value":1447,"label":"H\u00e5rh\u00e4lsa"},{"value":1648,"label":"hj\u00e4rth\u00e4lsa"},{"value":1468,"label":"Hudh\u00e4lsa"},{"value":1028,"label":"immunf\u00f6rsvar"},{"value":285,"label":"kosttillskott"},{"value":1553,"label":"Mental h\u00e4lsa"},{"value":494,"label":"Mineraler"},{"value":1165,"label":"multivitamin"},{"value":826,"label":"vitamin A"},{"value":2094,"label":"Vitamin B-komplex"},{"value":1209,"label":"Vitamin C"},{"value":1210,"label":"vitamin d"},{"value":1211,"label":"Vitamin E"},{"value":714,"label":"vitamin K"}]},"featured_image_src_large":["https:\/\/vitaminbutiken.com\/wp-content\/uploads\/2025\/03\/8429-A-Z-multi-780x700.jpg",780,700,true],"author_info":[],"comment_info":0,"_links":{"self":[{"href":"https:\/\/vitaminbutiken.com\/en\/wp-json\/wp\/v2\/product\/10136","targetHints":{"allow":["GET"]}}],"collection":[{"href":"https:\/\/vitaminbutiken.com\/en\/wp-json\/wp\/v2\/product"}],"about":[{"href":"https:\/\/vitaminbutiken.com\/en\/wp-json\/wp\/v2\/types\/product"}],"replies":[{"embeddable":true,"href":"https:\/\/vitaminbutiken.com\/en\/wp-json\/wp\/v2\/comments?post=10136"}],"wp:featuredmedia":[{"embeddable":true,"href":"https:\/\/vitaminbutiken.com\/en\/wp-json\/wp\/v2\/media\/10198"}],"wp:attachment":[{"href":"https:\/\/vitaminbutiken.com\/en\/wp-json\/wp\/v2\/media?parent=10136"}],"wp:term":[{"taxonomy":"product_brand","embeddable":true,"href":"https:\/\/vitaminbutiken.com\/en\/wp-json\/wp\/v2\/product_brand?post=10136"},{"taxonomy":"product_cat","embeddable":true,"href":"https:\/\/vitaminbutiken.com\/en\/wp-json\/wp\/v2\/product_cat?post=10136"},{"taxonomy":"product_tag","embeddable":true,"href":"https:\/\/vitaminbutiken.com\/en\/wp-json\/wp\/v2\/product_tag?post=10136"}],"curies":[{"name":"wp","href":"https:\/\/api.w.org\/{rel}","templated":true}]}}