{"id":10122,"date":"2025-03-19T16:20:33","date_gmt":"2025-03-19T14:20:33","guid":{"rendered":"https:\/\/vitaminbutiken.multi.fi\/?post_type=product&#038;p=10122"},"modified":"2026-03-23T13:43:03","modified_gmt":"2026-03-23T12:43:03","slug":"acidophilus-extra-10-billion-lamberts","status":"publish","type":"product","link":"https:\/\/vitaminbutiken.com\/en\/produkt\/acidophilus-extra-10-billion-lamberts\/","title":{"rendered":"Biome Balance Everyday &#8211; Lamberts"},"content":{"rendered":"<p data-start=\"0\" data-end=\"351\">Lamberts\u00ae Acidophilus Extra 10 inneh\u00e5ller 10 miljarder v\u00e4nliga bakterier. Vi anv\u00e4nder de f\u00f6rdelaktiga bakteriestammarna <em data-start=\"120\" data-end=\"147\">Lactobacillus acidophilus<\/em> och <em data-start=\"152\" data-end=\"169\">Bifidobacterium<\/em>. Lamberts\u00ae var en av de f\u00f6rsta f\u00f6retagen i Storbritannien att producera kapslar med levande bakterier (f\u00f6r \u00f6ver 30 \u00e5r sedan), och vi har utvecklat stor expertis inom detta omr\u00e5de.<\/p>\n<p data-start=\"353\" data-end=\"783\" data-is-last-node=\"\" data-is-only-node=\"\">F\u00f6r att s\u00e4kerst\u00e4lla en bevisad m\u00e5linriktad fris\u00e4ttning av syrek\u00e4nsliga ingredienser, s\u00e5som levande bakterier, har vi:<br data-start=\"470\" data-end=\"473\" \/>\u2714 Anv\u00e4nt speciellt framtagna kapslar med f\u00f6rdr\u00f6jd fris\u00e4ttning.<br data-start=\"535\" data-end=\"538\" \/>\u2714 Integrerat en unik fuktabsorberande desiccant i burkens v\u00e4gg.<br data-start=\"601\" data-end=\"604\" \/>\u2714 F\u00f6rvarat produkten i kylmilj\u00f6 fram till leverans.<br data-start=\"655\" data-end=\"658\" \/>\u2714 Anv\u00e4nt vegetabiliska kapslar av v\u00e4xtbaserad cellulosa med tre g\u00e5nger l\u00e4gre fuktinneh\u00e5ll \u00e4n vanliga gelatinbaserade kapslar.<\/p>\n<p><strong>Dosering<\/strong>: 1-2 kapslar dagligen med kallt vatten.<\/p>\n<p><strong>1 kapsel inneh\u00e5ller:<br \/>\nBifidobakterier \/ bifidus Lactobacillus acidophilus 10&#215;10<br \/>\n(10 miljader levande bakterier) Vid produktionstillf\u00e4llet.<br \/>\n<\/strong><\/p>\n<p><strong>Ingredienser<\/strong>: Bakteriekultur (som ger bifidobakterier bifidus och lactobacillus acidophilus),<br \/>\nkapselskal (Hypromellos, gellangummi), klumpf\u00f6rebyggande medel (stearinsyra).<\/p>\n<p>Rekommenderad dos b\u00f6r ej \u00f6verskridas.<br \/>\nKosttillskott ers\u00e4tter inte en varierad kost.<br \/>\nProdukten f\u00f6rvaras o\u00e5tkomligt f\u00f6r sm\u00e5 barn.<\/p>\n<p>L\u00e4mplig f\u00f6r vegetarianer<\/p>\n","protected":false},"excerpt":{"rendered":"<ul>\n<li>En av Storbritanniens starkaste produkter med levande bakterier.<\/li>\n<li>Varje kapsel inneh\u00e5ller 10 miljarder levande bakterier (vid tillverkningstillf\u00e4llet).<\/li>\n<li>Levereras i specialf\u00f6rpackning f\u00f6r att bibeh\u00e5lla styrkan.<\/li>\n<li>Skyddad mot de starkt sura f\u00f6rh\u00e5llanden som den m\u00f6ter i magen.<\/li>\n<li>Kan anv\u00e4ndas av personer som tar antibiotika, reser utomlands, \u00e4ldre samt de som f\u00f6ljer en socker- eller j\u00e4stfri kost.<\/li>\n<\/ul>\n<p><strong>60 kapslar<\/strong><\/p>\n","protected":false},"featured_media":500102275,"comment_status":"open","ping_status":"closed","template":"","meta":{"_kad_blocks_custom_css":"","_kad_blocks_head_custom_js":"","_kad_blocks_body_custom_js":"","_kad_blocks_footer_custom_js":"","_kadence_starter_templates_imported_post":false,"_kad_post_transparent":"default","_kad_post_title":"","_kad_post_layout":"default","_kad_post_sidebar_id":"","_kad_post_content_style":"default","_kad_post_vertical_padding":"default","_kad_post_feature":"","_kad_post_feature_position":"","_kad_post_header":false,"_kad_post_footer":false,"_kad_post_classname":""},"product_brand":[],"product_cat":[1234,2819],"product_tag":[2411,2412,2413,2414,2403,2415,2404,2416,2417,2418,1028,285,2004,1158,2005,2419,2009,2014,2420],"class_list":{"0":"post-10122","1":"product","2":"type-product","3":"status-publish","4":"has-post-thumbnail","6":"product_cat-lamberts","7":"product_cat-matsmaltningsenzymer","8":"product_tag-10-miljarder","9":"product_tag-acidophilus","10":"product_tag-bakteriell-balans","11":"product_tag-extra-styrka","12":"product_tag-for-alla-aldrar","13":"product_tag-for-att-stodja-matsmaltning","14":"product_tag-for-kanslig-mage","15":"product_tag-forbattrad-immunfunktion","16":"product_tag-forbattrad-tarmhalsa","17":"product_tag-halsosam-matsmaltning","18":"product_tag-immunforsvar","19":"product_tag-kosttillskott","20":"product_tag-lamberts","21":"product_tag-magbesvar","22":"product_tag-maghalsa","23":"product_tag-naturliga-bakterier","24":"product_tag-probiotika","25":"product_tag-tarmflora","26":"product_tag-tarmflorastod","28":"first","29":"instock","30":"taxable","31":"shipping-taxable","32":"purchasable","33":"product-type-variable","34":"entry","35":"content-bg","36":"loop-entry"},"taxonomy_info":{"product_cat":[{"value":1234,"label":"Lamberts"},{"value":2819,"label":"Matsm\u00e4ltningsenzymer"}],"product_tag":[{"value":2411,"label":"10 miljarder"},{"value":2412,"label":"Acidophilus"},{"value":2413,"label":"Bakteriell balans"},{"value":2414,"label":"Extra styrka"},{"value":2403,"label":"F\u00f6r alla \u00e5ldrar."},{"value":2415,"label":"F\u00f6r att st\u00f6dja matsm\u00e4ltning"},{"value":2404,"label":"F\u00f6r k\u00e4nslig mage"},{"value":2416,"label":"F\u00f6rb\u00e4ttrad immunfunktion"},{"value":2417,"label":"F\u00f6rb\u00e4ttrad tarmh\u00e4lsa"},{"value":2418,"label":"h\u00e4lsosam matsm\u00e4ltning"},{"value":1028,"label":"immunf\u00f6rsvar"},{"value":285,"label":"kosttillskott"},{"value":2004,"label":"Lamberts"},{"value":1158,"label":"magbesv\u00e4r"},{"value":2005,"label":"magh\u00e4lsa"},{"value":2419,"label":"Naturliga bakterier"},{"value":2009,"label":"probiotika"},{"value":2014,"label":"tarmflora"},{"value":2420,"label":"Tarmflorast\u00f6d"}]},"featured_image_src_large":["https:\/\/vitaminbutiken.com\/wp-content\/uploads\/2025\/03\/8712-60-Biome-Balance-Everyday-Photoroom-1440x700.png",1440,700,true],"author_info":[],"comment_info":0,"_links":{"self":[{"href":"https:\/\/vitaminbutiken.com\/en\/wp-json\/wp\/v2\/product\/10122","targetHints":{"allow":["GET"]}}],"collection":[{"href":"https:\/\/vitaminbutiken.com\/en\/wp-json\/wp\/v2\/product"}],"about":[{"href":"https:\/\/vitaminbutiken.com\/en\/wp-json\/wp\/v2\/types\/product"}],"replies":[{"embeddable":true,"href":"https:\/\/vitaminbutiken.com\/en\/wp-json\/wp\/v2\/comments?post=10122"}],"wp:featuredmedia":[{"embeddable":true,"href":"https:\/\/vitaminbutiken.com\/en\/wp-json\/wp\/v2\/media\/500102275"}],"wp:attachment":[{"href":"https:\/\/vitaminbutiken.com\/en\/wp-json\/wp\/v2\/media?parent=10122"}],"wp:term":[{"taxonomy":"product_brand","embeddable":true,"href":"https:\/\/vitaminbutiken.com\/en\/wp-json\/wp\/v2\/product_brand?post=10122"},{"taxonomy":"product_cat","embeddable":true,"href":"https:\/\/vitaminbutiken.com\/en\/wp-json\/wp\/v2\/product_cat?post=10122"},{"taxonomy":"product_tag","embeddable":true,"href":"https:\/\/vitaminbutiken.com\/en\/wp-json\/wp\/v2\/product_tag?post=10122"}],"curies":[{"name":"wp","href":"https:\/\/api.w.org\/{rel}","templated":true}]}}