{"id":10121,"date":"2025-03-19T16:20:33","date_gmt":"2025-03-19T14:20:33","guid":{"rendered":"https:\/\/vitaminbutiken.multi.fi\/?post_type=product&#038;p=10121"},"modified":"2026-03-23T13:43:14","modified_gmt":"2026-03-23T12:43:14","slug":"lactase-enzyme-9000-fcc-lamberts","status":"publish","type":"product","link":"https:\/\/vitaminbutiken.com\/en\/produkt\/lactase-enzyme-9000-fcc-lamberts\/","title":{"rendered":"Lactase Enzyme 9000 FCC &#8211; Lamberts"},"content":{"rendered":"<p data-start=\"0\" data-end=\"355\">Laktas \u00e4r ett matsm\u00e4ltningsenzym som beh\u00f6vs f\u00f6r nedbrytningen av mj\u00f6lksockret laktos. Laktas b\u00f6r produceras i tunntarmen, men om produktionen \u00e4r l\u00e5g eller obefintlig, transporteras osm\u00e4lt laktos till tjocktarmen d\u00e4r det fermenteras. Detta leder till bildning av v\u00e4te, koldioxid och organiska syror, vilket ofta resulterar i magkramper, gaser och diarr\u00e9.<\/p>\n<p data-start=\"357\" data-end=\"757\" data-is-last-node=\"\" data-is-only-node=\"\">Laktosintolerans \u00e4r inte livshotande, men kan orsaka betydande obehag. Att helt utesluta mj\u00f6lkbaserade produkter \u00e4r en l\u00f6sning, men det kan vara opraktiskt och leda till en mycket begr\u00e4nsad kost. Lamberts\u00ae Super Strength Lactase Complex motsvarar 9000 FCC (Food Chemical Codex)*, vilket g\u00f6r den till en av de starkaste och mest prisv\u00e4rda produkterna p\u00e5 marknaden, utan att kompromissa med kvaliteten.<\/p>\n<p><strong>Dosering<\/strong>: F\u00f6r personer som har sv\u00e5rt att sm\u00e4lta laktos, ta 1 tablett f\u00f6re m\u00e5ltid inneh\u00e5llande mejeriprodukter (laktos).<\/p>\n<table style=\"height: 80px;\" border=\"1\" width=\"621\" cellspacing=\"0\" cellpadding=\"0\">\n<tbody>\n<tr>\n<td valign=\"top\" width=\"30%\"><strong>1 tablett inneh\u00e5ller<\/strong><\/td>\n<\/tr>\n<tr>\n<td valign=\"top\" width=\"30%\">Laktasenzym\u00a0 \u00a0 \u00a0 \u00a0 \u00a0 \u00a0 \u00a0 \u00a0 \u00a0 \u00a0 9000 FCC<\/td>\n<\/tr>\n<\/tbody>\n<\/table>\n<p><strong><em>*DRI \u00e4r dagligt referensintag.<\/em><\/strong><\/p>\n<p><strong> Ingredienser<\/strong>: fyllnads medel (dikalcium-fosfat, cellulosa), laktas, klumpf\u00f6rebyggande medel (kiseldioxid, stearinsyra, magnesiumsalter av fettsyror), tv\u00e4rbundet cellulosagummi.<\/p>\n<p>Rekommenderad dos b\u00f6r ej \u00f6verskridas.<br \/>\nKosttillskott ers\u00e4tter inte en varierad kost.<br \/>\nProdukten f\u00f6rvaras o\u00e5tkomligt f\u00f6r sm\u00e5 barn.<\/p>\n<p>L\u00e4mplig f\u00f6r veganer<\/p>\n","protected":false},"excerpt":{"rendered":"<ul>\n<li>En av de starkaste och mest prisv\u00e4rda laktasprodukterna p\u00e5 marknaden.<\/li>\n<li>Lamberts\u00ae Super Strength Lactase Complex motsvarar 9000 FCC (Food Chemical Codex)*.<\/li>\n<li>Liten, l\u00e4ttsvald tablett.<\/li>\n<li>Denna produkt kan anv\u00e4ndas l\u00e5ngsiktigt f\u00f6r att minska symtomen p\u00e5 laktosintolerans.<\/li>\n<\/ul>\n<p><strong>60 tabletter<\/strong><\/p>\n","protected":false},"featured_media":10189,"comment_status":"open","ping_status":"closed","template":"","meta":{"_kad_blocks_custom_css":"","_kad_blocks_head_custom_js":"","_kad_blocks_body_custom_js":"","_kad_blocks_footer_custom_js":"","_kadence_starter_templates_imported_post":false,"_kad_post_transparent":"default","_kad_post_title":"","_kad_post_layout":"default","_kad_post_sidebar_id":"","_kad_post_content_style":"default","_kad_post_vertical_padding":"default","_kad_post_feature":"","_kad_post_feature_position":"","_kad_post_header":false,"_kad_post_footer":false,"_kad_post_classname":""},"product_brand":[],"product_cat":[1234,2819],"product_tag":[2056,2402,2403,2404,2405,2406,285,2407,2408,2409,2410,2004,1158,1232,2045],"class_list":{"0":"post-10121","1":"product","2":"type-product","3":"status-publish","4":"has-post-thumbnail","6":"product_cat-lamberts","7":"product_cat-matsmaltningsenzymer","8":"product_tag-enzymaktivitet","9":"product_tag-enzymtillskott","10":"product_tag-for-alla-aldrar","11":"product_tag-for-kanslig-mage","12":"product_tag-forbattrad-matsmaltning","13":"product_tag-halsosamt-matsmaltningssystem","14":"product_tag-kosttillskott","15":"product_tag-laktasenzym","16":"product_tag-laktosfri-kost","17":"product_tag-laktosintolerans","18":"product_tag-laktosnedbrytning","19":"product_tag-lamberts","20":"product_tag-magbesvar","21":"product_tag-matsmaltning","22":"product_tag-tarmhalsa","24":"first","25":"outofstock","26":"taxable","27":"shipping-taxable","28":"purchasable","29":"product-type-simple","30":"entry","31":"content-bg","32":"loop-entry"},"taxonomy_info":{"product_cat":[{"value":1234,"label":"Lamberts"},{"value":2819,"label":"Matsm\u00e4ltningsenzymer"}],"product_tag":[{"value":2056,"label":"enzymaktivitet"},{"value":2402,"label":"enzymtillskott"},{"value":2403,"label":"F\u00f6r alla \u00e5ldrar."},{"value":2404,"label":"F\u00f6r k\u00e4nslig mage"},{"value":2405,"label":"F\u00f6rb\u00e4ttrad matsm\u00e4ltning"},{"value":2406,"label":"H\u00e4lsosamt matsm\u00e4ltningssystem"},{"value":285,"label":"kosttillskott"},{"value":2407,"label":"Laktasenzym"},{"value":2408,"label":"Laktosfri kost"},{"value":2409,"label":"Laktosintolerans"},{"value":2410,"label":"Laktosnedbrytning"},{"value":2004,"label":"Lamberts"},{"value":1158,"label":"magbesv\u00e4r"},{"value":1232,"label":"matsm\u00e4ltning"},{"value":2045,"label":"tarmh\u00e4lsa"}]},"featured_image_src_large":["https:\/\/vitaminbutiken.com\/wp-content\/uploads\/2025\/03\/8412-Lactase-enzyme-780x700.jpg",780,700,true],"author_info":[],"comment_info":0,"_links":{"self":[{"href":"https:\/\/vitaminbutiken.com\/en\/wp-json\/wp\/v2\/product\/10121","targetHints":{"allow":["GET"]}}],"collection":[{"href":"https:\/\/vitaminbutiken.com\/en\/wp-json\/wp\/v2\/product"}],"about":[{"href":"https:\/\/vitaminbutiken.com\/en\/wp-json\/wp\/v2\/types\/product"}],"replies":[{"embeddable":true,"href":"https:\/\/vitaminbutiken.com\/en\/wp-json\/wp\/v2\/comments?post=10121"}],"wp:featuredmedia":[{"embeddable":true,"href":"https:\/\/vitaminbutiken.com\/en\/wp-json\/wp\/v2\/media\/10189"}],"wp:attachment":[{"href":"https:\/\/vitaminbutiken.com\/en\/wp-json\/wp\/v2\/media?parent=10121"}],"wp:term":[{"taxonomy":"product_brand","embeddable":true,"href":"https:\/\/vitaminbutiken.com\/en\/wp-json\/wp\/v2\/product_brand?post=10121"},{"taxonomy":"product_cat","embeddable":true,"href":"https:\/\/vitaminbutiken.com\/en\/wp-json\/wp\/v2\/product_cat?post=10121"},{"taxonomy":"product_tag","embeddable":true,"href":"https:\/\/vitaminbutiken.com\/en\/wp-json\/wp\/v2\/product_tag?post=10121"}],"curies":[{"name":"wp","href":"https:\/\/api.w.org\/{rel}","templated":true}]}}