{"id":10120,"date":"2025-03-19T16:20:33","date_gmt":"2025-03-19T14:20:33","guid":{"rendered":"https:\/\/vitaminbutiken.multi.fi\/?post_type=product&#038;p=10120"},"modified":"2026-03-31T13:53:13","modified_gmt":"2026-03-31T11:53:13","slug":"pea-protein-pulver-lamberts","status":"publish","type":"product","link":"https:\/\/vitaminbutiken.com\/en\/produkt\/pea-protein-pulver-lamberts\/","title":{"rendered":"Pea Protein pulver &#8211; Lamberts"},"content":{"rendered":"<p data-start=\"0\" data-end=\"547\">Lamberts\u00ae \u00c4rtprotein \u00e4r en h\u00f6gkoncentrerad proteink\u00e4lla utvunnen fr\u00e5n gula \u00e4rtor. Genom extraktions- och reningsprocesser h\u00f6js proteininneh\u00e5llet fr\u00e5n den normala niv\u00e5n p\u00e5 6 % i f\u00e4rska \u00e4rtor till 80 % i denna produkt. Denna unika process ger ett protein som \u00e4r mycket l\u00f6sligt och d\u00e4rf\u00f6r l\u00e4tt att sm\u00e4lta och absorbera. Vi har specifikt valt \u00e4rtor som proteink\u00e4lla eftersom deras aminosyraprofil \u00e4r utm\u00e4rkt \u2013 de \u00e4r rika p\u00e5 grenade aminosyror (leucin, isoleucin och valin) och inneh\u00e5ller mer arginin \u00e4n n\u00e5got annat kommersiellt tillg\u00e4ngligt protein.<\/p>\n<p data-start=\"549\" data-end=\"867\">\u00c4rtprotein har m\u00e5nga anv\u00e4ndningsomr\u00e5den eftersom det \u00e4r fritt fr\u00e5n vete, gluten, mejeriprodukter, \u00e4gg, soja och animaliska produkter. Det \u00e4r os\u00f6tat och har en mild, l\u00e4tt saltad smak, vilket g\u00f6r det perfekt att blanda i soppor och grytor. Det kan \u00e4ven mixas med frukt, exempelvis banan, f\u00f6r att g\u00f6ra en fruktsmoothie.<\/p>\n<p data-start=\"869\" data-end=\"1045\" data-is-last-node=\"\" data-is-only-node=\"\">Produkten kan anv\u00e4ndas av alla som \u00e5terh\u00e4mtar sig fr\u00e5n sjukdom och\/eller har l\u00e5g aptit. Den passar \u00e4ven f\u00f6r personer som vill \u00f6ka sitt proteinintag, exempelvis vid viktnedg\u00e5ng.<\/p>\n<p><strong>Dosering<\/strong>: En portion p\u00e5 20 g (2 r\u00e5gade tsk) per dag.<br \/>\n<strong>F\u00f6r sport<\/strong>: 20 g 2 g\u00e5nger per dag.<br \/>\n<strong>F\u00f6r dem med l\u00e5g aptit eller som \u00e5terh\u00e4mtar sig fr\u00e5n <\/strong><br \/>\n<strong>sjukdom<\/strong>: 20 g per dag.<br \/>\nInneh\u00e5ller 37 portioner.<br \/>\nVi rekommenderar ocks\u00e5 att tillf\u00f6ra multivitaminpreparat.<\/p>\n<table style=\"height: 80px;\" border=\"1\" width=\"621\" cellspacing=\"0\" cellpadding=\"0\">\n<tbody>\n<tr>\n<td valign=\"top\" width=\"30%\"><strong>N\u00e4ringsinformation<\/strong><\/td>\n<td valign=\"top\" width=\"20%\"><strong> Per 100 g<\/strong><\/td>\n<td valign=\"top\" width=\"30%\"><strong>Per 20g<\/strong><\/td>\n<\/tr>\n<tr>\n<td valign=\"top\" width=\"30%\">Energi<\/td>\n<td valign=\"top\" width=\"20%\">1579kJ\/378kcal<\/td>\n<td valign=\"top\" width=\"20%\">315.8kJ\/75.6kcal<\/td>\n<\/tr>\n<tr>\n<td valign=\"top\" width=\"30%\">Protein<\/td>\n<td valign=\"top\" width=\"20%\">80 g<\/td>\n<td valign=\"top\" width=\"20%\">16 g<\/td>\n<\/tr>\n<tr>\n<td valign=\"top\" width=\"30%\">Kolhydrat<\/td>\n<td valign=\"top\" width=\"20%\">2.0 g<\/td>\n<td valign=\"top\" width=\"20%\">0,4 g<\/td>\n<\/tr>\n<tr>\n<td valign=\"top\" width=\"30%\">varav: Socker<\/td>\n<td valign=\"top\" width=\"20%\">0 g<\/td>\n<td valign=\"top\" width=\"20%\">0 g<\/td>\n<\/tr>\n<tr>\n<td valign=\"top\" width=\"30%\">Fett<\/td>\n<td valign=\"top\" width=\"20%\">5,5 g<\/td>\n<td valign=\"top\" width=\"20%\">1,1 g<\/td>\n<\/tr>\n<tr>\n<td valign=\"top\" width=\"30%\">Varav m\u00e4ttade<\/td>\n<td valign=\"top\" width=\"20%\">1,2 g<\/td>\n<td valign=\"top\" width=\"20%\">0,24 g<\/td>\n<\/tr>\n<tr>\n<td valign=\"top\" width=\"30%\">Salt<\/td>\n<td valign=\"top\" width=\"20%\">2,2 g<\/td>\n<td valign=\"top\" width=\"20%\">0,44 g<\/td>\n<\/tr>\n<tr>\n<td valign=\"top\" width=\"30%\">Fosfor<\/td>\n<td valign=\"top\" width=\"20%\">1,127 mg (161% DRI*)<\/td>\n<td valign=\"top\" width=\"20%\">225.4 mg (32.3%DRI*)<\/td>\n<\/tr>\n<tr>\n<td valign=\"top\" width=\"30%\">J\u00e4rn<\/td>\n<td valign=\"top\" width=\"20%\">29 mg (207%DRI*)<\/td>\n<td valign=\"top\" width=\"20%\">5.8 mg (41.4%DRI*)<\/td>\n<\/tr>\n<\/tbody>\n<\/table>\n<p>*DRI \u00e4r dagligt referensintag.<\/p>\n<table style=\"height: 80px;\" border=\"1\" width=\"621\" cellspacing=\"0\" cellpadding=\"0\">\n<tbody>\n<tr>\n<td valign=\"top\" width=\"30%\"><strong>Aminosyror\u00a0<\/strong><\/td>\n<td valign=\"top\" width=\"20%\"><strong> Per 20 g<\/strong><\/td>\n<\/tr>\n<tr>\n<td valign=\"top\" width=\"30%\">Glutaminsyra<\/td>\n<td valign=\"top\" width=\"20%\">2,40 g<\/td>\n<\/tr>\n<tr>\n<td valign=\"top\" width=\"30%\">asparaginsyra<\/td>\n<td valign=\"top\" width=\"20%\">1,72 g<\/td>\n<\/tr>\n<tr>\n<td valign=\"top\" width=\"30%\">Leucin<\/td>\n<td valign=\"top\" width=\"20%\">1,32 g<\/td>\n<\/tr>\n<tr>\n<td valign=\"top\" width=\"30%\">Serine<\/td>\n<td valign=\"top\" width=\"20%\">1,30 g<\/td>\n<\/tr>\n<tr>\n<td valign=\"top\" width=\"30%\">Lysin<\/td>\n<td valign=\"top\" width=\"20%\">1,26 g<\/td>\n<\/tr>\n<tr>\n<td valign=\"top\" width=\"30%\">Arginin<\/td>\n<td valign=\"top\" width=\"20%\">1,24 g<\/td>\n<\/tr>\n<tr>\n<td valign=\"top\" width=\"30%\">Valin<\/td>\n<td valign=\"top\" width=\"20%\">1,02 g<\/td>\n<\/tr>\n<tr>\n<td valign=\"top\" width=\"30%\">Fenylalanin<\/td>\n<td valign=\"top\" width=\"20%\">0,80 g<\/td>\n<\/tr>\n<tr>\n<td valign=\"top\" width=\"30%\">Isoleucin<\/td>\n<td valign=\"top\" width=\"20%\">0,76 g<\/td>\n<\/tr>\n<tr>\n<td valign=\"top\" width=\"30%\">Alanin<\/td>\n<td valign=\"top\" width=\"20%\">0,66 g<\/td>\n<\/tr>\n<tr>\n<td valign=\"top\" width=\"30%\">Tyrosin<\/td>\n<td valign=\"top\" width=\"20%\">0,64 g<\/td>\n<\/tr>\n<tr>\n<td valign=\"top\" width=\"30%\">Glycin<\/td>\n<td valign=\"top\" width=\"20%\">0,56 g<\/td>\n<\/tr>\n<tr>\n<td valign=\"top\" width=\"30%\">Treonin<\/td>\n<td valign=\"top\" width=\"20%\">0,54 g<\/td>\n<\/tr>\n<tr>\n<td valign=\"top\" width=\"30%\">Prolin<\/td>\n<td valign=\"top\" width=\"20%\">0,54 g<\/td>\n<\/tr>\n<tr>\n<td valign=\"top\" width=\"30%\">Histidin<\/td>\n<td valign=\"top\" width=\"20%\">0,30 g<\/td>\n<\/tr>\n<tr>\n<td valign=\"top\" width=\"30%\">Cystein<\/td>\n<td valign=\"top\" width=\"20%\">0,20 g<\/td>\n<\/tr>\n<tr>\n<td valign=\"top\" width=\"30%\">Metionin<\/td>\n<td valign=\"top\" width=\"20%\">0,12 g<\/td>\n<\/tr>\n<tr>\n<td valign=\"top\" width=\"30%\">Tryptofan<\/td>\n<td valign=\"top\" width=\"20%\">0,12 g<\/td>\n<\/tr>\n<\/tbody>\n<\/table>\n<p>&nbsp;<\/p>\n<p><strong>Ingredienser<\/strong>: \u00c4rtproteinisolat<\/p>\n<p>Rekommenderad dos b\u00f6r ej \u00f6verskridas.<br \/>\nKosttillskott ers\u00e4tter inte en varierad kost.<br \/>\nProdukten f\u00f6rvaras o\u00e5tkomligt f\u00f6r sm\u00e5 barn.<\/p>\n<p>L\u00e4mplig f\u00f6r Veganer<\/p>\n","protected":false},"excerpt":{"rendered":"<ul>\n<li>En l\u00e4ttsm\u00e4lt, laktosfri proteink\u00e4lla<\/li>\n<li>Rik p\u00e5 BCAA (leucin, isoleucin och valin)<\/li>\n<li>Mild, l\u00e4tt saltad smak<\/li>\n<li>Praktisk som f\u00f6rtjockningsmedel i s\u00e5ser och soppor<\/li>\n<li>Mixa med frukt f\u00f6r att g\u00f6ra en smoothie<\/li>\n<li>\u00d6ver 35 portioner per burk<\/li>\n<\/ul>\n<p><strong>750 g<\/strong><\/p>\n","protected":false},"featured_media":10187,"comment_status":"open","ping_status":"closed","template":"","meta":{"_kad_blocks_custom_css":"","_kad_blocks_head_custom_js":"","_kad_blocks_body_custom_js":"","_kad_blocks_footer_custom_js":"","_kadence_starter_templates_imported_post":false,"_kad_post_transparent":"default","_kad_post_title":"","_kad_post_layout":"default","_kad_post_sidebar_id":"","_kad_post_content_style":"default","_kad_post_vertical_padding":"default","_kad_post_feature":"","_kad_post_feature_position":"","_kad_post_header":false,"_kad_post_footer":false,"_kad_post_classname":""},"product_brand":[],"product_cat":[337,1234,277,2823,278],"product_tag":[2390,2391,1535,2392,2388,2393,2394,2395,2004,2396,2087,2397,2398,2375,2399,2400,2401],"class_list":{"0":"post-10120","1":"product","2":"type-product","3":"status-publish","4":"has-post-thumbnail","6":"product_cat-aminosyror","7":"product_cat-lamberts","8":"product_cat-muskler-och-leder","9":"product_cat-naringspulver","10":"product_cat-traning","11":"product_tag-artprotein","12":"product_tag-fitness","13":"product_tag-for-veganer","14":"product_tag-for-vegetarianer","15":"product_tag-halsosamt-kosttillskott","16":"product_tag-hogkvalitativt-protein","17":"product_tag-lag-kolhydratkost","18":"product_tag-lagt-fettinnehall","19":"product_tag-lamberts","20":"product_tag-muskelreparation","21":"product_tag-muskeluppbyggnad","22":"product_tag-proteinkalla","23":"product_tag-proteinpulver","24":"product_tag-traning","25":"product_tag-vaxtbaserat-protein","26":"product_tag-veganskt-protein","27":"product_tag-vegetariskt-protein","29":"first","30":"instock","31":"taxable","32":"shipping-taxable","33":"purchasable","34":"product-type-simple","35":"entry","36":"content-bg","37":"loop-entry"},"taxonomy_info":{"product_cat":[{"value":337,"label":"Aminosyror"},{"value":1234,"label":"Lamberts"},{"value":277,"label":"Muskler &amp; Leder"},{"value":2823,"label":"N\u00e4ringspulver"},{"value":278,"label":"Tr\u00e4ning"}],"product_tag":[{"value":2390,"label":"\u00c4rtprotein"},{"value":2391,"label":"Fitness"},{"value":1535,"label":"F\u00f6r veganer"},{"value":2392,"label":"F\u00f6r vegetarianer"},{"value":2388,"label":"H\u00e4lsosamt kosttillskott"},{"value":2393,"label":"H\u00f6gkvalitativt protein"},{"value":2394,"label":"L\u00e5g kolhydratkost."},{"value":2395,"label":"L\u00e5gt fettinneh\u00e5ll"},{"value":2004,"label":"Lamberts"},{"value":2396,"label":"Muskelreparation"},{"value":2087,"label":"muskeluppbyggnad"},{"value":2397,"label":"Proteink\u00e4lla"},{"value":2398,"label":"Proteinpulver"},{"value":2375,"label":"tr\u00e4ning"},{"value":2399,"label":"V\u00e4xtbaserat protein"},{"value":2400,"label":"Veganskt protein"},{"value":2401,"label":"Vegetariskt protein"}]},"featured_image_src_large":["https:\/\/vitaminbutiken.com\/wp-content\/uploads\/2025\/03\/8333-Pea-protein-780x700.jpg",780,700,true],"author_info":[],"comment_info":0,"_links":{"self":[{"href":"https:\/\/vitaminbutiken.com\/en\/wp-json\/wp\/v2\/product\/10120","targetHints":{"allow":["GET"]}}],"collection":[{"href":"https:\/\/vitaminbutiken.com\/en\/wp-json\/wp\/v2\/product"}],"about":[{"href":"https:\/\/vitaminbutiken.com\/en\/wp-json\/wp\/v2\/types\/product"}],"replies":[{"embeddable":true,"href":"https:\/\/vitaminbutiken.com\/en\/wp-json\/wp\/v2\/comments?post=10120"}],"wp:featuredmedia":[{"embeddable":true,"href":"https:\/\/vitaminbutiken.com\/en\/wp-json\/wp\/v2\/media\/10187"}],"wp:attachment":[{"href":"https:\/\/vitaminbutiken.com\/en\/wp-json\/wp\/v2\/media?parent=10120"}],"wp:term":[{"taxonomy":"product_brand","embeddable":true,"href":"https:\/\/vitaminbutiken.com\/en\/wp-json\/wp\/v2\/product_brand?post=10120"},{"taxonomy":"product_cat","embeddable":true,"href":"https:\/\/vitaminbutiken.com\/en\/wp-json\/wp\/v2\/product_cat?post=10120"},{"taxonomy":"product_tag","embeddable":true,"href":"https:\/\/vitaminbutiken.com\/en\/wp-json\/wp\/v2\/product_tag?post=10120"}],"curies":[{"name":"wp","href":"https:\/\/api.w.org\/{rel}","templated":true}]}}