{"id":10119,"date":"2025-03-19T16:20:31","date_gmt":"2025-03-19T14:20:31","guid":{"rendered":"https:\/\/vitaminbutiken.multi.fi\/?post_type=product&#038;p=10119"},"modified":"2026-03-31T14:16:29","modified_gmt":"2026-03-31T12:16:29","slug":"taurine-500mg-lamberts","status":"publish","type":"product","link":"https:\/\/vitaminbutiken.com\/en\/produkt\/taurine-500mg-lamberts\/","title":{"rendered":"Taurine 500mg &#8211; Lamberts"},"content":{"rendered":"<p data-start=\"0\" data-end=\"329\">Lamberts\u00ae Taurin \u00e4r en ren, fri form av aminosyra som \u00e4r redo att absorberas av kroppen utan att beh\u00f6va brytas ner av matsm\u00e4ltningsenzymer. Varje kapsel inneh\u00e5ller hela 500 mg taurin. En kapsel f\u00f6rdubblar det typiska dagliga intaget av taurin fr\u00e5n mat, och tv\u00e5 kapslar ger samma m\u00e4ngd taurin som finns i popul\u00e4ra energidrycker.<\/p>\n<p data-start=\"331\" data-end=\"412\" data-is-last-node=\"\" data-is-only-node=\"\">Denna produkt \u00e4r tillverkad i Storbritannien enligt farmaceutiska GMP-standarder.<\/p>\n<p><strong> Dosering<\/strong>: 1-3 kapslar dagligen mellan m\u00e5ltider.<\/p>\n<table style=\"height: 80px;\" border=\"1\" width=\"621\" cellspacing=\"0\" cellpadding=\"0\">\n<tbody>\n<tr>\n<td valign=\"top\" width=\"30%\"><strong>1 tablett inneh\u00e5ller<\/strong><\/td>\n<td valign=\"top\" width=\"20%\"><strong> M\u00e4ngd<\/strong><\/td>\n<td valign=\"top\" width=\"30%\"><strong>%DRI*<\/strong><\/td>\n<\/tr>\n<tr>\n<td valign=\"top\" width=\"30%\">Taurin<\/td>\n<td valign=\"top\" width=\"20%\">500 mg<\/td>\n<td valign=\"top\" width=\"20%\">**<\/td>\n<\/tr>\n<\/tbody>\n<\/table>\n<p><strong><em>*DRI (dagligt referensintag) ej fastst\u00e4llt.\u00a0<\/em><\/strong><\/p>\n<p><strong>Ingredienser<\/strong>: Taurin, rismj\u00f6l, kapselskal (hydroxypropylmetylcellulosa), magnesiumsalter av fettsyror, kiseldioxid.<\/p>\n<p>Rekommenderad dos b\u00f6r ej \u00f6verskridas.<br \/>\nKosttillskott ers\u00e4tter inte en varierad kost.<br \/>\nProdukten f\u00f6rvaras o\u00e5tkomligt f\u00f6r sm\u00e5 barn.<\/p>\n<p>L\u00e4mplig f\u00f6r vegetarianer<\/p>\n","protected":false},"excerpt":{"rendered":"<ul>\n<li>En ren, fri form av aminosyra som \u00e4r redo att absorberas av kroppen utan att beh\u00f6va brytas ner av matsm\u00e4ltningsenzymer.<\/li>\n<li>Varje kapsel inneh\u00e5ller hela 500 mg taurin.<\/li>\n<li>En kapsel f\u00f6rdubblar det typiska dagliga intaget av taurin fr\u00e5n mat, och tv\u00e5 kapslar ger samma m\u00e4ngd taurin som finns i popul\u00e4ra energidrycker.<\/li>\n<li>Denna produkt \u00e4r tillverkad i Storbritannien enligt farmaceutiska GMP-standarder.<\/li>\n<\/ul>\n<p><strong>60 kapslar<\/strong><\/p>\n","protected":false},"featured_media":10185,"comment_status":"open","ping_status":"closed","template":"","meta":{"_kad_blocks_custom_css":"","_kad_blocks_head_custom_js":"","_kad_blocks_body_custom_js":"","_kad_blocks_footer_custom_js":"","_kadence_starter_templates_imported_post":false,"_kad_post_transparent":"default","_kad_post_title":"","_kad_post_layout":"default","_kad_post_sidebar_id":"","_kad_post_content_style":"default","_kad_post_vertical_padding":"default","_kad_post_feature":"","_kad_post_feature_position":"","_kad_post_header":false,"_kad_post_footer":false,"_kad_post_classname":""},"product_brand":[],"product_cat":[337,1234],"product_tag":[564,205,1112,2386,2382,2387,2321,2388,1648,285,2004,1957,450,2389,2221,2375],"class_list":{"0":"post-10119","1":"product","2":"type-product","3":"status-publish","4":"has-post-thumbnail","6":"product_cat-aminosyror","7":"product_cat-lamberts","8":"product_tag-aminosyra","9":"product_tag-antioxidant","10":"product_tag-energi","11":"product_tag-energiforbattring","12":"product_tag-for-aterhamtning","13":"product_tag-for-nervfunktion","14":"product_tag-halsosam-livsstil","15":"product_tag-halsosamt-kosttillskott","16":"product_tag-hjarthalsa","17":"product_tag-kosttillskott","18":"product_tag-lamberts","19":"product_tag-muskelaterhamtning","20":"product_tag-nervsystem","21":"product_tag-stod-for-hjarnan","22":"product_tag-taurin","23":"product_tag-traning","25":"first","26":"instock","27":"taxable","28":"shipping-taxable","29":"purchasable","30":"product-type-simple","31":"entry","32":"content-bg","33":"loop-entry"},"taxonomy_info":{"product_cat":[{"value":337,"label":"Aminosyror"},{"value":1234,"label":"Lamberts"}],"product_tag":[{"value":564,"label":"aminosyra"},{"value":205,"label":"antioxidant"},{"value":1112,"label":"energi"},{"value":2386,"label":"Energif\u00f6rb\u00e4ttring"},{"value":2382,"label":"F\u00f6r \u00e5terh\u00e4mtning"},{"value":2387,"label":"F\u00f6r nervfunktion."},{"value":2321,"label":"H\u00e4lsosam Livsstil"},{"value":2388,"label":"H\u00e4lsosamt kosttillskott"},{"value":1648,"label":"hj\u00e4rth\u00e4lsa"},{"value":285,"label":"kosttillskott"},{"value":2004,"label":"Lamberts"},{"value":1957,"label":"muskel\u00e5terh\u00e4mtning"},{"value":450,"label":"nervsystem"},{"value":2389,"label":"St\u00f6d f\u00f6r hj\u00e4rnan"},{"value":2221,"label":"taurin"},{"value":2375,"label":"tr\u00e4ning"}]},"featured_image_src_large":["https:\/\/vitaminbutiken.com\/wp-content\/uploads\/2025\/03\/8325-Taurine-500mg-780x700.jpg",780,700,true],"author_info":[],"comment_info":0,"_links":{"self":[{"href":"https:\/\/vitaminbutiken.com\/en\/wp-json\/wp\/v2\/product\/10119","targetHints":{"allow":["GET"]}}],"collection":[{"href":"https:\/\/vitaminbutiken.com\/en\/wp-json\/wp\/v2\/product"}],"about":[{"href":"https:\/\/vitaminbutiken.com\/en\/wp-json\/wp\/v2\/types\/product"}],"replies":[{"embeddable":true,"href":"https:\/\/vitaminbutiken.com\/en\/wp-json\/wp\/v2\/comments?post=10119"}],"wp:featuredmedia":[{"embeddable":true,"href":"https:\/\/vitaminbutiken.com\/en\/wp-json\/wp\/v2\/media\/10185"}],"wp:attachment":[{"href":"https:\/\/vitaminbutiken.com\/en\/wp-json\/wp\/v2\/media?parent=10119"}],"wp:term":[{"taxonomy":"product_brand","embeddable":true,"href":"https:\/\/vitaminbutiken.com\/en\/wp-json\/wp\/v2\/product_brand?post=10119"},{"taxonomy":"product_cat","embeddable":true,"href":"https:\/\/vitaminbutiken.com\/en\/wp-json\/wp\/v2\/product_cat?post=10119"},{"taxonomy":"product_tag","embeddable":true,"href":"https:\/\/vitaminbutiken.com\/en\/wp-json\/wp\/v2\/product_tag?post=10119"}],"curies":[{"name":"wp","href":"https:\/\/api.w.org\/{rel}","templated":true}]}}