{"id":10116,"date":"2025-03-19T16:20:30","date_gmt":"2025-03-19T14:20:30","guid":{"rendered":"https:\/\/vitaminbutiken.multi.fi\/?post_type=product&#038;p=10116"},"modified":"2026-03-13T12:18:01","modified_gmt":"2026-03-13T11:18:01","slug":"acetyl-l-carnitine-500mg-lamberts","status":"publish","type":"product","link":"https:\/\/vitaminbutiken.com\/en\/produkt\/acetyl-l-carnitine-500mg-lamberts\/","title":{"rendered":"Acetyl L-Carnitine 500mg &#8211; Lamberts"},"content":{"rendered":"<p data-start=\"100\" data-end=\"312\">Lamberts\u00ae Acetyl L-Carnitine 500mg \u00e4r ett eng\u00e5ngsdosformel. Den \u00e4r tillverkad i Storbritannien och producerad i anl\u00e4ggningar som f\u00f6ljer strikta farmaceutiska GMP-standarder. Produkten \u00e4r l\u00e4mplig f\u00f6r vegetarianer.<\/p>\n<p data-start=\"314\" data-end=\"550\">Acetyl L-Carnitine \u00e4r en modifierad form av aminosyran L-Carnitine och \u00e4r en av de mest forskade formerna av carnitin. Dessutom tyder forskning p\u00e5 att absorptionen av denna speciella aminosyra i acetylform fr\u00e5n tunntarmen \u00e4r f\u00f6rb\u00e4ttrad.<\/p>\n<p data-start=\"552\" data-end=\"1037\" data-is-last-node=\"\" data-is-only-node=\"\">Carnitin \u00e4r en viktig aminosyra som tillverkas i kroppen fr\u00e5n lysin och i n\u00e4rvaro av vitamin C och finns fr\u00e4mst i animaliska livsmedel. Den \u00e4r mest k\u00e4nd f\u00f6r sin roll i att st\u00f6dja mitokondriell h\u00e4lsa, eftersom den \u00e4r ansvarig f\u00f6r transport av fettsyrekedjor till mitokondrierna i cellerna, d\u00e4r de oxideras f\u00f6r att producera energi. Carnitin ansvarar ocks\u00e5 f\u00f6r att ta bort avfallsprodukter fr\u00e5n mitokondrierna. L-Carnitine och s\u00e4rskilt Acetyl L-Carnitine rekommenderas ofta av praktiker.<\/p>\n<p><strong> Dosering<\/strong>: 1 kapsel dagligen mellan m\u00e5ltider.<\/p>\n<table style=\"height: 80px;\" border=\"1\" width=\"621\" cellspacing=\"0\" cellpadding=\"0\">\n<tbody>\n<tr>\n<td valign=\"top\" width=\"30%\"><strong>1 kapsel inneh\u00e5ller<\/strong><\/td>\n<td valign=\"top\" width=\"20%\"><strong> M\u00e4ngd<\/strong><\/td>\n<td valign=\"top\" width=\"30%\"><strong>%DRI*<\/strong><\/td>\n<\/tr>\n<tr>\n<td valign=\"top\" width=\"30%\">Acetyl-l-karnitin HCl<br \/>\nVarav<\/td>\n<td valign=\"top\" width=\"20%\">610 mg<\/td>\n<td valign=\"top\" width=\"20%\">**<\/td>\n<\/tr>\n<tr>\n<td valign=\"top\" width=\"30%\">Acetyl-l-karnitin<\/td>\n<td valign=\"top\" width=\"20%\">500 mg<\/td>\n<td valign=\"top\" width=\"20%\">**<\/td>\n<\/tr>\n<\/tbody>\n<\/table>\n<p><strong><em>*DRI \u00e4r dagligt referensintag.<\/em><\/strong><\/p>\n<p><strong>Ingredienser<\/strong>: L-arginin hydroklorid, cellulosa, hydroxypropylcellulosa, klumpf\u00f6rebyggande medel<br \/>\n(kiseldioxid, stearinsyra, magnesiumsalter av fettsyror), kalciumkarbonat, tablett\u00f6verdrag (hydroxypropylmetylcellulosa, glycerol).<\/p>\n<p>Rekommenderad dos b\u00f6r ej \u00f6verskridas.<br \/>\nKosttillskott ers\u00e4tter inte en varierad kost.<br \/>\nProdukten f\u00f6rvaras o\u00e5tkomligt f\u00f6r sm\u00e5 barn.<\/p>\n<p>L\u00e4mplig f\u00f6r veganer<\/p>\n","protected":false},"excerpt":{"rendered":"<ul>\n<li data-start=\"16\" data-end=\"104\">L-Carnitin och s\u00e4rskilt Acetyl L-Carnitin (ALCAR) rekommenderas ofta av yrkesverksamma.<\/li>\n<li data-start=\"16\" data-end=\"104\">Varje kapsel ger 500 mg ALCAR.<\/li>\n<li data-start=\"16\" data-end=\"104\"><span style=\"font-family: var(--global-body-font-family);\">En kapsel per dag \u00e4r tillr\u00e4cklig.<br \/>\n<\/span><\/li>\n<li data-start=\"16\" data-end=\"104\">ALCAR \u00e4r en av de mest forskade formerna.<\/li>\n<li data-start=\"16\" data-end=\"104\"><span style=\"font-family: var(--global-body-font-family);\">Produkten \u00e4r l\u00e4mplig f\u00f6r vegetarianer.<\/span><\/li>\n<\/ul>\n<p><strong>60 kapslar\u00a0<\/strong><\/p>\n","protected":false},"featured_media":10172,"comment_status":"open","ping_status":"closed","template":"","meta":{"_kad_blocks_custom_css":"","_kad_blocks_head_custom_js":"","_kad_blocks_body_custom_js":"","_kad_blocks_footer_custom_js":"","_kadence_starter_templates_imported_post":false,"_kad_post_transparent":"default","_kad_post_title":"","_kad_post_layout":"default","_kad_post_sidebar_id":"","_kad_post_content_style":"default","_kad_post_vertical_padding":"default","_kad_post_feature":"","_kad_post_feature_position":"","_kad_post_header":false,"_kad_post_footer":false,"_kad_post_classname":""},"product_brand":[],"product_cat":[1234],"product_tag":[2376,2370,159,1112,2377,2317,2378,1648,285,2004,1574,1894,2059,1039,2373,2375],"class_list":{"0":"post-10116","1":"product","2":"type-product","3":"status-publish","4":"has-post-thumbnail","6":"product_cat-lamberts","7":"product_tag-acetyl-l-carnitin","8":"product_tag-aktiv-livsstil","9":"product_tag-aterhamtning","10":"product_tag-energi","11":"product_tag-fettforbranning","12":"product_tag-halsa","13":"product_tag-hjarnkapacitet","14":"product_tag-hjarthalsa","15":"product_tag-kosttillskott","16":"product_tag-lamberts","17":"product_tag-mental-klarhet","18":"product_tag-mental-skarpa","19":"product_tag-metabolism","20":"product_tag-muskelfunktion","21":"product_tag-prestation","22":"product_tag-traning","24":"first","25":"instock","26":"taxable","27":"shipping-taxable","28":"purchasable","29":"product-type-simple","30":"entry","31":"content-bg","32":"loop-entry"},"taxonomy_info":{"product_cat":[{"value":1234,"label":"Lamberts"}],"product_tag":[{"value":2376,"label":"Acetyl L-Carnitin"},{"value":2370,"label":"Aktiv livsstil"},{"value":159,"label":"\u00e5terh\u00e4mtning"},{"value":1112,"label":"energi"},{"value":2377,"label":"Fettf\u00f6rbr\u00e4nning"},{"value":2317,"label":"H\u00e4lsa"},{"value":2378,"label":"Hj\u00e4rnkapacitet"},{"value":1648,"label":"hj\u00e4rth\u00e4lsa"},{"value":285,"label":"kosttillskott"},{"value":2004,"label":"Lamberts"},{"value":1574,"label":"Mental klarhet"},{"value":1894,"label":"mental sk\u00e4rpa"},{"value":2059,"label":"metabolism"},{"value":1039,"label":"muskelfunktion"},{"value":2373,"label":"Prestation"},{"value":2375,"label":"tr\u00e4ning"}]},"featured_image_src_large":["https:\/\/vitaminbutiken.com\/wp-content\/uploads\/2025\/03\/8304-Acetyl-L-carnitine-780x700.jpg",780,700,true],"author_info":[],"comment_info":0,"_links":{"self":[{"href":"https:\/\/vitaminbutiken.com\/en\/wp-json\/wp\/v2\/product\/10116","targetHints":{"allow":["GET"]}}],"collection":[{"href":"https:\/\/vitaminbutiken.com\/en\/wp-json\/wp\/v2\/product"}],"about":[{"href":"https:\/\/vitaminbutiken.com\/en\/wp-json\/wp\/v2\/types\/product"}],"replies":[{"embeddable":true,"href":"https:\/\/vitaminbutiken.com\/en\/wp-json\/wp\/v2\/comments?post=10116"}],"wp:featuredmedia":[{"embeddable":true,"href":"https:\/\/vitaminbutiken.com\/en\/wp-json\/wp\/v2\/media\/10172"}],"wp:attachment":[{"href":"https:\/\/vitaminbutiken.com\/en\/wp-json\/wp\/v2\/media?parent=10116"}],"wp:term":[{"taxonomy":"product_brand","embeddable":true,"href":"https:\/\/vitaminbutiken.com\/en\/wp-json\/wp\/v2\/product_brand?post=10116"},{"taxonomy":"product_cat","embeddable":true,"href":"https:\/\/vitaminbutiken.com\/en\/wp-json\/wp\/v2\/product_cat?post=10116"},{"taxonomy":"product_tag","embeddable":true,"href":"https:\/\/vitaminbutiken.com\/en\/wp-json\/wp\/v2\/product_tag?post=10116"}],"curies":[{"name":"wp","href":"https:\/\/api.w.org\/{rel}","templated":true}]}}