{"id":10098,"date":"2025-03-19T16:20:07","date_gmt":"2025-03-19T14:20:07","guid":{"rendered":"https:\/\/vitaminbutiken.multi.fi\/?post_type=product&#038;p=10098"},"modified":"2026-05-02T00:01:13","modified_gmt":"2026-05-01T22:01:13","slug":"zinc-25mg-lamberts","status":"publish","type":"product","link":"https:\/\/vitaminbutiken.com\/en\/produkt\/zinc-25mg-lamberts\/","title":{"rendered":"Zinc 25mg &#8211; Lamberts"},"content":{"rendered":"<p data-start=\"54\" data-end=\"287\">Zink \u00e4r ett viktigt n\u00e4rings\u00e4mne som bidrar till normal funktion av immunf\u00f6rsvaret, normal fertilitet och reproduktion samt bibeh\u00e5llande av normal syn. Det \u00e4r ocks\u00e5 k\u00e4nt f\u00f6r att bidra till att uppr\u00e4tth\u00e5lla normalt h\u00e5r, hud och naglar.<\/p>\n<p data-start=\"289\" data-end=\"464\">Varje tablett inneh\u00e5ller 25 mg zink i en l\u00e4ttabsorberad citratform. Denna styrka \u00e4r f\u00f6r korttidsanv\u00e4ndning f\u00f6r att snabbt \u00e5tg\u00e4rda zinkbrist. F\u00f6r underh\u00e5ll rekommenderas 15 mg.<\/p>\n<p><strong> Dosering<\/strong>: 1 tablett dagligen i samband med m\u00e5ltid.<\/p>\n<table style=\"height: 80px;\" border=\"1\" width=\"621\" cellspacing=\"0\" cellpadding=\"0\">\n<tbody>\n<tr>\n<td valign=\"top\" width=\"30%\"><strong>1 tablett inneh\u00e5ller<\/strong><\/td>\n<td valign=\"top\" width=\"20%\"><strong> M\u00e4ngd<\/strong><\/td>\n<td valign=\"top\" width=\"30%\"><strong>%DRI*<\/strong><\/td>\n<\/tr>\n<tr>\n<td valign=\"top\" width=\"30%\">Zink<\/td>\n<td valign=\"top\" width=\"20%\">25 mg<\/td>\n<td valign=\"top\" width=\"20%\">250 %<\/td>\n<\/tr>\n<\/tbody>\n<\/table>\n<p><strong><em>*DRI \u00e4r dagligt referensintag.<\/em><\/strong><\/p>\n<p><strong>Ingredienser<\/strong>: Kalciumkarbonat, cellulosa, tv\u00e4rbundet cellulosagummi, klumpf\u00f6rebyggande medel<br \/>\n(kiseldioxid, stearinsyra, magnesiumsalter av fettsyror).<\/p>\n<p>Rekommenderad dos b\u00f6r ej \u00f6verskridas.<br \/>\nKosttillskott ers\u00e4tter inte en varierad kost.<br \/>\nProdukten f\u00f6rvaras o\u00e5tkomligt f\u00f6r sm\u00e5 barn.<\/p>\n<p>L\u00e4mplig f\u00f6r vegetarianer<\/p>\n","protected":false},"excerpt":{"rendered":"<ul>\n<li>En full dos p\u00e5 25mg zink per tablett<\/li>\n<li>Presenteras i citratform, som \u00e4r k\u00e4nd f\u00f6r att vara l\u00e4tt absorberad<\/li>\n<li>Sm\u00e5, l\u00e4ttsvalda tabletter, tillverkade i Storbritannien enligt farmaceutiska GMP-standarder<\/li>\n<li>Zink bidrar till immunsystemets normala funktion, normal fertilitet och reproduktion samt bibeh\u00e5llandet av normal syn<\/li>\n<li>Det \u00e4r ocks\u00e5 k\u00e4nt f\u00f6r att bidra till bibeh\u00e5llandet av normalt h\u00e5r, hud och naglar<\/li>\n<li>Denna styrka av zinktillskott \u00e4r avsett f\u00f6r korttidsanv\u00e4ndning f\u00f6r att snabbt korrigera brister.<\/li>\n<li>F\u00f6r underh\u00e5llsbruk rekommenderas 15mg<\/li>\n<\/ul>\n<p><strong>120 tabletter\u00a0<\/strong><\/p>\n","protected":false},"featured_media":10168,"comment_status":"open","ping_status":"closed","template":"","meta":{"_kad_blocks_custom_css":"","_kad_blocks_head_custom_js":"","_kad_blocks_body_custom_js":"","_kad_blocks_footer_custom_js":"","_kadence_starter_templates_imported_post":false,"_kad_post_transparent":"default","_kad_post_title":"","_kad_post_layout":"default","_kad_post_sidebar_id":"","_kad_post_content_style":"default","_kad_post_vertical_padding":"default","_kad_post_feature":"","_kad_post_feature_position":"","_kad_post_header":false,"_kad_post_footer":false,"_kad_post_classname":""},"product_brand":[],"product_cat":[195,176,1234,431,281,2827],"product_tag":[2369,205,1645,2112,2317,2366,1538,1468,1487,1028,285,2004,2367,2368,343],"class_list":{"0":"post-10098","1":"product","2":"type-product","3":"status-publish","4":"has-post-thumbnail","6":"product_cat-hud-skonhet","7":"product_cat-immunforsvar","8":"product_cat-lamberts","9":"product_cat-mage-tarm","10":"product_cat-mineraler","11":"product_cat-zink","12":"product_tag-25mg","13":"product_tag-antioxidant","14":"product_tag-benhalsa","15":"product_tag-cellreparation","16":"product_tag-halsa","17":"product_tag-harvaxt","18":"product_tag-hormonbalans","19":"product_tag-hudhalsa","20":"product_tag-hudvard","21":"product_tag-immunforsvar","22":"product_tag-kosttillskott","23":"product_tag-lamberts","24":"product_tag-metall","25":"product_tag-mikronaringsamne","26":"product_tag-zink","28":"first","29":"instock","30":"taxable","31":"shipping-taxable","32":"purchasable","33":"product-type-simple","34":"entry","35":"content-bg","36":"loop-entry"},"taxonomy_info":{"product_cat":[{"value":195,"label":"Hud &amp; Sk\u00f6nhet"},{"value":176,"label":"Immunf\u00f6rsvar"},{"value":1234,"label":"Lamberts"},{"value":431,"label":"Mage &amp; Tarm"},{"value":281,"label":"Mineraler"},{"value":2827,"label":"Zink"}],"product_tag":[{"value":2369,"label":"25mg"},{"value":205,"label":"antioxidant"},{"value":1645,"label":"Benh\u00e4lsa"},{"value":2112,"label":"cellreparation"},{"value":2317,"label":"H\u00e4lsa"},{"value":2366,"label":"H\u00e5rv\u00e4xt"},{"value":1538,"label":"Hormonbalans"},{"value":1468,"label":"Hudh\u00e4lsa"},{"value":1487,"label":"hudv\u00e5rd"},{"value":1028,"label":"immunf\u00f6rsvar"},{"value":285,"label":"kosttillskott"},{"value":2004,"label":"Lamberts"},{"value":2367,"label":"Metall"},{"value":2368,"label":"Mikron\u00e4rings\u00e4mne"},{"value":343,"label":"Zink"}]},"featured_image_src_large":["https:\/\/vitaminbutiken.com\/wp-content\/uploads\/2025\/03\/8286-zinc-25mg-780x700.jpg",780,700,true],"author_info":[],"comment_info":0,"_links":{"self":[{"href":"https:\/\/vitaminbutiken.com\/en\/wp-json\/wp\/v2\/product\/10098","targetHints":{"allow":["GET"]}}],"collection":[{"href":"https:\/\/vitaminbutiken.com\/en\/wp-json\/wp\/v2\/product"}],"about":[{"href":"https:\/\/vitaminbutiken.com\/en\/wp-json\/wp\/v2\/types\/product"}],"replies":[{"embeddable":true,"href":"https:\/\/vitaminbutiken.com\/en\/wp-json\/wp\/v2\/comments?post=10098"}],"wp:featuredmedia":[{"embeddable":true,"href":"https:\/\/vitaminbutiken.com\/en\/wp-json\/wp\/v2\/media\/10168"}],"wp:attachment":[{"href":"https:\/\/vitaminbutiken.com\/en\/wp-json\/wp\/v2\/media?parent=10098"}],"wp:term":[{"taxonomy":"product_brand","embeddable":true,"href":"https:\/\/vitaminbutiken.com\/en\/wp-json\/wp\/v2\/product_brand?post=10098"},{"taxonomy":"product_cat","embeddable":true,"href":"https:\/\/vitaminbutiken.com\/en\/wp-json\/wp\/v2\/product_cat?post=10098"},{"taxonomy":"product_tag","embeddable":true,"href":"https:\/\/vitaminbutiken.com\/en\/wp-json\/wp\/v2\/product_tag?post=10098"}],"curies":[{"name":"wp","href":"https:\/\/api.w.org\/{rel}","templated":true}]}}