{"id":10095,"date":"2025-03-19T16:20:06","date_gmt":"2025-03-19T14:20:06","guid":{"rendered":"https:\/\/vitaminbutiken.multi.fi\/?post_type=product&#038;p=10095"},"modified":"2026-05-02T00:00:45","modified_gmt":"2026-05-01T22:00:45","slug":"zinc-15mg-lamberts","status":"publish","type":"product","link":"https:\/\/vitaminbutiken.com\/en\/produkt\/zinc-15mg-lamberts\/","title":{"rendered":"Zink 15mg (som citrat) &#8211; Lamberts"},"content":{"rendered":"<p data-start=\"222\" data-end=\"283\"><strong data-start=\"222\" data-end=\"283\">H\u00f6gupptagligt zink f\u00f6r immunf\u00f6rsvar, hud och hormonbalans<\/strong><\/p>\n<p data-start=\"285\" data-end=\"536\">Lamberts Zinc 15 mg \u00e4r ett h\u00f6gkvalitativt zinktillskott som inneh\u00e5ller zink i form av zinkcitrat \u2013 en v\u00e4lupptaglig och biotillg\u00e4nglig form av detta viktiga sp\u00e5r\u00e4mne. Varje tablett ger 15 mg zink, motsvarande 150 % av det dagliga referensintaget (DRI).<\/p>\n<p data-start=\"538\" data-end=\"703\">Zink \u00e4r ett essentiellt mineral som deltar i \u00f6ver 300 enzymatiska processer i kroppen och spelar en central roll f\u00f6r immunf\u00f6rsvar, hud, fertilitet och cellf\u00f6rnyelse.<\/p>\n<p data-start=\"538\" data-end=\"703\"><strong>Immunf\u00f6rsvar<\/strong><\/p>\n<p data-start=\"731\" data-end=\"736\">Zink:<\/p>\n<ul data-start=\"738\" data-end=\"841\">\n<li data-start=\"738\" data-end=\"785\">\n<p data-start=\"740\" data-end=\"785\">bidrar till immunsystemets normala funktion<\/p>\n<\/li>\n<li data-start=\"786\" data-end=\"841\">\n<p data-start=\"788\" data-end=\"841\">bidrar till att skydda cellerna mot oxidativ stress<\/p>\n<\/li>\n<\/ul>\n<p data-start=\"843\" data-end=\"937\">Zink \u00e4r en viktig del av kroppens naturliga f\u00f6rsvar och ing\u00e5r i flera antioxidativa processer.<\/p>\n<p data-start=\"843\" data-end=\"937\"><strong>Hud, h\u00e5r och naglar<\/strong><\/p>\n<p data-start=\"971\" data-end=\"976\">Zink:<\/p>\n<ul data-start=\"978\" data-end=\"1105\">\n<li data-start=\"978\" data-end=\"1018\">\n<p data-start=\"980\" data-end=\"1018\">bidrar till att bibeh\u00e5lla normal hud<\/p>\n<\/li>\n<li data-start=\"1019\" data-end=\"1060\">\n<p data-start=\"1021\" data-end=\"1060\">bidrar till att bibeh\u00e5lla normalt h\u00e5r<\/p>\n<\/li>\n<li data-start=\"1061\" data-end=\"1105\">\n<p data-start=\"1063\" data-end=\"1105\">bidrar till att bibeh\u00e5lla normala naglar<\/p>\n<\/li>\n<\/ul>\n<p data-start=\"1107\" data-end=\"1172\">Zink spelar en viktig roll i cellf\u00f6rnyelse och v\u00e4vnadsuppbyggnad.<\/p>\n<p data-start=\"1107\" data-end=\"1172\"><strong>Fertilitet och hormoner<\/strong><\/p>\n<p data-start=\"1210\" data-end=\"1215\">Zink:<\/p>\n<ul data-start=\"1217\" data-end=\"1332\">\n<li data-start=\"1217\" data-end=\"1267\">\n<p data-start=\"1219\" data-end=\"1267\">bidrar till normal fertilitet och reproduktion<\/p>\n<\/li>\n<li data-start=\"1268\" data-end=\"1332\">\n<p data-start=\"1270\" data-end=\"1332\">bidrar till att bibeh\u00e5lla normala testosteronniv\u00e5er i blodet<\/p>\n<\/li>\n<\/ul>\n<p data-start=\"1334\" data-end=\"1398\">Zink \u00e4r s\u00e4rskilt viktigt f\u00f6r hormonbalans och reproduktiv h\u00e4lsa.<\/p>\n<p data-start=\"1334\" data-end=\"1398\"><strong>Syn och kognitiv funktion<\/strong><\/p>\n<p data-start=\"1439\" data-end=\"1444\">Zink:<\/p>\n<ul data-start=\"1446\" data-end=\"1527\">\n<li data-start=\"1446\" data-end=\"1486\">\n<p data-start=\"1448\" data-end=\"1486\">bidrar till att bibeh\u00e5lla normal syn<\/p>\n<\/li>\n<li data-start=\"1487\" data-end=\"1527\">\n<p data-start=\"1489\" data-end=\"1527\">bidrar till normal kognitiv funktion<\/p>\n<\/li>\n<\/ul>\n<p data-start=\"1568\" data-end=\"1573\"><strong>Celldelning och DNA-syntes<\/strong><\/p>\n<p data-start=\"1568\" data-end=\"1573\">Zink:<\/p>\n<ul data-start=\"1575\" data-end=\"1740\">\n<li data-start=\"1575\" data-end=\"1614\">\n<p data-start=\"1577\" data-end=\"1614\">har en roll i celldelningsprocessen<\/p>\n<\/li>\n<li data-start=\"1615\" data-end=\"1648\">\n<p data-start=\"1617\" data-end=\"1648\">bidrar till normal DNA-syntes<\/p>\n<\/li>\n<li data-start=\"1649\" data-end=\"1685\">\n<p data-start=\"1651\" data-end=\"1685\">bidrar till normal proteinsyntes<\/p>\n<\/li>\n<li data-start=\"1686\" data-end=\"1740\">\n<p data-start=\"1688\" data-end=\"1740\">bidrar till normal oms\u00e4ttning av makron\u00e4rings\u00e4mnen<\/p>\n<\/li>\n<\/ul>\n<p data-start=\"1742\" data-end=\"1836\">Zink \u00e4r en grundl\u00e4ggande n\u00e4ringsfaktor f\u00f6r kroppens biologiska processer och v\u00e4vnadsf\u00f6rnyelse.<\/p>\n<p data-start=\"1742\" data-end=\"1836\"><strong>Zinkcitrat \u2013 maximal absorption<\/strong><\/p>\n<p data-start=\"1879\" data-end=\"2053\">Denna produkt inneh\u00e5ller zink i citratform, som \u00e4r k\u00e4nd f\u00f6r sin goda l\u00f6slighet och h\u00f6ga biotillg\u00e4nglighet. Zinkcitrat \u00e4r en form som kroppen effektivt kan ta upp och anv\u00e4nda.<\/p>\n<p data-start=\"2055\" data-end=\"2155\">15 mg per tablett ger en balanserad och effektiv dos f\u00f6r dagligt bruk enligt rekommenderad dosering.<\/p>\n<p data-start=\"2055\" data-end=\"2155\"><strong>F\u00f6r vem passar Zinc 15 mg?<\/strong><\/p>\n<p data-start=\"2193\" data-end=\"2234\">Produkten kan vara s\u00e4rskilt relevant f\u00f6r:<\/p>\n<ul data-start=\"2236\" data-end=\"2458\">\n<li data-start=\"2236\" data-end=\"2279\">\n<p data-start=\"2238\" data-end=\"2279\">personer som vill st\u00f6dja immunf\u00f6rsvaret<\/p>\n<\/li>\n<li data-start=\"2280\" data-end=\"2306\">\n<p data-start=\"2282\" data-end=\"2306\">personer med hudbesv\u00e4r<\/p>\n<\/li>\n<li data-start=\"2307\" data-end=\"2363\">\n<p data-start=\"2309\" data-end=\"2363\">m\u00e4n som vill st\u00f6dja fertilitet och testosteronniv\u00e5er<\/p>\n<\/li>\n<li data-start=\"2364\" data-end=\"2393\">\n<p data-start=\"2366\" data-end=\"2393\">personer med ensidig kost<\/p>\n<\/li>\n<li data-start=\"2394\" data-end=\"2422\">\n<p data-start=\"2396\" data-end=\"2422\">vegetarianer och veganer<\/p>\n<\/li>\n<li data-start=\"2423\" data-end=\"2458\">\n<p data-start=\"2425\" data-end=\"2458\">personer med \u00f6kat behov av zink<\/p>\n<\/li>\n<\/ul>\n<p data-start=\"2492\" data-end=\"2703\"><strong>Kvalitet fr\u00e5n lamberts<\/strong><\/p>\n<p data-start=\"2492\" data-end=\"2703\">Lamberts \u00e4r k\u00e4nt f\u00f6r sina h\u00f6ga kvalitetsstandarder och noggrant kontrollerade r\u00e5varor. Zink 15 mg (som citrat) tillverkas enligt strikta kvalitetskrav f\u00f6r att s\u00e4kerst\u00e4lla renhet, stabilitet och korrekt dosering.<\/p>\n<p data-start=\"2705\" data-end=\"2804\">Tabletterna \u00e4r sm\u00e5 och l\u00e4tta att sv\u00e4lja och avsedda f\u00f6r dagligt bruk enligt rekommenderad dosering.<\/p>\n<p><strong> Dosering<\/strong>: 1 tablett dagligen i samband med m\u00e5ltid.<\/p>\n<table style=\"height: 80px;\" border=\"1\" width=\"621\" cellspacing=\"0\" cellpadding=\"0\">\n<tbody>\n<tr>\n<td valign=\"top\" width=\"30%\"><strong>1 tablett inneh\u00e5ller<\/strong><\/td>\n<td valign=\"top\" width=\"20%\"><strong> M\u00e4ngd<\/strong><\/td>\n<td valign=\"top\" width=\"30%\"><strong>%DRI*<\/strong><\/td>\n<\/tr>\n<tr>\n<td valign=\"top\" width=\"30%\">Zink<\/td>\n<td valign=\"top\" width=\"20%\">15 mg<\/td>\n<td valign=\"top\" width=\"20%\">150 %<\/td>\n<\/tr>\n<\/tbody>\n<\/table>\n<p><strong><em>*DRI \u00e4r dagligt referensintag.<\/em><\/strong><\/p>\n<p><strong>Ingredienser<\/strong>: Fyllnadsmedel (kalciumkarbonat, cellulosa), zinkcitrat, modifierad st\u00e4rkelse, klumpf\u00f6rebyggande medel (kiseldioxid, magnesiumsalter av fettsyror, stearinsyra).<\/p>\n<p>Rekommenderad daglig dos b\u00f6r ej \u00f6verskridas.<br \/>\nKosttillskott ers\u00e4tter inte en varierad kost.<br \/>\nProdukten f\u00f6rvaras o\u00e5tkomligt f\u00f6r sm\u00e5 barn.<\/p>\n<p>L\u00e4mplig f\u00f6r vegetarianer<\/p>\n","protected":false},"excerpt":{"rendered":"<p>Zinc 15 mg (som citrat) \u2013 Maximal Absorption fr\u00e5n Lamberts \u00e4r ett h\u00f6gupptagligt zinktillskott som bidrar till sunt immunf\u00f6rsvar, hud, h\u00e5r och naglar, fertilitet och hormonbalans samt skydd mot oxidativ stress \u2013 i en biotillg\u00e4nglig och noggrant doserad form. Ett idealiskt kosttillskott f\u00f6r l\u00e5ngvarig anv\u00e4ndning.<\/p>\n<ul>\n<li>Citratformen av zink \u00e4r k\u00e4nd f\u00f6r att vara l\u00e4tt absorberad.<\/li>\n<li>Zink bidrar till immunsystemets normala funktion, normal fertilitet och reproduktion samt bibeh\u00e5llandet av normal syn.<\/li>\n<li>Det \u00e4r ocks\u00e5 k\u00e4nt f\u00f6r att bidra till att bibeh\u00e5lla normalt h\u00e5r, hud och naglar.<\/li>\n<li>Dessa sm\u00e5, l\u00e4ttsvalda tabletter tillverkas i Storbritannien enligt farmaceutiska GMP-standarder.<\/li>\n<\/ul>\n<p><strong>90 eller 180 tabletter<\/strong><\/p>\n","protected":false},"featured_media":10166,"comment_status":"open","ping_status":"closed","template":"","meta":{"_kad_blocks_custom_css":"","_kad_blocks_head_custom_js":"","_kad_blocks_body_custom_js":"","_kad_blocks_footer_custom_js":"","_kadence_starter_templates_imported_post":false,"_kad_post_transparent":"default","_kad_post_title":"","_kad_post_layout":"default","_kad_post_sidebar_id":"","_kad_post_content_style":"default","_kad_post_vertical_padding":"default","_kad_post_feature":"","_kad_post_feature_position":"","_kad_post_header":false,"_kad_post_footer":false,"_kad_post_classname":""},"product_brand":[],"product_cat":[195,176,1234,281,2827],"product_tag":[2365,205,1645,2112,2317,2366,1468,1487,1028,285,2004,2367,2368,343],"class_list":{"0":"post-10095","1":"product","2":"type-product","3":"status-publish","4":"has-post-thumbnail","6":"product_cat-hud-skonhet","7":"product_cat-immunforsvar","8":"product_cat-lamberts","9":"product_cat-mineraler","10":"product_cat-zink","11":"product_tag-15mg","12":"product_tag-antioxidant","13":"product_tag-benhalsa","14":"product_tag-cellreparation","15":"product_tag-halsa","16":"product_tag-harvaxt","17":"product_tag-hudhalsa","18":"product_tag-hudvard","19":"product_tag-immunforsvar","20":"product_tag-kosttillskott","21":"product_tag-lamberts","22":"product_tag-metall","23":"product_tag-mikronaringsamne","24":"product_tag-zink","26":"first","27":"instock","28":"taxable","29":"shipping-taxable","30":"purchasable","31":"product-type-variable","32":"entry","33":"content-bg","34":"loop-entry"},"taxonomy_info":{"product_cat":[{"value":195,"label":"Hud &amp; Sk\u00f6nhet"},{"value":176,"label":"Immunf\u00f6rsvar"},{"value":1234,"label":"Lamberts"},{"value":281,"label":"Mineraler"},{"value":2827,"label":"Zink"}],"product_tag":[{"value":2365,"label":"15mg"},{"value":205,"label":"antioxidant"},{"value":1645,"label":"Benh\u00e4lsa"},{"value":2112,"label":"cellreparation"},{"value":2317,"label":"H\u00e4lsa"},{"value":2366,"label":"H\u00e5rv\u00e4xt"},{"value":1468,"label":"Hudh\u00e4lsa"},{"value":1487,"label":"hudv\u00e5rd"},{"value":1028,"label":"immunf\u00f6rsvar"},{"value":285,"label":"kosttillskott"},{"value":2004,"label":"Lamberts"},{"value":2367,"label":"Metall"},{"value":2368,"label":"Mikron\u00e4rings\u00e4mne"},{"value":343,"label":"Zink"}]},"featured_image_src_large":["https:\/\/vitaminbutiken.com\/wp-content\/uploads\/2025\/03\/8282-Zinc-15-mg-780x700.jpg",780,700,true],"author_info":[],"comment_info":0,"_links":{"self":[{"href":"https:\/\/vitaminbutiken.com\/en\/wp-json\/wp\/v2\/product\/10095","targetHints":{"allow":["GET"]}}],"collection":[{"href":"https:\/\/vitaminbutiken.com\/en\/wp-json\/wp\/v2\/product"}],"about":[{"href":"https:\/\/vitaminbutiken.com\/en\/wp-json\/wp\/v2\/types\/product"}],"replies":[{"embeddable":true,"href":"https:\/\/vitaminbutiken.com\/en\/wp-json\/wp\/v2\/comments?post=10095"}],"wp:featuredmedia":[{"embeddable":true,"href":"https:\/\/vitaminbutiken.com\/en\/wp-json\/wp\/v2\/media\/10166"}],"wp:attachment":[{"href":"https:\/\/vitaminbutiken.com\/en\/wp-json\/wp\/v2\/media?parent=10095"}],"wp:term":[{"taxonomy":"product_brand","embeddable":true,"href":"https:\/\/vitaminbutiken.com\/en\/wp-json\/wp\/v2\/product_brand?post=10095"},{"taxonomy":"product_cat","embeddable":true,"href":"https:\/\/vitaminbutiken.com\/en\/wp-json\/wp\/v2\/product_cat?post=10095"},{"taxonomy":"product_tag","embeddable":true,"href":"https:\/\/vitaminbutiken.com\/en\/wp-json\/wp\/v2\/product_tag?post=10095"}],"curies":[{"name":"wp","href":"https:\/\/api.w.org\/{rel}","templated":true}]}}