{"id":10091,"date":"2025-03-19T16:20:05","date_gmt":"2025-03-19T14:20:05","guid":{"rendered":"https:\/\/vitaminbutiken.multi.fi\/?post_type=product&#038;p=10091"},"modified":"2026-03-23T13:40:15","modified_gmt":"2026-03-23T12:40:15","slug":"gtf-chromium-lamberts","status":"publish","type":"product","link":"https:\/\/vitaminbutiken.com\/en\/produkt\/gtf-chromium-lamberts\/","title":{"rendered":"GTF Chromium &#8211; Lamberts"},"content":{"rendered":"<p data-start=\"69\" data-end=\"296\">Denna produkt inneh\u00e5ller krom i form av pikolinat, eftersom studier visar att denna form tas upp v\u00e4l av kroppen. Varje tablett ger hela 200\u00b5g krom och v\u00e5r produkt tillverkas enligt GMP-farmaceutiska standarder i Storbritannien.<\/p>\n<p data-start=\"298\" data-end=\"701\">Krom bidrar till att uppr\u00e4tth\u00e5lla normala blodsockerniv\u00e5er och vikten av detta mineral har nyligen officiellt erk\u00e4nts genom att det f\u00e5tt ett n\u00e4ringsreferensv\u00e4rde (NRV). Krom \u00e4r ett essentiellt n\u00e4rings\u00e4mne som tenderar att f\u00f6rloras fr\u00e5n livsmedel vid bearbetning och raffinering, vilket g\u00f6r att kosth\u00e5llningar som \u00e4r fattiga p\u00e5 fullkornsprodukter kan ha otillr\u00e4ckliga niv\u00e5er av detta viktiga sp\u00e5rmineral.<\/p>\n<p data-start=\"703\" data-end=\"913\">M\u00e5nga av Lamberts\u00ae multivitamin- och mineraltillskott inneh\u00e5ller ocks\u00e5 200\u00b5g krom per dag, och ett s\u00e5dant kan vara ett klokt val f\u00f6r alla som har en kost som best\u00e5r till stor del av starkt bearbetade livsmedel.<\/p>\n<p><strong> Dosering<\/strong>: 1 tablett dagligen i samband med m\u00e5ltid.<\/p>\n<table style=\"height: 80px;\" border=\"1\" width=\"621\" cellspacing=\"0\" cellpadding=\"0\">\n<tbody>\n<tr>\n<td valign=\"top\" width=\"30%\"><strong>1 tablett inneh\u00e5ller<\/strong><\/td>\n<td valign=\"top\" width=\"20%\"><strong> M\u00e4ngd<\/strong><\/td>\n<td valign=\"top\" width=\"30%\"><strong>%DRI*<\/strong><\/td>\n<\/tr>\n<tr>\n<td valign=\"top\" width=\"30%\"><strong>Krom GTF\u00a0<\/strong><\/td>\n<td valign=\"top\" width=\"20%\">200 \u00b5g<\/td>\n<td valign=\"top\" width=\"30%\">500 %<\/td>\n<\/tr>\n<\/tbody>\n<\/table>\n<p><strong><em>*DRI \u00e4r dagligt referensintag.<\/em><\/strong><\/p>\n<p><strong>Ingredienser<\/strong>: Cellulosa, dikalciumfosfat, tv\u00e4rbundet cellulosagummi, klumpf\u00f6rebyggande medel<br \/>\n(kiseldioxid, stearinsyra och magnesiumsalter av fettsyror), tablettbel\u00e4ggning (hydroxypropylmetylcellulosa, glycerin), krompikolinat.<\/p>\n<p>Rekommenderad dos b\u00f6r ej \u00f6verskridas.<br \/>\nKosttillskott ers\u00e4tter inte en varierad kost.<br \/>\nProdukten f\u00f6rvaras o\u00e5tkomligt f\u00f6r sm\u00e5 barn.<\/p>\n<p>L\u00e4mplig f\u00f6r veganer<\/p>\n","protected":false},"excerpt":{"rendered":"<ul>\n<li>Inneh\u00e5ller krom i form av pikolinat, eftersom studier visar att denna form tas upp v\u00e4l av kroppen.<\/li>\n<li>Varje tablett ger hela 200\u00b5g krom.<\/li>\n<li>Krom bidrar till att uppr\u00e4tth\u00e5lla normala blodsockerniv\u00e5er.<\/li>\n<li>Denna minerals vikt har nyligen officiellt erk\u00e4nts genom att den tilldelats ett n\u00e4ringsreferensv\u00e4rde (NRV).<\/li>\n<li>Krom f\u00f6rloras fr\u00e5n livsmedel genom bearbetning och raffinering.<\/li>\n<li>Ett klokt val f\u00f6r alla som har en kost som best\u00e5r fr\u00e4mst av starkt bearbetade livsmedel.<\/li>\n<li>En tablett per dag.<\/li>\n<\/ul>\n<p><strong>100 tabletter<\/strong><\/p>\n","protected":false},"featured_media":10154,"comment_status":"open","ping_status":"closed","template":"","meta":{"_kad_blocks_custom_css":"","_kad_blocks_head_custom_js":"","_kad_blocks_body_custom_js":"","_kad_blocks_footer_custom_js":"","_kadence_starter_templates_imported_post":false,"_kad_post_transparent":"default","_kad_post_title":"","_kad_post_layout":"default","_kad_post_sidebar_id":"","_kad_post_content_style":"default","_kad_post_vertical_padding":"default","_kad_post_feature":"","_kad_post_feature_position":"","_kad_post_header":false,"_kad_post_footer":false,"_kad_post_classname":""},"product_brand":[],"product_cat":[2816,1234,281],"product_tag":[2186,2359,1965,1112,2362,2360,2317,2361,285,866,2004,2059,1981,2028],"class_list":{"0":"post-10091","1":"product","2":"type-product","3":"status-publish","4":"has-post-thumbnail","6":"product_cat-krom","7":"product_cat-lamberts","8":"product_cat-mineraler","9":"product_tag-blodsockerbalans","10":"product_tag-blodsockernivaer","11":"product_tag-blodsockerreglering","12":"product_tag-energi","13":"product_tag-gtf-krom","14":"product_tag-hallbar-energi","15":"product_tag-halsa","16":"product_tag-insulin","17":"product_tag-kosttillskott","18":"product_tag-krom","19":"product_tag-lamberts","20":"product_tag-metabolism","21":"product_tag-mineral","22":"product_tag-viktkontroll","24":"first","25":"instock","26":"taxable","27":"shipping-taxable","28":"purchasable","29":"product-type-simple","30":"entry","31":"content-bg","32":"loop-entry"},"taxonomy_info":{"product_cat":[{"value":2816,"label":"Krom"},{"value":1234,"label":"Lamberts"},{"value":281,"label":"Mineraler"}],"product_tag":[{"value":2186,"label":"Blodsockerbalans"},{"value":2359,"label":"Blodsockerniv\u00e5er"},{"value":1965,"label":"blodsockerreglering"},{"value":1112,"label":"energi"},{"value":2362,"label":"GTF-krom"},{"value":2360,"label":"H\u00e5llbar energi."},{"value":2317,"label":"H\u00e4lsa"},{"value":2361,"label":"Insulin"},{"value":285,"label":"kosttillskott"},{"value":866,"label":"Krom"},{"value":2004,"label":"Lamberts"},{"value":2059,"label":"metabolism"},{"value":1981,"label":"mineral"},{"value":2028,"label":"viktkontroll"}]},"featured_image_src_large":["https:\/\/vitaminbutiken.com\/wp-content\/uploads\/2025\/03\/8237-Chromium-GTF-780x700.jpg",780,700,true],"author_info":[],"comment_info":0,"_links":{"self":[{"href":"https:\/\/vitaminbutiken.com\/en\/wp-json\/wp\/v2\/product\/10091","targetHints":{"allow":["GET"]}}],"collection":[{"href":"https:\/\/vitaminbutiken.com\/en\/wp-json\/wp\/v2\/product"}],"about":[{"href":"https:\/\/vitaminbutiken.com\/en\/wp-json\/wp\/v2\/types\/product"}],"replies":[{"embeddable":true,"href":"https:\/\/vitaminbutiken.com\/en\/wp-json\/wp\/v2\/comments?post=10091"}],"wp:featuredmedia":[{"embeddable":true,"href":"https:\/\/vitaminbutiken.com\/en\/wp-json\/wp\/v2\/media\/10154"}],"wp:attachment":[{"href":"https:\/\/vitaminbutiken.com\/en\/wp-json\/wp\/v2\/media?parent=10091"}],"wp:term":[{"taxonomy":"product_brand","embeddable":true,"href":"https:\/\/vitaminbutiken.com\/en\/wp-json\/wp\/v2\/product_brand?post=10091"},{"taxonomy":"product_cat","embeddable":true,"href":"https:\/\/vitaminbutiken.com\/en\/wp-json\/wp\/v2\/product_cat?post=10091"},{"taxonomy":"product_tag","embeddable":true,"href":"https:\/\/vitaminbutiken.com\/en\/wp-json\/wp\/v2\/product_tag?post=10091"}],"curies":[{"name":"wp","href":"https:\/\/api.w.org\/{rel}","templated":true}]}}