{"id":10090,"date":"2025-03-19T16:20:04","date_gmt":"2025-03-19T14:20:04","guid":{"rendered":"https:\/\/vitaminbutiken.multi.fi\/?post_type=product&#038;p=10090"},"modified":"2026-03-30T14:26:27","modified_gmt":"2026-03-30T12:26:27","slug":"chromium-complex-lamberts","status":"publish","type":"product","link":"https:\/\/vitaminbutiken.com\/en\/produkt\/chromium-complex-lamberts\/","title":{"rendered":"Chromium Komplex &#8211; Lamberts"},"content":{"rendered":"<p data-start=\"69\" data-end=\"420\">Detta \u00e4r en en-dag-formel som tillhandah\u00e5ller krom, ett essentiellt n\u00e4rings\u00e4mne som bidrar till uppr\u00e4tth\u00e5llandet av normala blodsockerniv\u00e5er. Krom \u00e4r ett viktigt n\u00e4rings\u00e4mne som tenderar att f\u00f6rlora sig i livsmedel genom bearbetning och raffinering, och dieter som \u00e4r l\u00e5ga i fullkornsprodukter kan ge otillr\u00e4ckliga niv\u00e5er av detta viktiga sp\u00e5rmineral.<\/p>\n<p data-start=\"422\" data-end=\"649\">Vi anv\u00e4nder en organisk form av krom som kallas krompikolinat f\u00f6r att s\u00e4kerst\u00e4lla maximal absorption och anv\u00e4ndning. Varje tablett ger hela 200\u00b5g krom och v\u00e5r produkt tillverkas enligt GMP-standarder f\u00f6r l\u00e4kemedelstillverkning.<\/p>\n<p data-start=\"651\" data-end=\"891\">Varje tablett ger ocks\u00e5 h\u00f6ga niv\u00e5er av magnesium, ett mineral som bidrar till att minska tr\u00f6tthet och utmattning, samt andra n\u00e4rings\u00e4mnen som \u00e4r k\u00e4nda f\u00f6r att bidra till de metaboliska processerna genom vilka kroppen frig\u00f6r energi fr\u00e5n mat.<\/p>\n<p><strong> Dosering<\/strong>: 1 tablett dagligen i samband med m\u00e5ltid.<\/p>\n<table style=\"height: 80px;\" border=\"1\" width=\"621\" cellspacing=\"0\" cellpadding=\"0\">\n<tbody>\n<tr>\n<td valign=\"top\" width=\"30%\"><strong>1 tablett inneh\u00e5ller<\/strong><\/td>\n<td valign=\"top\" width=\"20%\"><strong> M\u00e4ngd<\/strong><\/td>\n<td valign=\"top\" width=\"30%\"><strong>%DRI*<\/strong><\/td>\n<\/tr>\n<tr>\n<td valign=\"top\" width=\"30%\">Vitamin C<\/td>\n<td valign=\"top\" width=\"20%\">100 mg<\/td>\n<td valign=\"top\" width=\"20%\">125 %<\/td>\n<\/tr>\n<tr>\n<td valign=\"top\" width=\"30%\">Tiamin<\/td>\n<td valign=\"top\" width=\"20%\">5 mg<\/td>\n<td valign=\"top\" width=\"20%\">455 %<\/td>\n<\/tr>\n<tr>\n<td valign=\"top\" width=\"30%\">Niasin<\/td>\n<td valign=\"top\" width=\"20%\">5 mg<\/td>\n<td valign=\"top\" width=\"20%\">31 %<\/td>\n<\/tr>\n<tr>\n<td valign=\"top\" width=\"30%\">Vitamin B6<\/td>\n<td valign=\"top\" width=\"20%\">5 mg<\/td>\n<td valign=\"top\" width=\"20%\">357 %<\/td>\n<\/tr>\n<tr>\n<td valign=\"top\" width=\"30%\">Magnesium<\/td>\n<td valign=\"top\" width=\"20%\">300 mg<\/td>\n<td valign=\"top\" width=\"20%\">80 %<\/td>\n<\/tr>\n<tr>\n<td valign=\"top\" width=\"30%\">Zink<\/td>\n<td valign=\"top\" width=\"20%\">15 mg<\/td>\n<td valign=\"top\" width=\"20%\">150 %<\/td>\n<\/tr>\n<tr>\n<td valign=\"top\" width=\"30%\">Koppar<\/td>\n<td valign=\"top\" width=\"20%\">0,5 mg<\/td>\n<td valign=\"top\" width=\"20%\">50 %<\/td>\n<\/tr>\n<tr>\n<td valign=\"top\" width=\"30%\">Krom<\/td>\n<td valign=\"top\" width=\"20%\">200 \u00b5g<\/td>\n<td valign=\"top\" width=\"20%\">500 %<\/td>\n<\/tr>\n<\/tbody>\n<\/table>\n<p><strong><em>*DRI \u00e4r dagligt referensintag.<\/em><\/strong><\/p>\n<p><strong>Ingredienser<\/strong>: Magnesium (hydroxid, oxid) vitamin C (askorbinsyra), cellulosa, zinkcitrat, tablett\u00f6verdrag<br \/>\n(glaseringsmedel: kalciumkarbonat, isomalt, hydroxypropylmetylcellulosa), hydroxypropylcellu<br \/>\nlosa, klumpf\u00f6rebyggande medel (stearinsyra, kiseldioxid, magnesiumsalter av fettsyror), vitamin B1<br \/>\n(tiamin), vitamin B6 (pyridioxin hydroklorid), vitamin B3 (nikotinamid) kopparglukonat, krompikolinat.<\/p>\n<p>Rekommenderad dos b\u00f6r ej \u00f6verskridas.<br \/>\nKosttillskott ers\u00e4tter inte en varierad kost.<br \/>\nProdukten f\u00f6rvaras o\u00e5tkomligt f\u00f6r sm\u00e5 barn.<\/p>\n<p>L\u00e4mplig f\u00f6r veganer<\/p>\n","protected":false},"excerpt":{"rendered":"<ul>\n<li>Ger relevanta niv\u00e5er av n\u00e4rings\u00e4mnen som kr\u00e4vs f\u00f6r att hj\u00e4lpa till att bibeh\u00e5lla normala blodsockerniv\u00e5er (glukos).<\/li>\n<li>Inkluderar hela 200\u00b5g krom.<\/li>\n<li>Vi anv\u00e4nder en organisk form av krom, kallad pikolinat, f\u00f6r att hj\u00e4lpa till med maximal absorption och utnyttjande.<\/li>\n<li>En dos per dag.<\/li>\n<\/ul>\n<p><strong>60 tabletter<\/strong><\/p>\n","protected":false},"featured_media":10152,"comment_status":"open","ping_status":"closed","template":"","meta":{"_kad_blocks_custom_css":"","_kad_blocks_head_custom_js":"","_kad_blocks_body_custom_js":"","_kad_blocks_footer_custom_js":"","_kadence_starter_templates_imported_post":false,"_kad_post_transparent":"default","_kad_post_title":"","_kad_post_layout":"default","_kad_post_sidebar_id":"","_kad_post_content_style":"default","_kad_post_vertical_padding":"default","_kad_post_feature":"","_kad_post_feature_position":"","_kad_post_header":false,"_kad_post_footer":false,"_kad_post_classname":""},"product_brand":[],"product_cat":[2816,1234,281,2822],"product_tag":[2186,2359,1965,1112,2360,2317,2361,285,866,2004,2059,1981,2028],"class_list":{"0":"post-10090","1":"product","2":"type-product","3":"status-publish","4":"has-post-thumbnail","6":"product_cat-krom","7":"product_cat-lamberts","8":"product_cat-mineraler","9":"product_cat-multi-produkter","10":"product_tag-blodsockerbalans","11":"product_tag-blodsockernivaer","12":"product_tag-blodsockerreglering","13":"product_tag-energi","14":"product_tag-hallbar-energi","15":"product_tag-halsa","16":"product_tag-insulin","17":"product_tag-kosttillskott","18":"product_tag-krom","19":"product_tag-lamberts","20":"product_tag-metabolism","21":"product_tag-mineral","22":"product_tag-viktkontroll","24":"first","25":"instock","26":"taxable","27":"shipping-taxable","28":"purchasable","29":"product-type-simple","30":"entry","31":"content-bg","32":"loop-entry"},"taxonomy_info":{"product_cat":[{"value":2816,"label":"Krom"},{"value":1234,"label":"Lamberts"},{"value":281,"label":"Mineraler"},{"value":2822,"label":"Multi produkter"}],"product_tag":[{"value":2186,"label":"Blodsockerbalans"},{"value":2359,"label":"Blodsockerniv\u00e5er"},{"value":1965,"label":"blodsockerreglering"},{"value":1112,"label":"energi"},{"value":2360,"label":"H\u00e5llbar energi."},{"value":2317,"label":"H\u00e4lsa"},{"value":2361,"label":"Insulin"},{"value":285,"label":"kosttillskott"},{"value":866,"label":"Krom"},{"value":2004,"label":"Lamberts"},{"value":2059,"label":"metabolism"},{"value":1981,"label":"mineral"},{"value":2028,"label":"viktkontroll"}]},"featured_image_src_large":["https:\/\/vitaminbutiken.com\/wp-content\/uploads\/2025\/03\/8236-Chromium-complex-780x700.jpg",780,700,true],"author_info":[],"comment_info":0,"_links":{"self":[{"href":"https:\/\/vitaminbutiken.com\/en\/wp-json\/wp\/v2\/product\/10090","targetHints":{"allow":["GET"]}}],"collection":[{"href":"https:\/\/vitaminbutiken.com\/en\/wp-json\/wp\/v2\/product"}],"about":[{"href":"https:\/\/vitaminbutiken.com\/en\/wp-json\/wp\/v2\/types\/product"}],"replies":[{"embeddable":true,"href":"https:\/\/vitaminbutiken.com\/en\/wp-json\/wp\/v2\/comments?post=10090"}],"wp:featuredmedia":[{"embeddable":true,"href":"https:\/\/vitaminbutiken.com\/en\/wp-json\/wp\/v2\/media\/10152"}],"wp:attachment":[{"href":"https:\/\/vitaminbutiken.com\/en\/wp-json\/wp\/v2\/media?parent=10090"}],"wp:term":[{"taxonomy":"product_brand","embeddable":true,"href":"https:\/\/vitaminbutiken.com\/en\/wp-json\/wp\/v2\/product_brand?post=10090"},{"taxonomy":"product_cat","embeddable":true,"href":"https:\/\/vitaminbutiken.com\/en\/wp-json\/wp\/v2\/product_cat?post=10090"},{"taxonomy":"product_tag","embeddable":true,"href":"https:\/\/vitaminbutiken.com\/en\/wp-json\/wp\/v2\/product_tag?post=10090"}],"curies":[{"name":"wp","href":"https:\/\/api.w.org\/{rel}","templated":true}]}}