{"id":10089,"date":"2025-03-19T16:20:03","date_gmt":"2025-03-19T14:20:03","guid":{"rendered":"https:\/\/vitaminbutiken.multi.fi\/?post_type=product&#038;p=10089"},"modified":"2026-03-31T14:34:41","modified_gmt":"2026-03-31T12:34:41","slug":"vitamin-d3-2000iu-lamberts","status":"publish","type":"product","link":"https:\/\/vitaminbutiken.com\/en\/produkt\/vitamin-d3-2000iu-lamberts\/","title":{"rendered":"Vitamin D3 2000iu &#8211; Lamberts"},"content":{"rendered":"<p data-start=\"69\" data-end=\"656\">V\u00e5ra kroppar f\u00e5r vitamin D (som strikt talat \u00e4r ett steroidhormon) fr\u00e5n tv\u00e5 k\u00e4llor: v\u00e5r kost och fr\u00e5n solens p\u00e5verkan p\u00e5 huden som driver den naturliga produktionen i kroppen. Om vi alla hade gott om sol skulle vi ha tillr\u00e4ckligt med vitamin D, men i verkligheten beh\u00f6ver vi f\u00e5 i oss en del fr\u00e5n kosten, s\u00e4rskilt under vinterm\u00e5naderna och s\u00e4rskilt hos \u00e4ldre d\u00e5 kroppens f\u00f6rm\u00e5ga att producera vitamin D minskar med \u00e5ldern. Faktum \u00e4r att s\u00e5 mycket som 60 procent av Storbritanniens befolkning \u00e4r vitamin D-bristande och l\u00e5ga niv\u00e5er har kopplats till allvarliga h\u00e4lsoproblem senare i livet.<\/p>\n<p data-start=\"658\" data-end=\"945\">Detta \u00e4r inte \u00f6verraskande med tanke p\u00e5 att det \u00e4r involverat i uttrycket av mer \u00e4n 1000 gener. S\u00e5 \u00e4ven om det \u00e4r k\u00e4nt f\u00f6r sin viktiga roll i uppr\u00e4tth\u00e5llandet av normal benh\u00e4lsa, p\u00e5verkar det faktiskt celler i alla organ i kroppen och har mycket l\u00e5ngtg\u00e5ende effekter p\u00e5 m\u00e4nniskors h\u00e4lsa.<\/p>\n<p data-start=\"947\" data-end=\"1013\">Varje kapsel av Lamberts\u00ae Vitamin D inneh\u00e5ller 2000iu (i D3-form).<\/p>\n<p><strong> Dosering<\/strong>: 1 kapsel dagligen i samband med m\u00e5ltid.<\/p>\n<table style=\"height: 80px;\" border=\"1\" width=\"621\" cellspacing=\"0\" cellpadding=\"0\">\n<tbody>\n<tr>\n<td valign=\"top\" width=\"30%\"><strong>1 tablett inneh\u00e5ller<\/strong><\/td>\n<td valign=\"top\" width=\"20%\"><strong> M\u00e4ngd<\/strong><\/td>\n<td valign=\"top\" width=\"30%\"><strong>%DRI*<\/strong><\/td>\n<\/tr>\n<tr>\n<td valign=\"top\" width=\"30%\">Vitamin D3<\/td>\n<td valign=\"top\" width=\"20%\">50 \u00b5g<\/td>\n<td valign=\"top\" width=\"20%\">1000 %<\/td>\n<\/tr>\n<\/tbody>\n<\/table>\n<p><strong><em>*DRI \u00e4r dagligt referensintag.<\/em><\/strong><\/p>\n<p><strong>Ingredienser<\/strong>: Solrosfr\u00f6olja, vitamin D3 (kolekalciferol, antioxidant: al-alfa-tokoferol),<br \/>\nkapselskal (modifierad st\u00e4rkelse, glycerol, karragenan).<\/p>\n<p>Rekommenderad dos b\u00f6r ej \u00f6verskridas.<br \/>\nKosttillskott ers\u00e4tter inte en varierad kost.<br \/>\nProdukten f\u00f6rvaras o\u00e5tkomligt f\u00f6r sm\u00e5 barn.<\/p>\n<p>L\u00e4mplig f\u00f6r vegetarier<\/p>\n","protected":false},"excerpt":{"rendered":"<ul>\n<li>Inneh\u00e5ller 50\u00b5g av detta viktiga n\u00e4rings\u00e4mne i den f\u00f6redragna D3-formen<\/li>\n<li>H\u00f6g styrka, en g\u00e5ng om dagen<\/li>\n<li>Sm\u00e5, l\u00e4ttsvalda kapslar<\/li>\n<li>Tillverkad och testad i Storbritannien<\/li>\n<li>Pharmaceutical GMP-standarder<\/li>\n<\/ul>\n<p><strong>120 kapslar<\/strong><\/p>\n","protected":false},"featured_media":10150,"comment_status":"open","ping_status":"closed","template":"","meta":{"_kad_blocks_custom_css":"","_kad_blocks_head_custom_js":"","_kad_blocks_body_custom_js":"","_kad_blocks_footer_custom_js":"","_kadence_starter_templates_imported_post":false,"_kad_post_transparent":"default","_kad_post_title":"","_kad_post_layout":"default","_kad_post_sidebar_id":"","_kad_post_content_style":"default","_kad_post_vertical_padding":"default","_kad_post_feature":"","_kad_post_feature_position":"","_kad_post_header":false,"_kad_post_footer":false,"_kad_post_classname":""},"product_brand":[],"product_cat":[1088,176,1234,155],"product_tag":[1645,2354,336,1112,1791,2317,1028,1815,486,2004,1039,2357,227,2358,713],"class_list":{"0":"post-10089","1":"product","2":"type-product","3":"status-publish","4":"has-post-thumbnail","6":"product_cat-d-vitamin","7":"product_cat-immunforsvar","8":"product_cat-lamberts","9":"product_cat-vitaminer","10":"product_tag-benhalsa","11":"product_tag-benstod","12":"product_tag-d-vitamin","13":"product_tag-energi","14":"product_tag-hallbar-halsa","15":"product_tag-halsa","16":"product_tag-immunforsvar","17":"product_tag-immunstod","18":"product_tag-kalcium","19":"product_tag-lamberts","20":"product_tag-muskelfunktion","21":"product_tag-naturlig-d-vitamin","22":"product_tag-skelett","23":"product_tag-vinterhalsa","24":"product_tag-vitamin-d3","26":"first","27":"instock","28":"taxable","29":"shipping-taxable","30":"purchasable","31":"product-type-simple","32":"entry","33":"content-bg","34":"loop-entry"},"taxonomy_info":{"product_cat":[{"value":1088,"label":"D-vitamin"},{"value":176,"label":"Immunf\u00f6rsvar"},{"value":1234,"label":"Lamberts"},{"value":155,"label":"Vitaminer"}],"product_tag":[{"value":1645,"label":"Benh\u00e4lsa"},{"value":2354,"label":"Benst\u00f6d"},{"value":336,"label":"d vitamin"},{"value":1112,"label":"energi"},{"value":1791,"label":"H\u00e5llbar h\u00e4lsa"},{"value":2317,"label":"H\u00e4lsa"},{"value":1028,"label":"immunf\u00f6rsvar"},{"value":1815,"label":"Immunst\u00f6d"},{"value":486,"label":"Kalcium"},{"value":2004,"label":"Lamberts"},{"value":1039,"label":"muskelfunktion"},{"value":2357,"label":"Naturlig D-vitamin"},{"value":227,"label":"skelett"},{"value":2358,"label":"Vinterh\u00e4lsa"},{"value":713,"label":"vitamin D3"}]},"featured_image_src_large":["https:\/\/vitaminbutiken.com\/wp-content\/uploads\/2025\/03\/8147-Vitamin-D3-2000iu-780x700.jpg",780,700,true],"author_info":[],"comment_info":0,"_links":{"self":[{"href":"https:\/\/vitaminbutiken.com\/en\/wp-json\/wp\/v2\/product\/10089","targetHints":{"allow":["GET"]}}],"collection":[{"href":"https:\/\/vitaminbutiken.com\/en\/wp-json\/wp\/v2\/product"}],"about":[{"href":"https:\/\/vitaminbutiken.com\/en\/wp-json\/wp\/v2\/types\/product"}],"replies":[{"embeddable":true,"href":"https:\/\/vitaminbutiken.com\/en\/wp-json\/wp\/v2\/comments?post=10089"}],"wp:featuredmedia":[{"embeddable":true,"href":"https:\/\/vitaminbutiken.com\/en\/wp-json\/wp\/v2\/media\/10150"}],"wp:attachment":[{"href":"https:\/\/vitaminbutiken.com\/en\/wp-json\/wp\/v2\/media?parent=10089"}],"wp:term":[{"taxonomy":"product_brand","embeddable":true,"href":"https:\/\/vitaminbutiken.com\/en\/wp-json\/wp\/v2\/product_brand?post=10089"},{"taxonomy":"product_cat","embeddable":true,"href":"https:\/\/vitaminbutiken.com\/en\/wp-json\/wp\/v2\/product_cat?post=10089"},{"taxonomy":"product_tag","embeddable":true,"href":"https:\/\/vitaminbutiken.com\/en\/wp-json\/wp\/v2\/product_tag?post=10089"}],"curies":[{"name":"wp","href":"https:\/\/api.w.org\/{rel}","templated":true}]}}