{"id":10088,"date":"2025-03-19T16:20:01","date_gmt":"2025-03-19T14:20:01","guid":{"rendered":"https:\/\/vitaminbutiken.multi.fi\/?post_type=product&#038;p=10088"},"modified":"2026-04-02T12:26:21","modified_gmt":"2026-04-02T10:26:21","slug":"vitamin-k2-lamberts","status":"publish","type":"product","link":"https:\/\/vitaminbutiken.com\/en\/produkt\/vitamin-k2-lamberts\/","title":{"rendered":"Vitamin K2 &#8211; Lamberts"},"content":{"rendered":"<p data-start=\"69\" data-end=\"480\">Under det senaste decenniet har intresset f\u00f6r anv\u00e4ndningen av vitamin K \u00f6kat. Bevis fr\u00e5n studier pekar p\u00e5 vikten av ett regelbundet intag av vitamin K f\u00f6r att uppn\u00e5 optimal kalciumreglering. Forskning har bekr\u00e4ftat dess anv\u00e4ndning i aktiveringen av K-beroende (VDK) proteiner som beh\u00f6vs f\u00f6r blodkoagulation och andra viktiga processer som benmetabolism, vaskul\u00e4r h\u00e4lsa och reglering av celltillv\u00e4xt och apoptos.<\/p>\n<p data-start=\"482\" data-end=\"702\">M\u00e5nga experter tror nu att en subklinisk K-vitaminbrist, som inte \u00e4r tillr\u00e4ckligt allvarlig f\u00f6r att hindra blodets koaguleringsf\u00f6rm\u00e5ga, kan vara utbredd och kan bidra till osteoporos och andra \u00e5ldersrelaterade sjukdomar.<\/p>\n<p data-start=\"704\" data-end=\"1113\">Vitamin K2 anses vara den mer aktiva och l\u00e5ngvariga formen av detta n\u00e4rings\u00e4mne och \u00e4r att f\u00f6redra framf\u00f6r K1-formen. Lamberts\u00ae Vitamin K \u00e4r ett h\u00f6gkvalitativt tillskott som tillhandah\u00e5ller 90\u00b5g vitamin K2 i formen Menaquinon (MK-7) som har en mycket mer betydande effekt \u00e4n MK4-formen av detta n\u00e4rings\u00e4mne. Det \u00e4r fritt fr\u00e5n cis-isomerer. Sm\u00e5, l\u00e4ttsvalda kapslar som \u00e4r l\u00e4mpliga f\u00f6r vegetarianer och veganer.<\/p>\n<p><strong> Dosering<\/strong>: 1-2 kapslar dagligen i samband med m\u00e5ltid.<\/p>\n<table style=\"height: 80px;\" border=\"1\" width=\"621\" cellspacing=\"0\" cellpadding=\"0\">\n<tbody>\n<tr>\n<td valign=\"top\" width=\"30%\"><strong>1 tablett inneh\u00e5ller<\/strong><\/td>\n<td valign=\"top\" width=\"20%\"><strong> M\u00e4ngd<\/strong><\/td>\n<td valign=\"top\" width=\"30%\"><strong>%DRI*<\/strong><\/td>\n<\/tr>\n<tr>\n<td valign=\"top\" width=\"30%\">Vitamin K2<\/td>\n<td valign=\"top\" width=\"20%\">90 \u00b5g<\/td>\n<td valign=\"top\" width=\"20%\">120 %<\/td>\n<\/tr>\n<\/tbody>\n<\/table>\n<p><strong><em>*DRI \u00e4r dagligt referensintag.<\/em><\/strong><\/p>\n<p><strong>Ingredienser<\/strong>: Solrosfr\u00f6olja, kapselskal (glycerol, modifierad majsst\u00e4rkelse, karragenan, f\u00e4rg: j\u00e4rnoxid)<br \/>\nvitamin K2 (menakinon-7 (MK-7)).<\/p>\n<p>Rekommenderad dos b\u00f6r ej \u00f6verskridas.<br \/>\nKosttillskott ers\u00e4tter inte en varierad kost.<br \/>\nProdukten f\u00f6rvaras o\u00e5tkomligt f\u00f6r sm\u00e5 barn.<\/p>\n<p><strong> OBS<\/strong>! Inneh\u00e5ller vitamin K. Om du anv\u00e4nder blodf\u00f6rtunnande<br \/>\nl\u00e4kemedel, ta detta endast p\u00e5 l\u00e4kares rekommendation.<\/p>\n<p>L\u00e4mplig f\u00f6r vegetarier<\/p>\n","protected":false},"excerpt":{"rendered":"<ul>\n<li>Imponerande 90\u00b5g K2-vitamin i formen Menaquinon (MK-7)<\/li>\n<li>Fritt fr\u00e5n cis-isomerer<\/li>\n<li>Sm\u00e5, l\u00e4ttsvalda kapslar<\/li>\n<li>L\u00e4mplig f\u00f6r vegetarianer och veganer<\/li>\n<\/ul>\n<p><strong>60 kapslar\u00a0<\/strong><\/p>\n","protected":false},"featured_media":10148,"comment_status":"open","ping_status":"closed","template":"","meta":{"_kad_blocks_custom_css":"","_kad_blocks_head_custom_js":"","_kad_blocks_body_custom_js":"","_kad_blocks_footer_custom_js":"","_kadence_starter_templates_imported_post":false,"_kad_post_transparent":"default","_kad_post_title":"","_kad_post_layout":"default","_kad_post_sidebar_id":"","_kad_post_content_style":"default","_kad_post_vertical_padding":"default","_kad_post_feature":"","_kad_post_feature_position":"","_kad_post_header":false,"_kad_post_footer":false,"_kad_post_classname":""},"product_brand":[],"product_cat":[1022,1234,155],"product_tag":[1645,2354,2348,512,336,2335,1630,1648,767,486,2349,2004,2350,227,714,1273],"class_list":{"0":"post-10088","1":"product","2":"type-product","3":"status-publish","4":"has-post-thumbnail","6":"product_cat-k-vitamin","7":"product_cat-lamberts","8":"product_cat-vitaminer","9":"product_tag-benhalsa","10":"product_tag-benstod","11":"product_tag-blodcirkulation","12":"product_tag-blodproppar","13":"product_tag-d-vitamin","14":"product_tag-halsofordelar","15":"product_tag-hjart-karlhalsa","16":"product_tag-hjarthalsa","17":"product_tag-k-vitamin","18":"product_tag-kalcium","19":"product_tag-kalciumupptag","20":"product_tag-lamberts","21":"product_tag-naturlig","22":"product_tag-skelett","23":"product_tag-vitamin-k","24":"product_tag-vitamin-k2","26":"first","27":"instock","28":"taxable","29":"shipping-taxable","30":"purchasable","31":"product-type-simple","32":"entry","33":"content-bg","34":"loop-entry"},"taxonomy_info":{"product_cat":[{"value":1022,"label":"K-vitamin"},{"value":1234,"label":"Lamberts"},{"value":155,"label":"Vitaminer"}],"product_tag":[{"value":1645,"label":"Benh\u00e4lsa"},{"value":2354,"label":"Benst\u00f6d"},{"value":2348,"label":"Blodcirkulation"},{"value":512,"label":"Blodproppar"},{"value":336,"label":"d vitamin"},{"value":2335,"label":"H\u00e4lsof\u00f6rdelar"},{"value":1630,"label":"Hj\u00e4rt-k\u00e4rlh\u00e4lsa"},{"value":1648,"label":"hj\u00e4rth\u00e4lsa"},{"value":767,"label":"k vitamin"},{"value":486,"label":"Kalcium"},{"value":2349,"label":"Kalciumupptag"},{"value":2004,"label":"Lamberts"},{"value":2350,"label":"naturlig"},{"value":227,"label":"skelett"},{"value":714,"label":"vitamin K"},{"value":1273,"label":"vitamin K2"}]},"featured_image_src_large":["https:\/\/vitaminbutiken.com\/wp-content\/uploads\/2025\/03\/8146-Vitamin-K2-mk7-780x700.jpg",780,700,true],"author_info":[],"comment_info":0,"_links":{"self":[{"href":"https:\/\/vitaminbutiken.com\/en\/wp-json\/wp\/v2\/product\/10088","targetHints":{"allow":["GET"]}}],"collection":[{"href":"https:\/\/vitaminbutiken.com\/en\/wp-json\/wp\/v2\/product"}],"about":[{"href":"https:\/\/vitaminbutiken.com\/en\/wp-json\/wp\/v2\/types\/product"}],"replies":[{"embeddable":true,"href":"https:\/\/vitaminbutiken.com\/en\/wp-json\/wp\/v2\/comments?post=10088"}],"wp:featuredmedia":[{"embeddable":true,"href":"https:\/\/vitaminbutiken.com\/en\/wp-json\/wp\/v2\/media\/10148"}],"wp:attachment":[{"href":"https:\/\/vitaminbutiken.com\/en\/wp-json\/wp\/v2\/media?parent=10088"}],"wp:term":[{"taxonomy":"product_brand","embeddable":true,"href":"https:\/\/vitaminbutiken.com\/en\/wp-json\/wp\/v2\/product_brand?post=10088"},{"taxonomy":"product_cat","embeddable":true,"href":"https:\/\/vitaminbutiken.com\/en\/wp-json\/wp\/v2\/product_cat?post=10088"},{"taxonomy":"product_tag","embeddable":true,"href":"https:\/\/vitaminbutiken.com\/en\/wp-json\/wp\/v2\/product_tag?post=10088"}],"curies":[{"name":"wp","href":"https:\/\/api.w.org\/{rel}","templated":true}]}}