{"id":10073,"date":"2025-03-19T16:19:37","date_gmt":"2025-03-19T14:19:37","guid":{"rendered":"https:\/\/vitaminbutiken.multi.fi\/?post_type=product&#038;p=10073"},"modified":"2026-03-31T19:26:13","modified_gmt":"2026-03-31T17:26:13","slug":"vitamins-d3-k2-lamberts","status":"publish","type":"product","link":"https:\/\/vitaminbutiken.com\/en\/produkt\/vitamins-d3-k2-lamberts\/","title":{"rendered":"Vitamin D3 &#038; K2 (MK-7) inneh\u00e5ller D3 2000IU och K2 90 \u00b5g &#8211; Lamberts"},"content":{"rendered":"<p data-start=\"215\" data-end=\"282\"><strong data-start=\"215\" data-end=\"282\">Optimal kombination f\u00f6r skelett, immunf\u00f6rsvar och kalciumbalans<\/strong><\/p>\n<p data-start=\"284\" data-end=\"556\">Vitamin D3 &amp; K2 fr\u00e5n Lamberts \u00e4r en noggrant balanserad kombination av tv\u00e5 viktiga fettl\u00f6sliga vitaminer som samverkar i kroppen. Produkten inneh\u00e5ller <strong data-start=\"435\" data-end=\"465\">2000 IU (50 \u00b5g) vitamin D3<\/strong> samt <strong data-start=\"471\" data-end=\"506\">90 \u00b5g vitamin K2 i form av MK-7<\/strong>, en biologiskt aktiv och v\u00e4lupptaglig form av K2.<\/p>\n<p data-start=\"558\" data-end=\"742\">Denna kombination \u00e4r s\u00e4rskilt uppskattad under \u00e5rets m\u00f6rkare m\u00e5nader, vid begr\u00e4nsad solexponering eller f\u00f6r dig som vill s\u00e4kerst\u00e4lla ett optimalt intag av D-vitamin tillsammans med K2.<\/p>\n<p data-start=\"749\" data-end=\"780\"><strong>Varf\u00f6r kombinera D3 och K2?<\/strong><\/p>\n<p data-start=\"782\" data-end=\"855\">Vitamin D och vitamin K arbetar tillsammans i kroppens kalciumoms\u00e4ttning.<\/p>\n<p data-start=\"859\" data-end=\"886\"><strong data-start=\"859\" data-end=\"886\">Vitamin D3 bidrar till:<\/strong><\/p>\n<ul>\n<li style=\"list-style-type: none;\">\n<ul data-start=\"889\" data-end=\"1099\">\n<li data-start=\"889\" data-end=\"924\">\n<p data-start=\"891\" data-end=\"924\">Immunsystemets normala funktion<\/p>\n<\/li>\n<li data-start=\"927\" data-end=\"961\">\n<p data-start=\"929\" data-end=\"961\">Att bibeh\u00e5lla normal benstomme<\/p>\n<\/li>\n<li data-start=\"964\" data-end=\"1003\">\n<p data-start=\"966\" data-end=\"1003\">Att bibeh\u00e5lla normal muskelfunktion<\/p>\n<\/li>\n<li data-start=\"1006\" data-end=\"1040\">\n<p data-start=\"1008\" data-end=\"1040\">Normala kalciumniv\u00e5er i blodet<\/p>\n<\/li>\n<li data-start=\"1006\" data-end=\"1040\">\n<p data-start=\"1008\" data-end=\"1040\">Normalt upptag och utnyttjande av kalcium och fosfor<\/p>\n<\/li>\n<\/ul>\n<\/li>\n<\/ul>\n<p data-start=\"1103\" data-end=\"1130\"><strong data-start=\"1103\" data-end=\"1130\">Vitamin K2 bidrar till:<\/strong><\/p>\n<ul data-start=\"1133\" data-end=\"1196\">\n<li data-start=\"1133\" data-end=\"1159\">\n<p data-start=\"1135\" data-end=\"1159\">Normal blodkoagulation<\/p>\n<\/li>\n<li data-start=\"1162\" data-end=\"1196\">\n<p data-start=\"1164\" data-end=\"1196\">Att bibeh\u00e5lla normal benstomme<\/p>\n<\/li>\n<\/ul>\n<p data-start=\"1198\" data-end=\"1384\">Vitamin D hj\u00e4lper kroppen att ta upp kalcium, medan vitamin K bidrar till att kalcium oms\u00e4tts p\u00e5 r\u00e4tt s\u00e4tt i kroppen. Kombinationen g\u00f6r d\u00e4rf\u00f6r dessa n\u00e4rings\u00e4mnen s\u00e4rskilt kompletterande.<\/p>\n<p data-start=\"1391\" data-end=\"1427\"><strong>2000 IU \u2013 en optimal daglig niv\u00e5<\/strong><\/p>\n<p data-start=\"1429\" data-end=\"1652\">Varje kapsel inneh\u00e5ller <strong data-start=\"1453\" data-end=\"1483\">2000 IU (50 \u00b5g) vitamin D3<\/strong>, vilket motsvarar en h\u00f6g och effektiv daglig dos f\u00f6r vuxna. Detta \u00e4r en niv\u00e5 som ofta rekommenderas vid l\u00e5g solexponering eller under h\u00f6st- och vinterhalv\u00e5ret i Norden.<\/p>\n<p data-start=\"1654\" data-end=\"1787\">Vitamin D3 (kolekalciferol) \u00e4r den naturliga formen av D-vitamin \u2013 samma form som kroppen producerar n\u00e4r huden exponeras f\u00f6r solljus.<\/p>\n<p data-start=\"1794\" data-end=\"1817\"><strong>Vitamin K2 som MK-7<\/strong><\/p>\n<p data-start=\"1819\" data-end=\"2045\">Produkten inneh\u00e5ller <strong data-start=\"1840\" data-end=\"1883\">90 \u00b5g vitamin K2 som MK-7 (menakinon-7)<\/strong>, en form av K2 med god biotillg\u00e4nglighet och l\u00e5ng halveringstid i kroppen. MK-7 \u00e4r den form som \u00e4r mest studerad och anv\u00e4nds ofta i h\u00f6gkvalitativa kosttillskott.<\/p>\n<p data-start=\"2052\" data-end=\"2082\"><strong>H\u00f6g kvalitet fr\u00e5n Lamberts<\/strong><\/p>\n<p data-start=\"2084\" data-end=\"2138\">Lamberts \u00e4r ett brittiskt kvalitetsvarum\u00e4rke k\u00e4nt f\u00f6r:<\/p>\n<ul data-start=\"2139\" data-end=\"2303\">\n<li data-start=\"2139\" data-end=\"2167\">\n<p data-start=\"2141\" data-end=\"2167\">Noggrant utvalda r\u00e5varor<\/p>\n<\/li>\n<li data-start=\"2168\" data-end=\"2205\">\n<p data-start=\"2170\" data-end=\"2205\">Vetenskapligt baserade doseringar<\/p>\n<\/li>\n<li data-start=\"2206\" data-end=\"2267\">\n<p data-start=\"2208\" data-end=\"2267\">Produktion enligt h\u00f6ga kvalitets- och s\u00e4kerhetsstandarder<\/p>\n<\/li>\n<li data-start=\"2268\" data-end=\"2303\">\n<p data-start=\"2270\" data-end=\"2303\">Tydlig och transparent m\u00e4rkning<\/p>\n<\/li>\n<\/ul>\n<p data-start=\"2305\" data-end=\"2427\">Produkten \u00e4r framtagen f\u00f6r dagligt bruk och passar vuxna som vill komplettera sin kost med D3 och K2 i en praktisk kapsel.<\/p>\n<p data-start=\"2434\" data-end=\"2463\"><strong>F\u00f6r vem passar produkten?<\/strong><\/p>\n<p data-start=\"2465\" data-end=\"2505\">Vitamin D3 &amp; K2 \u00e4r s\u00e4rskilt l\u00e4mplig f\u00f6r:<\/p>\n<ul data-start=\"2507\" data-end=\"2755\">\n<li data-start=\"2507\" data-end=\"2547\">\n<p data-start=\"2509\" data-end=\"2547\">Personer med begr\u00e4nsad solexponering<\/p>\n<\/li>\n<li data-start=\"2548\" data-end=\"2582\">\n<p data-start=\"2550\" data-end=\"2582\">Under h\u00f6st och vinter i Norden<\/p>\n<\/li>\n<li data-start=\"2583\" data-end=\"2636\">\n<p data-start=\"2585\" data-end=\"2636\">\u00c4ldre personer (D-vitaminbehovet \u00f6kar med \u00e5ldern)<\/p>\n<\/li>\n<li data-start=\"2637\" data-end=\"2690\">\n<p data-start=\"2639\" data-end=\"2690\">Personer som vill st\u00f6dja skelett och immunf\u00f6rsvar<\/p>\n<\/li>\n<li data-start=\"2691\" data-end=\"2755\">\n<p data-start=\"2693\" data-end=\"2755\">De som vill kombinera D-vitamin med K2 i en och samma kapsel<\/p>\n<\/li>\n<\/ul>\n<p><strong> Dosering<\/strong>: 1 kapsel dagligen i samband med m\u00e5ltid.<\/p>\n<table style=\"height: 80px;\" border=\"1\" width=\"621\" cellspacing=\"0\" cellpadding=\"0\">\n<tbody>\n<tr>\n<td valign=\"top\" width=\"30%\"><strong>1 kapsel inneh\u00e5ller<\/strong><\/td>\n<td valign=\"top\" width=\"20%\"><strong> M\u00e4ngd<\/strong><\/td>\n<td valign=\"top\" width=\"30%\"><strong>%DRI*<\/strong><\/td>\n<\/tr>\n<tr>\n<td valign=\"top\" width=\"30%\">Vitamin D3<\/td>\n<td valign=\"top\" width=\"20%\">50 \u00b5g (2 000iu)<\/td>\n<td valign=\"top\" width=\"20%\">1 000 %<\/td>\n<\/tr>\n<tr>\n<td valign=\"top\" width=\"30%\">Vitamin K2<\/td>\n<td valign=\"top\" width=\"20%\">90 \u00b5g<\/td>\n<td valign=\"top\" width=\"20%\">120 %<\/td>\n<\/tr>\n<\/tbody>\n<\/table>\n<p><strong><em>*DRI \u00e4r dagligt referensintag.<\/em><\/strong><\/p>\n<p><strong>Ingredienser<\/strong>: Solrosfr\u00f6olja, kapselskal, (glycerol, modifierad st\u00e4rkelse, klumpf\u00f6rebyggande medel: karragenan, f\u00e4rg: J\u00e4rnoxid), vitamin K2 (menakinon-7), vitamin D3 (kolekalciferol).<\/p>\n<p>Rekommenderad daglig dos b\u00f6r ej \u00f6verskridas.<br \/>\nKosttillskott ers\u00e4tter inte en varierad kost.<br \/>\nProdukten f\u00f6rvaras o\u00e5tkomligt f\u00f6r sm\u00e5 barn.<\/p>\n<p><strong>OBS<\/strong>! Inneh\u00e5ller vitamin K. Om du anv\u00e4nder blodf\u00f6rtunnande l\u00e4kemedel, ta detta endast p\u00e5 l\u00e4kares rekommendation.<\/p>\n<p>L\u00e4mplig f\u00f6r vegetarianer<\/p>\n<p>&nbsp;<\/p>\n","protected":false},"excerpt":{"rendered":"<p data-start=\"69\" data-end=\"122\"><strong data-start=\"69\" data-end=\"122\">Vitamin D3 &amp; K2 (MK-7) 2000 IU \/ 90 \u00b5g \u2013 Lamberts<\/strong><\/p>\n<p data-start=\"124\" data-end=\"317\">H\u00f6gkvalitativ kombination av vitamin D3 och K2 i en praktisk kapsel. Varje kapsel inneh\u00e5ller 2000 IU (50 \u00b5g) vitamin D3 samt 90 \u00b5g vitamin K2 som MK-7 \u2013 en biotillg\u00e4nglig och l\u00e5ngverkande form.<\/p>\n<p data-start=\"319\" data-end=\"546\">Vitamin D bidrar till immunsystemets normala funktion, normalt upptag av kalcium samt till att bibeh\u00e5lla normal benstomme och muskelfunktion. Vitamin K bidrar till normal blodkoagulation och till att bibeh\u00e5lla normal benstomme.<\/p>\n<p data-start=\"548\" data-end=\"650\" data-is-last-node=\"\" data-is-only-node=\"\">Ett utm\u00e4rkt dagligt tillskott, s\u00e4rskilt under \u00e5rets m\u00f6rkare m\u00e5nader eller vid begr\u00e4nsad solexponering.<\/p>\n<p><strong>90 kapslar<\/strong><\/p>\n","protected":false},"featured_media":10146,"comment_status":"open","ping_status":"closed","template":"","meta":{"_kad_blocks_custom_css":"","_kad_blocks_head_custom_js":"","_kad_blocks_body_custom_js":"","_kad_blocks_footer_custom_js":"","_kadence_starter_templates_imported_post":false,"_kad_post_transparent":"default","_kad_post_title":"","_kad_post_layout":"default","_kad_post_sidebar_id":"","_kad_post_content_style":"default","_kad_post_vertical_padding":"default","_kad_post_feature":"","_kad_post_feature_position":"","_kad_post_header":false,"_kad_post_footer":false,"_kad_post_classname":""},"product_brand":[],"product_cat":[1088,176,1022,1234,155],"product_tag":[1645,2354,2348,336,2335,1630,1648,1028,486,2349,2004,2350,227,824,1210,713,714,1273],"class_list":{"0":"post-10073","1":"product","2":"type-product","3":"status-publish","4":"has-post-thumbnail","6":"product_cat-d-vitamin","7":"product_cat-immunforsvar","8":"product_cat-k-vitamin","9":"product_cat-lamberts","10":"product_cat-vitaminer","11":"product_tag-benhalsa","12":"product_tag-benstod","13":"product_tag-blodcirkulation","14":"product_tag-d-vitamin","15":"product_tag-halsofordelar","16":"product_tag-hjart-karlhalsa","17":"product_tag-hjarthalsa","18":"product_tag-immunforsvar","19":"product_tag-kalcium","20":"product_tag-kalciumupptag","21":"product_tag-lamberts","22":"product_tag-naturlig","23":"product_tag-skelett","24":"product_tag-starkande","25":"product_tag-vitamin-d","26":"product_tag-vitamin-d3","27":"product_tag-vitamin-k","28":"product_tag-vitamin-k2","30":"first","31":"instock","32":"taxable","33":"shipping-taxable","34":"purchasable","35":"product-type-simple","36":"entry","37":"content-bg","38":"loop-entry"},"taxonomy_info":{"product_cat":[{"value":1088,"label":"D-vitamin"},{"value":176,"label":"Immunf\u00f6rsvar"},{"value":1022,"label":"K-vitamin"},{"value":1234,"label":"Lamberts"},{"value":155,"label":"Vitaminer"}],"product_tag":[{"value":1645,"label":"Benh\u00e4lsa"},{"value":2354,"label":"Benst\u00f6d"},{"value":2348,"label":"Blodcirkulation"},{"value":336,"label":"d vitamin"},{"value":2335,"label":"H\u00e4lsof\u00f6rdelar"},{"value":1630,"label":"Hj\u00e4rt-k\u00e4rlh\u00e4lsa"},{"value":1648,"label":"hj\u00e4rth\u00e4lsa"},{"value":1028,"label":"immunf\u00f6rsvar"},{"value":486,"label":"Kalcium"},{"value":2349,"label":"Kalciumupptag"},{"value":2004,"label":"Lamberts"},{"value":2350,"label":"naturlig"},{"value":227,"label":"skelett"},{"value":824,"label":"st\u00e4rkande"},{"value":1210,"label":"vitamin d"},{"value":713,"label":"vitamin D3"},{"value":714,"label":"vitamin K"},{"value":1273,"label":"vitamin K2"}]},"featured_image_src_large":["https:\/\/vitaminbutiken.com\/wp-content\/uploads\/2025\/03\/8145-Vitamins-D3-K2-780x700.jpg",780,700,true],"author_info":[],"comment_info":0,"_links":{"self":[{"href":"https:\/\/vitaminbutiken.com\/en\/wp-json\/wp\/v2\/product\/10073","targetHints":{"allow":["GET"]}}],"collection":[{"href":"https:\/\/vitaminbutiken.com\/en\/wp-json\/wp\/v2\/product"}],"about":[{"href":"https:\/\/vitaminbutiken.com\/en\/wp-json\/wp\/v2\/types\/product"}],"replies":[{"embeddable":true,"href":"https:\/\/vitaminbutiken.com\/en\/wp-json\/wp\/v2\/comments?post=10073"}],"wp:featuredmedia":[{"embeddable":true,"href":"https:\/\/vitaminbutiken.com\/en\/wp-json\/wp\/v2\/media\/10146"}],"wp:attachment":[{"href":"https:\/\/vitaminbutiken.com\/en\/wp-json\/wp\/v2\/media?parent=10073"}],"wp:term":[{"taxonomy":"product_brand","embeddable":true,"href":"https:\/\/vitaminbutiken.com\/en\/wp-json\/wp\/v2\/product_brand?post=10073"},{"taxonomy":"product_cat","embeddable":true,"href":"https:\/\/vitaminbutiken.com\/en\/wp-json\/wp\/v2\/product_cat?post=10073"},{"taxonomy":"product_tag","embeddable":true,"href":"https:\/\/vitaminbutiken.com\/en\/wp-json\/wp\/v2\/product_tag?post=10073"}],"curies":[{"name":"wp","href":"https:\/\/api.w.org\/{rel}","templated":true}]}}