{"id":10072,"date":"2025-03-19T16:19:37","date_gmt":"2025-03-19T14:19:37","guid":{"rendered":"https:\/\/vitaminbutiken.multi.fi\/?post_type=product&#038;p=10072"},"modified":"2026-03-31T14:33:50","modified_gmt":"2026-03-31T12:33:50","slug":"vitamin-d3-1000iu-lamberts","status":"publish","type":"product","link":"https:\/\/vitaminbutiken.com\/en\/produkt\/vitamin-d3-1000iu-lamberts\/","title":{"rendered":"Vitamin D3 1000iu &#8211; Lamberts"},"content":{"rendered":"<p data-start=\"69\" data-end=\"675\">V\u00e5ra kroppar f\u00e5r vitamin D (som strikt talat \u00e4r ett steroidhormon) fr\u00e5n tv\u00e5 k\u00e4llor: v\u00e5r kost och fr\u00e5n solens p\u00e5verkan p\u00e5 huden, vilket driver den naturliga produktionen i kroppen. Om vi alla fick tillr\u00e4ckligt med sol skulle vi ha tillr\u00e4ckligt med vitamin D, men i verkligheten beh\u00f6ver vi f\u00e5 i oss en del fr\u00e5n kosten, s\u00e4rskilt under vinterm\u00e5naderna och s\u00e4rskilt hos \u00e4ldre, eftersom kroppens f\u00f6rm\u00e5ga att producera vitamin D minskar med \u00e5ldern. Faktum \u00e4r att s\u00e5 m\u00e5nga som 60 procent av Storbritanniens befolkning lider av vitamin D-brist och l\u00e5ga niv\u00e5er har kopplats till allvarliga h\u00e4lsoproblem i senare liv.<\/p>\n<p data-start=\"677\" data-end=\"975\">Detta \u00e4r inte f\u00f6rv\u00e5nande n\u00e4r man \u00f6verv\u00e4ger att vitamin D \u00e4r involverat i uttrycket av mer \u00e4n 1000 gener. S\u00e5 \u00e4ven om det \u00e4r k\u00e4nt f\u00f6r sin viktiga roll i uppr\u00e4tth\u00e5llandet av normal benh\u00e4lsa, agerar det faktiskt p\u00e5 celler i varje organ i kroppen och har mycket l\u00e5ngtg\u00e5ende effekter p\u00e5 m\u00e4nniskors h\u00e4lsa.<\/p>\n<p data-start=\"977\" data-end=\"1043\">Varje kapsel av Lamberts\u00ae Vitamin D inneh\u00e5ller 1000iu (i D3-form).<\/p>\n<p><strong>Dosering: <\/strong>1 kapsel dagligen i samband med m\u00e5ltid.<\/p>\n<table style=\"height: 80px;\" border=\"1\" width=\"621\" cellspacing=\"0\" cellpadding=\"0\">\n<tbody>\n<tr>\n<td valign=\"top\" width=\"30%\"><strong>1 tablett inneh\u00e5ller<\/strong><\/td>\n<td valign=\"top\" width=\"20%\"><strong> M\u00e4ngd<\/strong><\/td>\n<td valign=\"top\" width=\"30%\"><strong>%DRI*<\/strong><\/td>\n<\/tr>\n<tr>\n<td valign=\"top\" width=\"30%\">Vitamin D3<\/td>\n<td valign=\"top\" width=\"20%\">25 \u00b5g 1000iu<\/td>\n<td valign=\"top\" width=\"20%\">500 %<\/td>\n<\/tr>\n<\/tbody>\n<\/table>\n<p><strong><em>*DRI \u00e4r dagligt referensintag.<\/em><\/strong><\/p>\n<p><strong>Ingredienser<\/strong>: Solrosfr\u00f6olja, kapselskal (bovint gelatin, glycerin), vitamin D3 (kolekalciferol, antioxidant:dl-alfa tokoferol).<\/p>\n<p>Rekommenderad dos b\u00f6r ej \u00f6verskridas.<br \/>\nKosttillskott ers\u00e4tter inte en varierad kost.<br \/>\nProdukten f\u00f6rvaras o\u00e5tkomligt f\u00f6r sm\u00e5 barn.<\/p>\n","protected":false},"excerpt":{"rendered":"<ul>\n<li>Ger 25\u00b5g av detta viktiga n\u00e4rings\u00e4mne i den f\u00f6redragna D3-formen<\/li>\n<li>H\u00f6g poten, en g\u00e5ng om dagen<\/li>\n<li>Sm\u00e5, l\u00e4ttsvalda kapslar<\/li>\n<li>Tillverkad och testad i Storbritannien<\/li>\n<li>Farmaceutiska GMP-standarder<\/li>\n<\/ul>\n<p><strong>120 kapslar<\/strong><\/p>\n","protected":false},"featured_media":10134,"comment_status":"open","ping_status":"closed","template":"","meta":{"_kad_blocks_custom_css":"","_kad_blocks_head_custom_js":"","_kad_blocks_body_custom_js":"","_kad_blocks_footer_custom_js":"","_kadence_starter_templates_imported_post":false,"_kad_post_transparent":"default","_kad_post_title":"","_kad_post_layout":"default","_kad_post_sidebar_id":"","_kad_post_content_style":"default","_kad_post_vertical_padding":"default","_kad_post_feature":"","_kad_post_feature_position":"","_kad_post_header":false,"_kad_post_footer":false,"_kad_post_classname":""},"product_brand":[],"product_cat":[1088,1234,155],"product_tag":[1645,2348,336,2335,1648,1028,486,2349,2004,2350,227,824,2351,1210,713,2353],"class_list":{"0":"post-10072","1":"product","2":"type-product","3":"status-publish","4":"has-post-thumbnail","6":"product_cat-d-vitamin","7":"product_cat-lamberts","8":"product_cat-vitaminer","9":"product_tag-benhalsa","10":"product_tag-blodcirkulation","11":"product_tag-d-vitamin","12":"product_tag-halsofordelar","13":"product_tag-hjarthalsa","14":"product_tag-immunforsvar","15":"product_tag-kalcium","16":"product_tag-kalciumupptag","17":"product_tag-lamberts","18":"product_tag-naturlig","19":"product_tag-skelett","20":"product_tag-starkande","21":"product_tag-stod-for-ben","22":"product_tag-vitamin-d","23":"product_tag-vitamin-d3","24":"product_tag-vitamin-d3-1000iu","26":"first","27":"instock","28":"taxable","29":"shipping-taxable","30":"purchasable","31":"product-type-simple","32":"entry","33":"content-bg","34":"loop-entry"},"taxonomy_info":{"product_cat":[{"value":1088,"label":"D-vitamin"},{"value":1234,"label":"Lamberts"},{"value":155,"label":"Vitaminer"}],"product_tag":[{"value":1645,"label":"Benh\u00e4lsa"},{"value":2348,"label":"Blodcirkulation"},{"value":336,"label":"d vitamin"},{"value":2335,"label":"H\u00e4lsof\u00f6rdelar"},{"value":1648,"label":"hj\u00e4rth\u00e4lsa"},{"value":1028,"label":"immunf\u00f6rsvar"},{"value":486,"label":"Kalcium"},{"value":2349,"label":"Kalciumupptag"},{"value":2004,"label":"Lamberts"},{"value":2350,"label":"naturlig"},{"value":227,"label":"skelett"},{"value":824,"label":"st\u00e4rkande"},{"value":2351,"label":"St\u00f6d f\u00f6r ben"},{"value":1210,"label":"vitamin d"},{"value":713,"label":"vitamin D3"},{"value":2353,"label":"Vitamin D3 1000iu."}]},"featured_image_src_large":["https:\/\/vitaminbutiken.com\/wp-content\/uploads\/2025\/03\/8143-Vitamin-D3-1000iu-780x700.jpg",780,700,true],"author_info":[],"comment_info":0,"_links":{"self":[{"href":"https:\/\/vitaminbutiken.com\/en\/wp-json\/wp\/v2\/product\/10072","targetHints":{"allow":["GET"]}}],"collection":[{"href":"https:\/\/vitaminbutiken.com\/en\/wp-json\/wp\/v2\/product"}],"about":[{"href":"https:\/\/vitaminbutiken.com\/en\/wp-json\/wp\/v2\/types\/product"}],"replies":[{"embeddable":true,"href":"https:\/\/vitaminbutiken.com\/en\/wp-json\/wp\/v2\/comments?post=10072"}],"wp:featuredmedia":[{"embeddable":true,"href":"https:\/\/vitaminbutiken.com\/en\/wp-json\/wp\/v2\/media\/10134"}],"wp:attachment":[{"href":"https:\/\/vitaminbutiken.com\/en\/wp-json\/wp\/v2\/media?parent=10072"}],"wp:term":[{"taxonomy":"product_brand","embeddable":true,"href":"https:\/\/vitaminbutiken.com\/en\/wp-json\/wp\/v2\/product_brand?post=10072"},{"taxonomy":"product_cat","embeddable":true,"href":"https:\/\/vitaminbutiken.com\/en\/wp-json\/wp\/v2\/product_cat?post=10072"},{"taxonomy":"product_tag","embeddable":true,"href":"https:\/\/vitaminbutiken.com\/en\/wp-json\/wp\/v2\/product_tag?post=10072"}],"curies":[{"name":"wp","href":"https:\/\/api.w.org\/{rel}","templated":true}]}}