{"id":10071,"date":"2025-03-19T16:19:36","date_gmt":"2025-03-19T14:19:36","guid":{"rendered":"https:\/\/vitaminbutiken.multi.fi\/?post_type=product&#038;p=10071"},"modified":"2026-03-31T14:32:47","modified_gmt":"2026-03-31T12:32:47","slug":"vitamin-d-400iu-lamberts","status":"publish","type":"product","link":"https:\/\/vitaminbutiken.com\/en\/produkt\/vitamin-d-400iu-lamberts\/","title":{"rendered":"Vitamin D 400iu &#8211; Lamberts"},"content":{"rendered":"<p data-start=\"69\" data-end=\"252\">Lamberts\u00ae Vitamin D 400iu ger 10\u00b5g av detta viktiga n\u00e4rings\u00e4mne i den f\u00f6redragna D3-formen och i en styrka som rekommenderas av H\u00e4lsodepartementet f\u00f6r f\u00f6ljande grupper av m\u00e4nniskor:<\/p>\n<ul data-start=\"253\" data-end=\"360\">\n<li data-start=\"253\" data-end=\"284\">Gravida och ammande kvinnor<\/li>\n<li data-start=\"285\" data-end=\"317\">Alla vuxna \u00f6ver 65 \u00e5rs \u00e5lder<\/li>\n<li data-start=\"318\" data-end=\"360\">Alla som inte exponeras f\u00f6r mycket sol<\/li>\n<\/ul>\n<p data-start=\"362\" data-end=\"466\">Detta \u00e4r sm\u00e5, l\u00e4ttsvalda tabletter, som tillverkas i Storbritannien enligt farmaceutiska GMP-standarder.<\/p>\n<p data-start=\"468\" data-end=\"851\">V\u00e5ra kroppar f\u00e5r vitamin D fr\u00e5n tv\u00e5 k\u00e4llor: v\u00e5r kost och fr\u00e5n solens p\u00e5verkan p\u00e5 huden, som driver den naturliga produktionen i kroppen. Vitamin D \u00e4r allt mer i nyheterna eftersom allt fler studier belyser vikten av detta n\u00e4rings\u00e4mne. Lamberts\u00ae producerar \u00e4ven vitamin D 1000iu (25\u00b5g) tabletter som ofta rekommenderas till personer som \u00e4r k\u00e4nda f\u00f6r att vara bristf\u00e4lliga i vitamin D.<\/p>\n<p><strong> Dosering<\/strong>: 1 tablett dagligen i samband med m\u00e5ltid.<\/p>\n<table style=\"height: 80px;\" border=\"1\" width=\"621\" cellspacing=\"0\" cellpadding=\"0\">\n<tbody>\n<tr>\n<td valign=\"top\" width=\"30%\"><strong>1 tablett inneh\u00e5ller<\/strong><\/td>\n<td valign=\"top\" width=\"20%\"><strong> M\u00e4ngd<\/strong><\/td>\n<td valign=\"top\" width=\"30%\"><strong>%DRI*<\/strong><\/td>\n<\/tr>\n<tr>\n<td valign=\"top\" width=\"30%\">Vitamin D3<\/td>\n<td valign=\"top\" width=\"20%\">10\u00b5g<\/td>\n<td valign=\"top\" width=\"20%\">200 %<\/td>\n<\/tr>\n<\/tbody>\n<\/table>\n<p><strong><em>*DRI \u00e4r dagligt referensintag.<\/em><\/strong><\/p>\n<p><strong>Ingredienser<\/strong>: fyllnadsmedel (dikalciumfosfat, cellulosa), vitamin D3 (kolekalciferol), klumpf\u00f6re<br \/>\nbyggande medel (kiseldioxid, stearinsyra och magnesiumsalter av fettsyror).<\/p>\n<p>Rekommenderad dos b\u00f6r ej \u00f6verskridas.<br \/>\nKosttillskott ers\u00e4tter inte en varierad kost.<br \/>\nProdukten f\u00f6rvaras o\u00e5tkomligt f\u00f6r sm\u00e5 barn.<\/p>\n<p>L\u00e4mplig f\u00f6r veganer<\/p>\n","protected":false},"excerpt":{"rendered":"<ul>\n<li>Ger 400 IU, dubbelt s\u00e5 mycket som det rekommenderade dagliga intaget (RDA) som ofta rekommenderas.<\/li>\n<li>Ren vitamin D3 av h\u00f6gsta kvalitet.<\/li>\n<li>L\u00e4tta att ta, sm\u00e5 tabletter.<\/li>\n<li>Tillverkad i Storbritannien.<\/li>\n<li>L\u00e4mplig f\u00f6r vegetarianer.<\/li>\n<\/ul>\n<p><strong>120 tabletter<\/strong><\/p>\n","protected":false},"featured_media":10132,"comment_status":"open","ping_status":"closed","template":"","meta":{"_kad_blocks_custom_css":"","_kad_blocks_head_custom_js":"","_kad_blocks_body_custom_js":"","_kad_blocks_footer_custom_js":"","_kadence_starter_templates_imported_post":false,"_kad_post_transparent":"default","_kad_post_title":"","_kad_post_layout":"default","_kad_post_sidebar_id":"","_kad_post_content_style":"default","_kad_post_vertical_padding":"default","_kad_post_feature":"","_kad_post_feature_position":"","_kad_post_header":false,"_kad_post_footer":false,"_kad_post_classname":""},"product_brand":[],"product_cat":[2808,1088,176,1234,155],"product_tag":[1645,2348,336,2335,1648,1028,486,2349,2004,2350,227,824,2351,1210,2352],"class_list":{"0":"post-10071","1":"product","2":"type-product","3":"status-publish","4":"has-post-thumbnail","6":"product_cat-barn","7":"product_cat-d-vitamin","8":"product_cat-immunforsvar","9":"product_cat-lamberts","10":"product_cat-vitaminer","11":"product_tag-benhalsa","12":"product_tag-blodcirkulation","13":"product_tag-d-vitamin","14":"product_tag-halsofordelar","15":"product_tag-hjarthalsa","16":"product_tag-immunforsvar","17":"product_tag-kalcium","18":"product_tag-kalciumupptag","19":"product_tag-lamberts","20":"product_tag-naturlig","21":"product_tag-skelett","22":"product_tag-starkande","23":"product_tag-stod-for-ben","24":"product_tag-vitamin-d","25":"product_tag-vitamin-d400iu","27":"first","28":"instock","29":"taxable","30":"shipping-taxable","31":"purchasable","32":"product-type-simple","33":"entry","34":"content-bg","35":"loop-entry"},"taxonomy_info":{"product_cat":[{"value":2808,"label":"Barn"},{"value":1088,"label":"D-vitamin"},{"value":176,"label":"Immunf\u00f6rsvar"},{"value":1234,"label":"Lamberts"},{"value":155,"label":"Vitaminer"}],"product_tag":[{"value":1645,"label":"Benh\u00e4lsa"},{"value":2348,"label":"Blodcirkulation"},{"value":336,"label":"d vitamin"},{"value":2335,"label":"H\u00e4lsof\u00f6rdelar"},{"value":1648,"label":"hj\u00e4rth\u00e4lsa"},{"value":1028,"label":"immunf\u00f6rsvar"},{"value":486,"label":"Kalcium"},{"value":2349,"label":"Kalciumupptag"},{"value":2004,"label":"Lamberts"},{"value":2350,"label":"naturlig"},{"value":227,"label":"skelett"},{"value":824,"label":"st\u00e4rkande"},{"value":2351,"label":"St\u00f6d f\u00f6r ben"},{"value":1210,"label":"vitamin d"},{"value":2352,"label":"Vitamin D400iu"}]},"featured_image_src_large":["https:\/\/vitaminbutiken.com\/wp-content\/uploads\/2025\/03\/8140-Vitamin-D3-780x700.jpg",780,700,true],"author_info":[],"comment_info":0,"_links":{"self":[{"href":"https:\/\/vitaminbutiken.com\/en\/wp-json\/wp\/v2\/product\/10071","targetHints":{"allow":["GET"]}}],"collection":[{"href":"https:\/\/vitaminbutiken.com\/en\/wp-json\/wp\/v2\/product"}],"about":[{"href":"https:\/\/vitaminbutiken.com\/en\/wp-json\/wp\/v2\/types\/product"}],"replies":[{"embeddable":true,"href":"https:\/\/vitaminbutiken.com\/en\/wp-json\/wp\/v2\/comments?post=10071"}],"wp:featuredmedia":[{"embeddable":true,"href":"https:\/\/vitaminbutiken.com\/en\/wp-json\/wp\/v2\/media\/10132"}],"wp:attachment":[{"href":"https:\/\/vitaminbutiken.com\/en\/wp-json\/wp\/v2\/media?parent=10071"}],"wp:term":[{"taxonomy":"product_brand","embeddable":true,"href":"https:\/\/vitaminbutiken.com\/en\/wp-json\/wp\/v2\/product_brand?post=10071"},{"taxonomy":"product_cat","embeddable":true,"href":"https:\/\/vitaminbutiken.com\/en\/wp-json\/wp\/v2\/product_cat?post=10071"},{"taxonomy":"product_tag","embeddable":true,"href":"https:\/\/vitaminbutiken.com\/en\/wp-json\/wp\/v2\/product_tag?post=10071"}],"curies":[{"name":"wp","href":"https:\/\/api.w.org\/{rel}","templated":true}]}}