{"id":10068,"date":"2025-03-19T16:19:36","date_gmt":"2025-03-19T14:19:36","guid":{"rendered":"https:\/\/vitaminbutiken.multi.fi\/?post_type=product&#038;p=10068"},"modified":"2026-03-31T14:17:28","modified_gmt":"2026-03-31T12:17:28","slug":"time-release-vitamin-c-500mg-lamberts","status":"publish","type":"product","link":"https:\/\/vitaminbutiken.com\/en\/produkt\/time-release-vitamin-c-500mg-lamberts\/","title":{"rendered":"Time Release Vitamin C 500mg &#8211; Lamberts"},"content":{"rendered":"<p data-start=\"69\" data-end=\"541\">C-vitamin \u00e4r n\u00f6dv\u00e4ndigt f\u00f6r ett friskt immunsystem, friska ben, t\u00e4nder och tandk\u00f6tt samt f\u00f6r att hj\u00e4lpa till att uppr\u00e4tth\u00e5lla normala blodfett- och kolesterolniv\u00e5er. V\u00e5rt dagliga behov av C-vitamin \u00e4r h\u00f6gre \u00e4n n\u00e5got annat vattenl\u00f6sligt vitamin. Idealisk C-vitaminintag b\u00f6r tas i sm\u00e5 m\u00e4ngder under hela dagen och natten eftersom det snabbt f\u00f6rloras fr\u00e5n kroppen. Detta \u00e4r dock inte alltid bekv\u00e4mt, vilket \u00e4r varf\u00f6r Lamberts\u00ae har formulerat Time Release Vitamin C-tabletter.<\/p>\n<p data-start=\"543\" data-end=\"833\">Dessa tabletter produceras genom en specialprocess som beh\u00e5ller n\u00e4rings\u00e4mnet i mikropellets, vilket g\u00f6r att det frig\u00f6rs l\u00e5ngsamt efter att tabletten har sv\u00e4ljts. Detta inneb\u00e4r att absorptionen av C-vitamin \u00e4r en kontinuerlig process d\u00e5 den gradvisa fris\u00e4ttningen sker under 6 till 8 timmar.<\/p>\n<p data-start=\"835\" data-end=\"1302\">Lamberts\u00ae Time Release Vitamin C 500mg-tabletter inneh\u00e5ller ocks\u00e5 en relevant m\u00e4ngd bioflavonoider eftersom de \u00e4r k\u00e4nda f\u00f6r att underl\u00e4tta C-vitaminabsorptionen. Bioflavonoider har ocks\u00e5 visat sig ha specifika effekter, bland annat en st\u00e4rkande effekt p\u00e5 kapill\u00e4rerna.<\/p>\n<ul>\n<li data-start=\"835\" data-end=\"1302\">En gradvis fris\u00e4ttning av C-vitamin som efterliknar den naturliga matsm\u00e4ltningsprocessen.<\/li>\n<li data-start=\"835\" data-end=\"1302\">En mer stabil niv\u00e5 av C-vitamin i blodet under en l\u00e4ngre period.<\/li>\n<li data-start=\"835\" data-end=\"1302\">En l\u00e4gre uts\u00f6ndringshastighet av C-vitamin.<\/li>\n<\/ul>\n<p><strong> Dosering<\/strong>: 1-2 tabletter dagligen i samband med m\u00e5ltid.<\/p>\n<table style=\"height: 80px;\" border=\"1\" width=\"621\" cellspacing=\"0\" cellpadding=\"0\">\n<tbody>\n<tr>\n<td valign=\"top\" width=\"30%\"><strong>1 tablett inneh\u00e5ller<\/strong><\/td>\n<td valign=\"top\" width=\"20%\"><strong> M\u00e4ngd<\/strong><\/td>\n<td valign=\"top\" width=\"30%\"><strong>%DRI*<\/strong><\/td>\n<\/tr>\n<tr>\n<td valign=\"top\" width=\"30%\">Vitamin C<\/td>\n<td valign=\"top\" width=\"20%\">500 mg<\/td>\n<td valign=\"top\" width=\"20%\">625 %<\/td>\n<\/tr>\n<tr>\n<td valign=\"top\" width=\"30%\">Citrus bioflavonoidkomplex<\/td>\n<td valign=\"top\" width=\"20%\">50 mg<\/td>\n<td valign=\"top\" width=\"20%\">**<\/td>\n<\/tr>\n<tr>\n<td valign=\"top\" width=\"30%\">Nypon<br \/>\n(Som 4:1 extrakt)<\/td>\n<td valign=\"top\" width=\"20%\">25 mg<\/td>\n<td valign=\"top\" width=\"20%\">**<\/td>\n<\/tr>\n<\/tbody>\n<\/table>\n<p><strong><em>*DRI \u00e4r dagligt referensintag.**DRI ej fastst\u00e4llt.\u00a0<\/em><\/strong><\/p>\n<p><strong>Ingredienser<\/strong>: Vitamin C (askorbinsyra), fyllnadsmedel (dikalciumfosfat, cellulosa), gelningsmedel<br \/>\n(hydroxypropylmetylcellulosa), klumpf\u00f6rebyggande medel (kiseldioxid, stearinsyra, magnesiumsalter av<br \/>\nfettsyror), glaseringsmedel (hydroxypropylmetylcellulosa &amp; glycerol), nyponextrakt (<em>Rosa canina L.<\/em>)<\/p>\n<p>Rekommenderad dos b\u00f6r ej \u00f6verskridas.<br \/>\nKosttillskott ers\u00e4tter inte en varierad kost.<br \/>\nProdukten f\u00f6rvaras o\u00e5tkomligt f\u00f6r sm\u00e5 barn.<\/p>\n","protected":false},"excerpt":{"rendered":"<ul>\n<li>Inneh\u00e5ller en relevant m\u00e4ngd bioflavonoider, de naturliga f\u00f6reningarna som ofta \u00e4r associerade med C-vitamin i frukt och gr\u00f6nsaker.<\/li>\n<li>500 mg per tablett f\u00f6r att m\u00f6jligg\u00f6ra en mer stabil niv\u00e5 av C-vitamin i blodet under en l\u00e4ngre period.<\/li>\n<li>Studier visar att C-vitamin och bioflavonoider \u00e4r mest effektiva n\u00e4r de tas tillsammans.<\/li>\n<li>En gradvis fris\u00e4ttning av C-vitamin (6-8 timmar) som efterliknar den naturliga processen vid matsm\u00e4ltning.<\/li>\n<\/ul>\n<p>&nbsp;<\/p>\n","protected":false},"featured_media":10130,"comment_status":"open","ping_status":"closed","template":"","meta":{"_kad_blocks_custom_css":"","_kad_blocks_head_custom_js":"","_kad_blocks_body_custom_js":"","_kad_blocks_footer_custom_js":"","_kadence_starter_templates_imported_post":false,"_kad_post_transparent":"default","_kad_post_title":"","_kad_post_layout":"default","_kad_post_sidebar_id":"","_kad_post_content_style":"default","_kad_post_vertical_padding":"default","_kad_post_feature":"","_kad_post_feature_position":"","_kad_post_header":false,"_kad_post_footer":false,"_kad_post_classname":""},"product_brand":[],"product_cat":[508,176,1234,155],"product_tag":[1415,205,1112,2343,2335,1468,1028,1425,2004,2344,2337,2345,233,1209,2347],"class_list":{"0":"post-10068","1":"product","2":"type-product","3":"status-publish","4":"has-post-thumbnail","6":"product_cat-c-vitamin","7":"product_cat-immunforsvar","8":"product_cat-lamberts","9":"product_cat-vitaminer","10":"product_tag-anti-aging","11":"product_tag-antioxidant","12":"product_tag-energi","13":"product_tag-hallbar-frisattning","14":"product_tag-halsofordelar","15":"product_tag-hudhalsa","16":"product_tag-immunforsvar","17":"product_tag-kollagenproduktion","18":"product_tag-lamberts","19":"product_tag-langvarig-effekt","20":"product_tag-stod-for-blodkarl","21":"product_tag-tidsfrislappning","22":"product_tag-trotthet","23":"product_tag-vitamin-c","24":"product_tag-vitamin-c500mg","26":"first","27":"instock","28":"taxable","29":"shipping-taxable","30":"purchasable","31":"product-type-variable","32":"entry","33":"content-bg","34":"loop-entry"},"taxonomy_info":{"product_cat":[{"value":508,"label":"C-vitamin"},{"value":176,"label":"Immunf\u00f6rsvar"},{"value":1234,"label":"Lamberts"},{"value":155,"label":"Vitaminer"}],"product_tag":[{"value":1415,"label":"Anti-aging"},{"value":205,"label":"antioxidant"},{"value":1112,"label":"energi"},{"value":2343,"label":"H\u00e5llbar fris\u00e4ttning"},{"value":2335,"label":"H\u00e4lsof\u00f6rdelar"},{"value":1468,"label":"Hudh\u00e4lsa"},{"value":1028,"label":"immunf\u00f6rsvar"},{"value":1425,"label":"Kollagenproduktion"},{"value":2004,"label":"Lamberts"},{"value":2344,"label":"L\u00e5ngvarig effekt"},{"value":2337,"label":"St\u00f6d f\u00f6r blodk\u00e4rl"},{"value":2345,"label":"Tidsfrisl\u00e4ppning"},{"value":233,"label":"tr\u00f6tthet"},{"value":1209,"label":"Vitamin C"},{"value":2347,"label":"Vitamin C500mg."}]},"featured_image_src_large":["https:\/\/vitaminbutiken.com\/wp-content\/uploads\/2025\/03\/8135-Vitamin-C-500mg-780x700.jpg",780,700,true],"author_info":[],"comment_info":0,"_links":{"self":[{"href":"https:\/\/vitaminbutiken.com\/en\/wp-json\/wp\/v2\/product\/10068","targetHints":{"allow":["GET"]}}],"collection":[{"href":"https:\/\/vitaminbutiken.com\/en\/wp-json\/wp\/v2\/product"}],"about":[{"href":"https:\/\/vitaminbutiken.com\/en\/wp-json\/wp\/v2\/types\/product"}],"replies":[{"embeddable":true,"href":"https:\/\/vitaminbutiken.com\/en\/wp-json\/wp\/v2\/comments?post=10068"}],"wp:featuredmedia":[{"embeddable":true,"href":"https:\/\/vitaminbutiken.com\/en\/wp-json\/wp\/v2\/media\/10130"}],"wp:attachment":[{"href":"https:\/\/vitaminbutiken.com\/en\/wp-json\/wp\/v2\/media?parent=10068"}],"wp:term":[{"taxonomy":"product_brand","embeddable":true,"href":"https:\/\/vitaminbutiken.com\/en\/wp-json\/wp\/v2\/product_brand?post=10068"},{"taxonomy":"product_cat","embeddable":true,"href":"https:\/\/vitaminbutiken.com\/en\/wp-json\/wp\/v2\/product_cat?post=10068"},{"taxonomy":"product_tag","embeddable":true,"href":"https:\/\/vitaminbutiken.com\/en\/wp-json\/wp\/v2\/product_tag?post=10068"}],"curies":[{"name":"wp","href":"https:\/\/api.w.org\/{rel}","templated":true}]}}