{"id":10050,"date":"2025-03-19T16:19:09","date_gmt":"2025-03-19T14:19:09","guid":{"rendered":"https:\/\/vitaminbutiken.multi.fi\/?post_type=product&#038;p=10050"},"modified":"2026-03-31T08:44:23","modified_gmt":"2026-03-31T06:44:23","slug":"gentle-vitamin-c-lamberts","status":"publish","type":"product","link":"https:\/\/vitaminbutiken.com\/en\/produkt\/gentle-vitamin-c-lamberts\/","title":{"rendered":"Gentle Vitamin C &#8211; Lamberts"},"content":{"rendered":"<p data-start=\"69\" data-end=\"431\">Dessa tabletter tillhandah\u00e5ller C-vitamin i form av kalciumaskorbat, vilket \u00e4r en mild, icke-syrlig form av C-vitamin som tros vara skonsammare f\u00f6r magen. P\u00e5 grund av sin syra kan C-vitamin orsaka l\u00e4tt magbesv\u00e4r hos personer med mycket k\u00e4nsliga magar, och d\u00e4rf\u00f6r \u00e4r denna produkt idealisk f\u00f6r alla som \u00e4r k\u00e4nsliga f\u00f6r C-vitamin eller som tar stora dagliga doser.<\/p>\n<p data-start=\"433\" data-end=\"747\">Upp till 2 g C-vitamin kan tas med detta produkt (4 tabletter), och om denna m\u00e4ngd konsumeras rekommenderar vi att tabletterna tas utspridda under dagen. Varje tablett inneh\u00e5ller ocks\u00e5 \u00f6ver 70 mg kalcium, vilket kan ge ett v\u00e4rdefullt tillskott till individens kalciumintag, s\u00e4rskilt om flera tabletter tas per dag.<\/p>\n<p data-start=\"433\" data-end=\"747\"><strong> Dosering<\/strong>: 1-4 tabletter dagligen i samband med m\u00e5ltid.<\/p>\n<table style=\"height: 80px;\" border=\"1\" width=\"621\" cellspacing=\"0\" cellpadding=\"0\">\n<tbody>\n<tr>\n<td valign=\"top\" width=\"30%\"><strong>1 tablett inneh\u00e5ller<\/strong><\/td>\n<td valign=\"top\" width=\"20%\"><strong> M\u00e4ngd<\/strong><\/td>\n<td valign=\"top\" width=\"30%\"><strong>%DRI*<\/strong><\/td>\n<\/tr>\n<tr>\n<td valign=\"top\" width=\"30%\">Vitamin C<\/td>\n<td valign=\"top\" width=\"20%\">500 mg<\/td>\n<td valign=\"top\" width=\"20%\">1250 %<\/td>\n<\/tr>\n<tr>\n<td valign=\"top\" width=\"30%\">Kalcium<\/td>\n<td valign=\"top\" width=\"20%\">77 mg<\/td>\n<td valign=\"top\" width=\"20%\">10 %<\/td>\n<\/tr>\n<\/tbody>\n<\/table>\n<p><strong><em>*DRI \u00e4r dagligt referensintag.<\/em><\/strong><\/p>\n<p><strong>Ingredienser<\/strong>: Kalciumaskorbat (vitamin C, kalcium), fyllnadsmedel (cellulosa), kalciumkarbonat,<br \/>\nklumpf\u00f6rebyggande medel (kiseldioxid, magnesiumsalter av fettsyror, stearinsyra), modifierad<br \/>\nst\u00e4rkelse, stabilisator (hydroxypropylcellulosa), tablett\u00f6verdrag (hydroxypropylmetylcellulosa, glycerol).<\/p>\n<p>Rekommenderad dos b\u00f6r ej \u00f6verskridas.<br \/>\nKosttillskott ers\u00e4tter inte en varierad kost.<br \/>\nProdukten f\u00f6rvaras o\u00e5tkomligt f\u00f6r sm\u00e5 barn.<\/p>\n<p>L\u00e4mplig f\u00f6r veganer<\/p>\n","protected":false},"excerpt":{"rendered":"<ul>\n<li>C-vitamin, eller askorbinsyra, bidrar till normal funktion av ett friskt immunsystem, friska ben, t\u00e4nder och tandk\u00f6tt samt hj\u00e4lper till att uppr\u00e4tth\u00e5lla normala blodfett- och kolesterolniv\u00e5er.<\/li>\n<li>C-vitaminet tillhandah\u00e5lls i form av kalciumaskorbat, vilket \u00e4r en mild, icke-syrlig form av C-vitamin som tros vara skonsammare f\u00f6r magen.<\/li>\n<li>Idealisk f\u00f6r alla som \u00e4r k\u00e4nsliga f\u00f6r C-vitamin eller som tar stora dagliga doser.<\/li>\n<li>Upp till 2 g C-vitamin kan tas med detta produkt (4 tabletter), vi rekommenderar att tabletterna tas utspridda under dagen.<\/li>\n<li>Varje tablett inneh\u00e5ller ocks\u00e5 \u00f6ver 70 mg kalcium, vilket kan ge ett v\u00e4rdefullt tillskott till individens kalciumintag, s\u00e4rskilt vid intag av flera tabletter per dag.<\/li>\n<\/ul>\n<p><strong>100 tabletter<\/strong><\/p>\n","protected":false},"featured_media":10125,"comment_status":"open","ping_status":"closed","template":"","meta":{"_kad_blocks_custom_css":"","_kad_blocks_head_custom_js":"","_kad_blocks_body_custom_js":"","_kad_blocks_footer_custom_js":"","_kadence_starter_templates_imported_post":false,"_kad_post_transparent":"default","_kad_post_title":"","_kad_post_layout":"default","_kad_post_sidebar_id":"","_kad_post_content_style":"default","_kad_post_vertical_padding":"default","_kad_post_feature":"","_kad_post_feature_position":"","_kad_post_header":false,"_kad_post_footer":false,"_kad_post_classname":""},"product_brand":[],"product_cat":[508,176,1234,155],"product_tag":[205,2338,757,1112,2335,1468,1028,1425,2004,2339,2340,2122,2341,2342,233,1209],"class_list":{"0":"post-10050","1":"product","2":"type-product","3":"status-publish","4":"has-post-thumbnail","6":"product_cat-c-vitamin","7":"product_cat-immunforsvar","8":"product_cat-lamberts","9":"product_cat-vitaminer","10":"product_tag-antioxidant","11":"product_tag-antioxidant-skydd","12":"product_tag-c-vitamin","13":"product_tag-energi","14":"product_tag-halsofordelar","15":"product_tag-hudhalsa","16":"product_tag-immunforsvar","17":"product_tag-kollagenproduktion","18":"product_tag-lamberts","19":"product_tag-lattupptagbar","20":"product_tag-milt","21":"product_tag-naturlig-form","22":"product_tag-skonsam","23":"product_tag-tarmvanlig","24":"product_tag-trotthet","25":"product_tag-vitamin-c","27":"first","28":"instock","29":"taxable","30":"shipping-taxable","31":"purchasable","32":"product-type-simple","33":"entry","34":"content-bg","35":"loop-entry"},"taxonomy_info":{"product_cat":[{"value":508,"label":"C-vitamin"},{"value":176,"label":"Immunf\u00f6rsvar"},{"value":1234,"label":"Lamberts"},{"value":155,"label":"Vitaminer"}],"product_tag":[{"value":205,"label":"antioxidant"},{"value":2338,"label":"Antioxidant skydd"},{"value":757,"label":"c vitamin"},{"value":1112,"label":"energi"},{"value":2335,"label":"H\u00e4lsof\u00f6rdelar"},{"value":1468,"label":"Hudh\u00e4lsa"},{"value":1028,"label":"immunf\u00f6rsvar"},{"value":1425,"label":"Kollagenproduktion"},{"value":2004,"label":"Lamberts"},{"value":2339,"label":"L\u00e4ttupptagbar."},{"value":2340,"label":"Milt"},{"value":2122,"label":"naturlig form"},{"value":2341,"label":"Skonsam"},{"value":2342,"label":"Tarmv\u00e4nlig"},{"value":233,"label":"tr\u00f6tthet"},{"value":1209,"label":"Vitamin C"}]},"featured_image_src_large":["https:\/\/vitaminbutiken.com\/wp-content\/uploads\/2025\/03\/8131-Gentle-vitamin-C-780x700.jpg",780,700,true],"author_info":[],"comment_info":0,"_links":{"self":[{"href":"https:\/\/vitaminbutiken.com\/en\/wp-json\/wp\/v2\/product\/10050","targetHints":{"allow":["GET"]}}],"collection":[{"href":"https:\/\/vitaminbutiken.com\/en\/wp-json\/wp\/v2\/product"}],"about":[{"href":"https:\/\/vitaminbutiken.com\/en\/wp-json\/wp\/v2\/types\/product"}],"replies":[{"embeddable":true,"href":"https:\/\/vitaminbutiken.com\/en\/wp-json\/wp\/v2\/comments?post=10050"}],"wp:featuredmedia":[{"embeddable":true,"href":"https:\/\/vitaminbutiken.com\/en\/wp-json\/wp\/v2\/media\/10125"}],"wp:attachment":[{"href":"https:\/\/vitaminbutiken.com\/en\/wp-json\/wp\/v2\/media?parent=10050"}],"wp:term":[{"taxonomy":"product_brand","embeddable":true,"href":"https:\/\/vitaminbutiken.com\/en\/wp-json\/wp\/v2\/product_brand?post=10050"},{"taxonomy":"product_cat","embeddable":true,"href":"https:\/\/vitaminbutiken.com\/en\/wp-json\/wp\/v2\/product_cat?post=10050"},{"taxonomy":"product_tag","embeddable":true,"href":"https:\/\/vitaminbutiken.com\/en\/wp-json\/wp\/v2\/product_tag?post=10050"}],"curies":[{"name":"wp","href":"https:\/\/api.w.org\/{rel}","templated":true}]}}