{"id":10049,"date":"2025-03-19T16:19:09","date_gmt":"2025-03-19T14:19:09","guid":{"rendered":"https:\/\/vitaminbutiken.multi.fi\/?post_type=product&#038;p=10049"},"modified":"2026-03-31T14:09:48","modified_gmt":"2026-03-31T12:09:48","slug":"rutin-vitamin-c-lamberts","status":"publish","type":"product","link":"https:\/\/vitaminbutiken.com\/en\/produkt\/rutin-vitamin-c-lamberts\/","title":{"rendered":"Rutin &#038; Vitamin C &#8211; Lamberts"},"content":{"rendered":"<p data-start=\"69\" data-end=\"292\">Denna produkt kombinerar de kraftfulla bioflavonoiderna rutin och hesperidin med hela 500 mg vitamin C. Dessa bioflavonoider \u00e4r naturligt framst\u00e4llda, d\u00e4r rutin utvinns fr\u00e5n bovete och hesperidin fr\u00e5n citrusfrukternas skal.<\/p>\n<p data-start=\"294\" data-end=\"664\">Bioflavonoider har varit f\u00f6rem\u00e5l f\u00f6r forskning eftersom de verkar anv\u00e4ndas av kroppen p\u00e5 flera s\u00e4tt; s\u00e4rskilt st\u00f6djer de vitamin C i den roll det spelar f\u00f6r att uppr\u00e4tth\u00e5lla friskt kollagen och brosk f\u00f6r normal funktion av huden, tandk\u00f6tt och immunsystemet. Vitamin C bidrar ocks\u00e5 till att minska tr\u00f6tthet och utmattning samt till att skydda celler fr\u00e5n oxidativ stress.<\/p>\n<p><strong> Dosering<\/strong>: 1-2 tabletter dagligen i samband med m\u00e5ltid.<\/p>\n<table style=\"height: 80px;\" border=\"1\" width=\"621\" cellspacing=\"0\" cellpadding=\"0\">\n<tbody>\n<tr>\n<td valign=\"top\" width=\"30%\"><strong>1 tablett inneh\u00e5ller<\/strong><\/td>\n<td valign=\"top\" width=\"20%\"><strong> M\u00e4ngd<\/strong><\/td>\n<td valign=\"top\" width=\"30%\"><strong>%DRI*<\/strong><\/td>\n<\/tr>\n<tr>\n<td valign=\"top\" width=\"30%\">Vitamin C<\/td>\n<td valign=\"top\" width=\"20%\">500 mg<\/td>\n<td valign=\"top\" width=\"20%\">625 %<\/td>\n<\/tr>\n<tr>\n<td valign=\"top\" width=\"30%\">Citrus bioflavonoidkomplex<br \/>\nSom ger:<\/td>\n<td valign=\"top\" width=\"20%\">158 mg<\/td>\n<td valign=\"top\" width=\"20%\">**<\/td>\n<\/tr>\n<tr>\n<td valign=\"top\" width=\"30%\">Hesperidin<\/td>\n<td valign=\"top\" width=\"20%\">50 mg<\/td>\n<td valign=\"top\" width=\"20%\">**<\/td>\n<\/tr>\n<tr>\n<td valign=\"top\" width=\"30%\">Rutin<\/td>\n<td valign=\"top\" width=\"20%\">50 mg<\/td>\n<td valign=\"top\" width=\"20%\">**<\/td>\n<\/tr>\n<\/tbody>\n<\/table>\n<p><strong><em>*DRI \u00e4r dagligt referensintag. **DRI ej fastst\u00e4llt.<\/em><\/strong><\/p>\n<p><strong>Ingredienser<\/strong>: Vitamin C (askorbinsyra), cellulosa, citrusbioflavonoidkomplex (som ger: hesperidin), rutin,<br \/>\nhydroxypropylcellulosa, tablett\u00f6verdrag (hydroxypropylmetylcellulosa, glycerin), klumpf\u00f6rebyggande medel (kiseldioxid, magnesiumsalter av fettsyror, stearinsyra).<\/p>\n<p>Rekommenderad dos b\u00f6r ej \u00f6verskridas.<br \/>\nKosttillskott ers\u00e4tter inte en varierad kost.<br \/>\nProdukten f\u00f6rvaras o\u00e5tkomligt f\u00f6r sm\u00e5 barn.<\/p>\n<p>L\u00e4mplig f\u00f6r veganer<\/p>\n","protected":false},"excerpt":{"rendered":"<ul>\n<li>Kombinerar tv\u00e5 naturligt f\u00f6rekommande bioflavonoider, rutin och hesperidin.<\/li>\n<li>Bioflavonoider st\u00f6djer vitamin C i den roll det spelar f\u00f6r att uppr\u00e4tth\u00e5lla ett friskt kollagen och brosk f\u00f6r normal funktion av huden, tandk\u00f6tt och immunsystemet.<\/li>\n<li>Varje tablett ger en kombination av 500 mg vitamin C och 200 mg bioflavonoider (inklusive rutin).<\/li>\n<li>Vitamin C bidrar ocks\u00e5 till att minska tr\u00f6tthet och utmattning samt till att skydda celler fr\u00e5n oxidativ stress orsakat av &#8220;fria radikaler&#8221;.<\/li>\n<\/ul>\n<p><strong>90 tabletter<\/strong><\/p>\n","protected":false},"featured_media":10123,"comment_status":"open","ping_status":"closed","template":"","meta":{"_kad_blocks_custom_css":"","_kad_blocks_head_custom_js":"","_kad_blocks_body_custom_js":"","_kad_blocks_footer_custom_js":"","_kadence_starter_templates_imported_post":false,"_kad_post_transparent":"default","_kad_post_title":"","_kad_post_layout":"default","_kad_post_sidebar_id":"","_kad_post_content_style":"default","_kad_post_vertical_padding":"default","_kad_post_feature":"","_kad_post_feature_position":"","_kad_post_header":false,"_kad_post_footer":false,"_kad_post_classname":""},"product_brand":[],"product_cat":[508,176,1234,149,155],"product_tag":[205,757,1112,2335,1468,1028,1425,2004,2155,2336,824,2337,233,1209],"class_list":{"0":"post-10049","1":"product","2":"type-product","3":"status-publish","4":"has-post-thumbnail","6":"product_cat-c-vitamin","7":"product_cat-immunforsvar","8":"product_cat-lamberts","9":"product_cat-orter","10":"product_cat-vitaminer","11":"product_tag-antioxidant","12":"product_tag-c-vitamin","13":"product_tag-energi","14":"product_tag-halsofordelar","15":"product_tag-hudhalsa","16":"product_tag-immunforsvar","17":"product_tag-kollagenproduktion","18":"product_tag-lamberts","19":"product_tag-rutin","20":"product_tag-skydd-mot-fria-radikaler","21":"product_tag-starkande","22":"product_tag-stod-for-blodkarl","23":"product_tag-trotthet","24":"product_tag-vitamin-c","26":"first","27":"instock","28":"taxable","29":"shipping-taxable","30":"purchasable","31":"product-type-simple","32":"entry","33":"content-bg","34":"loop-entry"},"taxonomy_info":{"product_cat":[{"value":508,"label":"C-vitamin"},{"value":176,"label":"Immunf\u00f6rsvar"},{"value":1234,"label":"Lamberts"},{"value":149,"label":"\u00d6rter"},{"value":155,"label":"Vitaminer"}],"product_tag":[{"value":205,"label":"antioxidant"},{"value":757,"label":"c vitamin"},{"value":1112,"label":"energi"},{"value":2335,"label":"H\u00e4lsof\u00f6rdelar"},{"value":1468,"label":"Hudh\u00e4lsa"},{"value":1028,"label":"immunf\u00f6rsvar"},{"value":1425,"label":"Kollagenproduktion"},{"value":2004,"label":"Lamberts"},{"value":2155,"label":"rutin"},{"value":2336,"label":"Skydd mot fria radikaler"},{"value":824,"label":"st\u00e4rkande"},{"value":2337,"label":"St\u00f6d f\u00f6r blodk\u00e4rl"},{"value":233,"label":"tr\u00f6tthet"},{"value":1209,"label":"Vitamin C"}]},"featured_image_src_large":["https:\/\/vitaminbutiken.com\/wp-content\/uploads\/2025\/03\/8123-Rutin-Vitamin-C-780x700.jpg",780,700,true],"author_info":[],"comment_info":0,"_links":{"self":[{"href":"https:\/\/vitaminbutiken.com\/en\/wp-json\/wp\/v2\/product\/10049","targetHints":{"allow":["GET"]}}],"collection":[{"href":"https:\/\/vitaminbutiken.com\/en\/wp-json\/wp\/v2\/product"}],"about":[{"href":"https:\/\/vitaminbutiken.com\/en\/wp-json\/wp\/v2\/types\/product"}],"replies":[{"embeddable":true,"href":"https:\/\/vitaminbutiken.com\/en\/wp-json\/wp\/v2\/comments?post=10049"}],"wp:featuredmedia":[{"embeddable":true,"href":"https:\/\/vitaminbutiken.com\/en\/wp-json\/wp\/v2\/media\/10123"}],"wp:attachment":[{"href":"https:\/\/vitaminbutiken.com\/en\/wp-json\/wp\/v2\/media?parent=10049"}],"wp:term":[{"taxonomy":"product_brand","embeddable":true,"href":"https:\/\/vitaminbutiken.com\/en\/wp-json\/wp\/v2\/product_brand?post=10049"},{"taxonomy":"product_cat","embeddable":true,"href":"https:\/\/vitaminbutiken.com\/en\/wp-json\/wp\/v2\/product_cat?post=10049"},{"taxonomy":"product_tag","embeddable":true,"href":"https:\/\/vitaminbutiken.com\/en\/wp-json\/wp\/v2\/product_tag?post=10049"}],"curies":[{"name":"wp","href":"https:\/\/api.w.org\/{rel}","templated":true}]}}