{"id":10048,"date":"2025-03-19T16:19:08","date_gmt":"2025-03-19T14:19:08","guid":{"rendered":"https:\/\/vitaminbutiken.multi.fi\/?post_type=product&#038;p=10048"},"modified":"2026-03-31T14:32:13","modified_gmt":"2026-03-31T12:32:13","slug":"vitamin-c-ascorbic-acid-lamberts","status":"publish","type":"product","link":"https:\/\/vitaminbutiken.com\/en\/produkt\/vitamin-c-ascorbic-acid-lamberts\/","title":{"rendered":"Vitamin C Ascorbic Acid &#8211; Lamberts"},"content":{"rendered":"<p data-start=\"69\" data-end=\"373\">Denna rena pulverform \u00e4r det mest ekonomiska s\u00e4ttet att k\u00f6pa vitamin C. Det \u00e4r ocks\u00e5 det enklaste att anv\u00e4nda eftersom det kan tills\u00e4ttas i drycker d\u00e4r det l\u00f6ser sig snabbt. Pulver \u00e4r idealiska f\u00f6r dem som tycker att tabletter \u00e4r sv\u00e5ra att sv\u00e4lja eller f\u00f6r dem som beh\u00f6ver stora m\u00e4ngder av detta vitamin.<\/p>\n<p data-start=\"375\" data-end=\"523\">Produkten har en uppfriskande syrlig smak som liknar fruktsyror som citroner och lime, och \u00e4r perfekt f\u00f6r att berika fruktjuicer och saftkoncentrat.<\/p>\n<p data-start=\"525\" data-end=\"730\">Vitamin C bidrar till kollagenbildning f\u00f6r normal funktion av huden, tandk\u00f6tt och immunsystemet. Det bidrar ocks\u00e5 till att minska tr\u00f6tthet och utmattning samt till att skydda cellerna fr\u00e5n oxidativ stress.<\/p>\n<p><strong>Dosering<\/strong>: I samband med m\u00e5ltid.<br \/>\nVuxna: Ta 1 till 2 gram dagligen. 1\/4 tesked = 1 gram.<br \/>\nBarn fr\u00e5n 10 \u00e5r och \u00e4ldre: Ta 1\/8 tesked = 500 mg<\/p>\n<table style=\"height: 80px;\" border=\"1\" width=\"621\" cellspacing=\"0\" cellpadding=\"0\">\n<tbody>\n<tr>\n<td valign=\"top\" width=\"30%\"><strong>1 tablett inneh\u00e5ller<\/strong><\/td>\n<td valign=\"top\" width=\"20%\"><strong> M\u00e4ngd<\/strong><\/td>\n<td valign=\"top\" width=\"30%\"><strong>%DRI*<\/strong><\/td>\n<\/tr>\n<tr>\n<td valign=\"top\" width=\"30%\">Vitamin C<\/td>\n<td valign=\"top\" width=\"20%\">1000 mg<\/td>\n<td valign=\"top\" width=\"20%\">1250 %<\/td>\n<\/tr>\n<\/tbody>\n<\/table>\n<p><strong><em>*DRI \u00e4r dagligt referensintag.<\/em><\/strong><\/p>\n<p><strong> Ingredienser<\/strong>: Vitamin C (askorbinsyra).<\/p>\n<p>Rekommenderad dos b\u00f6r ej \u00f6verskridas.<br \/>\nKosttillskott ers\u00e4tter inte en varierad kost.<br \/>\nProdukten f\u00f6rvaras o\u00e5tkomligt f\u00f6r sm\u00e5 barn.<\/p>\n<p>L\u00e4mplig f\u00f6r vegetarianer<\/p>\n","protected":false},"excerpt":{"rendered":"<ul>\n<li>N\u00f6dv\u00e4ndigt f\u00f6r ett friskt immunsystem, friska ben, t\u00e4nder och tandk\u00f6tt samt f\u00f6r att hj\u00e4lpa till att bibeh\u00e5lla normala blodfett- och kolesterolniv\u00e5er.<\/li>\n<li>Snabbt uppl\u00f6sande, fint l\u00f6sligt pulver med en uppfriskande, syrlig smak som kan tills\u00e4ttas i drycker.<\/li>\n<li>Idealiskt f\u00f6r dem som tycker att tabletter \u00e4r sv\u00e5ra att sv\u00e4lja eller som beh\u00f6ver stora m\u00e4ngder av detta vitamin.<\/li>\n<li>Ett ekonomiskt s\u00e4tt att komplettera med vitamin C.<\/li>\n<\/ul>\n<p><strong>250 g<\/strong><\/p>\n","protected":false},"featured_media":10113,"comment_status":"open","ping_status":"closed","template":"","meta":{"_kad_blocks_custom_css":"","_kad_blocks_head_custom_js":"","_kad_blocks_body_custom_js":"","_kad_blocks_footer_custom_js":"","_kadence_starter_templates_imported_post":false,"_kad_post_transparent":"default","_kad_post_title":"","_kad_post_layout":"default","_kad_post_sidebar_id":"","_kad_post_content_style":"default","_kad_post_vertical_padding":"default","_kad_post_feature":"","_kad_post_feature_position":"","_kad_post_header":false,"_kad_post_footer":false,"_kad_post_classname":""},"product_brand":[],"product_cat":[508,176,1234,155],"product_tag":[205,1106,1112,2335,1468,1028,1425,285,2004,2336,2326,233,1209],"class_list":{"0":"post-10048","1":"product","2":"type-product","3":"status-publish","4":"has-post-thumbnail","6":"product_cat-c-vitamin","7":"product_cat-immunforsvar","8":"product_cat-lamberts","9":"product_cat-vitaminer","10":"product_tag-antioxidant","11":"product_tag-askorbinsyra","12":"product_tag-energi","13":"product_tag-halsofordelar","14":"product_tag-hudhalsa","15":"product_tag-immunforsvar","16":"product_tag-kollagenproduktion","17":"product_tag-kosttillskott","18":"product_tag-lamberts","19":"product_tag-skydd-mot-fria-radikaler","20":"product_tag-tillskott","21":"product_tag-trotthet","22":"product_tag-vitamin-c","24":"first","25":"instock","26":"taxable","27":"shipping-taxable","28":"purchasable","29":"product-type-simple","30":"entry","31":"content-bg","32":"loop-entry"},"taxonomy_info":{"product_cat":[{"value":508,"label":"C-vitamin"},{"value":176,"label":"Immunf\u00f6rsvar"},{"value":1234,"label":"Lamberts"},{"value":155,"label":"Vitaminer"}],"product_tag":[{"value":205,"label":"antioxidant"},{"value":1106,"label":"askorbinsyra"},{"value":1112,"label":"energi"},{"value":2335,"label":"H\u00e4lsof\u00f6rdelar"},{"value":1468,"label":"Hudh\u00e4lsa"},{"value":1028,"label":"immunf\u00f6rsvar"},{"value":1425,"label":"Kollagenproduktion"},{"value":285,"label":"kosttillskott"},{"value":2004,"label":"Lamberts"},{"value":2336,"label":"Skydd mot fria radikaler"},{"value":2326,"label":"Tillskott"},{"value":233,"label":"tr\u00f6tthet"},{"value":1209,"label":"Vitamin C"}]},"featured_image_src_large":["https:\/\/vitaminbutiken.com\/wp-content\/uploads\/2025\/03\/8103-Vitamin-C-ascorbic-acid-780x700.jpg",780,700,true],"author_info":[],"comment_info":0,"_links":{"self":[{"href":"https:\/\/vitaminbutiken.com\/en\/wp-json\/wp\/v2\/product\/10048","targetHints":{"allow":["GET"]}}],"collection":[{"href":"https:\/\/vitaminbutiken.com\/en\/wp-json\/wp\/v2\/product"}],"about":[{"href":"https:\/\/vitaminbutiken.com\/en\/wp-json\/wp\/v2\/types\/product"}],"replies":[{"embeddable":true,"href":"https:\/\/vitaminbutiken.com\/en\/wp-json\/wp\/v2\/comments?post=10048"}],"wp:featuredmedia":[{"embeddable":true,"href":"https:\/\/vitaminbutiken.com\/en\/wp-json\/wp\/v2\/media\/10113"}],"wp:attachment":[{"href":"https:\/\/vitaminbutiken.com\/en\/wp-json\/wp\/v2\/media?parent=10048"}],"wp:term":[{"taxonomy":"product_brand","embeddable":true,"href":"https:\/\/vitaminbutiken.com\/en\/wp-json\/wp\/v2\/product_brand?post=10048"},{"taxonomy":"product_cat","embeddable":true,"href":"https:\/\/vitaminbutiken.com\/en\/wp-json\/wp\/v2\/product_cat?post=10048"},{"taxonomy":"product_tag","embeddable":true,"href":"https:\/\/vitaminbutiken.com\/en\/wp-json\/wp\/v2\/product_tag?post=10048"}],"curies":[{"name":"wp","href":"https:\/\/api.w.org\/{rel}","templated":true}]}}