{"id":10047,"date":"2025-03-19T16:19:08","date_gmt":"2025-03-19T14:19:08","guid":{"rendered":"https:\/\/vitaminbutiken.multi.fi\/?post_type=product&#038;p=10047"},"modified":"2026-04-01T14:46:21","modified_gmt":"2026-04-01T12:46:21","slug":"vitamin-b12-1000ug-lamberts","status":"publish","type":"product","link":"https:\/\/vitaminbutiken.com\/en\/produkt\/vitamin-b12-1000ug-lamberts\/","title":{"rendered":"Vitamin B12 (Metylkobalamin) 1000ug High Strength &#8211; Lamberts"},"content":{"rendered":"<p data-start=\"233\" data-end=\"299\"><strong data-start=\"233\" data-end=\"299\">H\u00f6gstyrka i aktiv form f\u00f6r energi, nervsystem och blodbildning<\/strong><\/p>\n<p data-start=\"301\" data-end=\"598\">Lamberts Vitamin B12 1000 \u00b5g High Strength inneh\u00e5ller metylkobalamin \u2013 den biologiskt aktiva formen av vitamin B12. Metylkobalamin \u00e4r en form som kroppen kan anv\u00e4nda direkt utan att f\u00f6rst beh\u00f6va omvandlas, vilket g\u00f6r den till ett uppskattat val vid behov av ett kraftfullt och effektivt tillskott.<\/p>\n<p data-start=\"600\" data-end=\"825\">Vitamin B12 \u00e4r ett vattenl\u00f6sligt vitamin som spelar en central roll i flera av kroppens grundl\u00e4ggande funktioner. Eftersom kroppen inte sj\u00e4lv kan producera vitamin B12 m\u00e5ste det tillf\u00f6ras via kosten eller genom kosttillskott.<\/p>\n<p data-start=\"827\" data-end=\"948\">Denna h\u00f6gdoserade produkt \u00e4r s\u00e4rskilt framtagen f\u00f6r dig som vill s\u00e4kerst\u00e4lla ett h\u00f6gt och p\u00e5litligt intag av vitamin B12.<\/p>\n<p data-start=\"955\" data-end=\"988\"><strong>Energi och minskad tr\u00f6tthet<\/strong><\/p>\n<p data-start=\"990\" data-end=\"1002\">Vitamin B12:<\/p>\n<ul data-start=\"1004\" data-end=\"1094\">\n<li data-start=\"1004\" data-end=\"1043\">\n<p data-start=\"1006\" data-end=\"1043\">bidrar till normal energioms\u00e4ttning<\/p>\n<\/li>\n<li data-start=\"1044\" data-end=\"1094\">\n<p data-start=\"1046\" data-end=\"1094\">bidrar till att minska tr\u00f6tthet och utmattning<\/p>\n<\/li>\n<\/ul>\n<p data-start=\"1096\" data-end=\"1238\">Vitaminet \u00e4r involverat i kroppens energiproduktion och kan vara s\u00e4rskilt relevant vid \u00f6kad belastning, tr\u00f6tthet eller perioder av \u00f6kat behov.<\/p>\n<p data-start=\"1245\" data-end=\"1271\"><strong>Normal blodbildning<\/strong><\/p>\n<p data-start=\"1273\" data-end=\"1285\">Vitamin B12:<\/p>\n<ul data-start=\"1287\" data-end=\"1338\">\n<li data-start=\"1287\" data-end=\"1338\">\n<p data-start=\"1289\" data-end=\"1338\">bidrar till normal bildning av r\u00f6da blodkroppar<\/p>\n<\/li>\n<\/ul>\n<p data-start=\"1340\" data-end=\"1446\">Vitamin B12 spelar en viktig roll i produktionen av r\u00f6da blodkroppar och i kroppens normala syretransport.<\/p>\n<p data-start=\"1453\" data-end=\"1495\"><strong>Nervsystem och psykologisk funktion<\/strong><\/p>\n<p data-start=\"1497\" data-end=\"1509\">Vitamin B12:<\/p>\n<ul data-start=\"1511\" data-end=\"1601\">\n<li data-start=\"1511\" data-end=\"1557\">\n<p data-start=\"1513\" data-end=\"1557\">bidrar till nervsystemets normala funktion<\/p>\n<\/li>\n<li data-start=\"1558\" data-end=\"1601\">\n<p data-start=\"1560\" data-end=\"1601\">bidrar till normal psykologisk funktion<\/p>\n<\/li>\n<\/ul>\n<p data-start=\"1603\" data-end=\"1697\">Det \u00e4r en viktig n\u00e4ringsfaktor f\u00f6r nervcellernas funktion och kroppens neurologiska processer.<\/p>\n<p data-start=\"1704\" data-end=\"1748\"><strong>Celldelning och homocysteinoms\u00e4ttning<\/strong><\/p>\n<p data-start=\"1750\" data-end=\"1762\">Vitamin B12:<\/p>\n<ul data-start=\"1764\" data-end=\"1896\">\n<li data-start=\"1764\" data-end=\"1803\">\n<p data-start=\"1766\" data-end=\"1803\">har en roll i celldelningsprocessen<\/p>\n<\/li>\n<li data-start=\"1804\" data-end=\"1848\">\n<p data-start=\"1806\" data-end=\"1848\">bidrar till normal homocysteinoms\u00e4ttning<\/p>\n<\/li>\n<li data-start=\"1849\" data-end=\"1896\">\n<p data-start=\"1851\" data-end=\"1896\">bidrar till immunsystemets normala funktion<\/p>\n<\/li>\n<\/ul>\n<p data-start=\"1898\" data-end=\"1988\">Detta g\u00f6r vitamin B12 till en central komponent i kroppens biologiska och metabola balans.<\/p>\n<p data-start=\"1995\" data-end=\"2034\"><strong>F\u00f6r vem passar Vitamin B12 1000 \u00b5g?<\/strong><\/p>\n<p data-start=\"2036\" data-end=\"2090\">Denna h\u00f6gstyrkeprodukt kan vara s\u00e4rskilt relevant f\u00f6r:<\/p>\n<ul data-start=\"2092\" data-end=\"2322\">\n<li data-start=\"2092\" data-end=\"2143\">\n<p data-start=\"2094\" data-end=\"2143\">personer som \u00e4ter vegetarisk eller vegansk kost<\/p>\n<\/li>\n<li data-start=\"2144\" data-end=\"2162\">\n<p data-start=\"2146\" data-end=\"2162\">\u00e4ldre personer<\/p>\n<\/li>\n<li data-start=\"2163\" data-end=\"2205\">\n<p data-start=\"2165\" data-end=\"2205\">personer med \u00f6kat behov av vitamin B12<\/p>\n<\/li>\n<li data-start=\"2206\" data-end=\"2257\">\n<p data-start=\"2208\" data-end=\"2257\">dig som vill s\u00e4kerst\u00e4lla ett h\u00f6gt dagligt intag<\/p>\n<\/li>\n<li data-start=\"2258\" data-end=\"2322\">\n<p data-start=\"2260\" data-end=\"2322\">personer som vill st\u00f6dja energi, nervsystem och blodbildning<\/p>\n<\/li>\n<\/ul>\n<p data-start=\"2329\" data-end=\"2355\"><strong>Kvalitet fr\u00e5n Lamberts<\/strong><\/p>\n<p data-start=\"2357\" data-end=\"2542\">Lamberts \u00e4r k\u00e4nt f\u00f6r sina h\u00f6ga kvalitetskrav och noggrant kontrollerade r\u00e5varor. Vitamin B12 1000 \u00b5g High Strength \u00e4r framtaget med fokus p\u00e5 stabilitet, korrekt dosering och h\u00f6g renhet.<\/p>\n<p data-start=\"2544\" data-end=\"2647\">Tabletterna \u00e4r sm\u00e5 och l\u00e4tta att anv\u00e4nda och l\u00e4mpar sig f\u00f6r dagligt bruk enligt rekommenderad dosering.<\/p>\n<p><strong> Dosering<\/strong>: 1 tablett dagligen i samband med m\u00e5ltid.<\/p>\n<table style=\"height: 80px;\" border=\"1\" width=\"621\" cellspacing=\"0\" cellpadding=\"0\">\n<tbody>\n<tr>\n<td valign=\"top\" width=\"30%\"><strong>1 tablett inneh\u00e5ller<\/strong><\/td>\n<td valign=\"top\" width=\"20%\"><strong> M\u00e4ngd<\/strong><\/td>\n<td valign=\"top\" width=\"30%\"><strong>%DRI*<\/strong><\/td>\n<\/tr>\n<tr>\n<td valign=\"top\" width=\"30%\">Vitamin B12<\/td>\n<td valign=\"top\" width=\"20%\">1 000 \u00b5g<\/td>\n<td valign=\"top\" width=\"20%\">40 000 %<\/td>\n<\/tr>\n<\/tbody>\n<\/table>\n<p><strong><em>*DRI \u00e4r dagligt referensintag.<\/em><\/strong><\/p>\n<p><strong>Ingredienser<\/strong>: Fyllnadsmedel (dikalciumfosfat &amp; cellulosa), klumpf\u00f6rebyggande medel (kiseldioxid, stearinsyra, magnesiumsalter av fettsyror), glaseringsmedel (hydroxypropylmetylcellulosa, glycerol), vitamin B12 (metylkobalamin).<\/p>\n<p>Rekommenderad daglig dos b\u00f6r ej \u00f6verskridas.<br \/>\nKosttillskott ers\u00e4tter inte en varierad kost.<br \/>\nProdukten f\u00f6rvaras o\u00e5tkomligt f\u00f6r sm\u00e5 barn.<\/p>\n<p>L\u00e4mplig f\u00f6r veganer<\/p>\n","protected":false},"excerpt":{"rendered":"<p>Vitamin B12 (Metylkobalamin) 1000 \u00b5g High Strength fr\u00e5n Lamberts \u00e4r ett h\u00f6gdoserat tillskott i aktiv form som bidrar till normal energioms\u00e4ttning, minskad tr\u00f6tthet, normal blodbildning, nervsystemets normala funktion, psykologisk funktion, normal homocysteinoms\u00e4ttning samt immunsystemets normala funktion.<\/p>\n<ul>\n<li>Vitamin B12 \u00e4r involverad i tillverkningen av r\u00f6da blodkroppar och bidrar till normal funktion av immunsystemet.<\/li>\n<li>Eftersom det huvudsakligen finns i animaliska livsmedel som k\u00f6tt, kan det vara sv\u00e5rt att f\u00e5 i sig tillr\u00e4ckligt f\u00f6r dem som inte \u00e4ter animaliska produkter.<\/li>\n<li>Sm\u00e5, l\u00e4ttsvalda tabletter som inneh\u00e5ller 1000 \u00b5g vitamin B12.<\/li>\n<li>H\u00e4lsov\u00e5rdspersonal rekommenderar ofta detta till vegetarianer, veganer och \u00e4ldre.<\/li>\n<\/ul>\n<p><strong>60 tabletter<\/strong><\/p>\n","protected":false},"featured_media":10111,"comment_status":"open","ping_status":"closed","template":"","meta":{"_kad_blocks_custom_css":"","_kad_blocks_head_custom_js":"","_kad_blocks_body_custom_js":"","_kad_blocks_footer_custom_js":"","_kadence_starter_templates_imported_post":false,"_kad_post_transparent":"default","_kad_post_title":"","_kad_post_layout":"default","_kad_post_sidebar_id":"","_kad_post_content_style":"default","_kad_post_vertical_padding":"default","_kad_post_feature":"","_kad_post_feature_position":"","_kad_post_header":false,"_kad_post_footer":false,"_kad_post_classname":""},"product_brand":[],"product_cat":[348,329,1234,155],"product_tag":[2334,1112,1889,1028,285,2004,2059,450,2326,233,1207,2332],"class_list":{"0":"post-10047","1":"product","2":"type-product","3":"status-publish","4":"has-post-thumbnail","6":"product_cat-b-vitamin","7":"product_cat-hjarna-och-minne","8":"product_cat-lamberts","9":"product_cat-vitaminer","10":"product_tag-1000ug","11":"product_tag-energi","12":"product_tag-hjarnhalsa","13":"product_tag-immunforsvar","14":"product_tag-kosttillskott","15":"product_tag-lamberts","16":"product_tag-metabolism","17":"product_tag-nervsystem","18":"product_tag-tillskott","19":"product_tag-trotthet","20":"product_tag-vitamin-b12","21":"product_tag-vitamin-b12-brist","23":"first","24":"instock","25":"taxable","26":"shipping-taxable","27":"purchasable","28":"product-type-simple","29":"entry","30":"content-bg","31":"loop-entry"},"taxonomy_info":{"product_cat":[{"value":348,"label":"B-vitamin"},{"value":329,"label":"Hj\u00e4rna &amp; Minne"},{"value":1234,"label":"Lamberts"},{"value":155,"label":"Vitaminer"}],"product_tag":[{"value":2334,"label":"1000ug"},{"value":1112,"label":"energi"},{"value":1889,"label":"Hj\u00e4rnh\u00e4lsa"},{"value":1028,"label":"immunf\u00f6rsvar"},{"value":285,"label":"kosttillskott"},{"value":2004,"label":"Lamberts"},{"value":2059,"label":"metabolism"},{"value":450,"label":"nervsystem"},{"value":2326,"label":"Tillskott"},{"value":233,"label":"tr\u00f6tthet"},{"value":1207,"label":"Vitamin B12"},{"value":2332,"label":"Vitamin B12 brist."}]},"featured_image_src_large":["https:\/\/vitaminbutiken.com\/wp-content\/uploads\/2025\/03\/8087-Vitamin-B12-1000-780x700.jpg",780,700,true],"author_info":[],"comment_info":0,"_links":{"self":[{"href":"https:\/\/vitaminbutiken.com\/en\/wp-json\/wp\/v2\/product\/10047","targetHints":{"allow":["GET"]}}],"collection":[{"href":"https:\/\/vitaminbutiken.com\/en\/wp-json\/wp\/v2\/product"}],"about":[{"href":"https:\/\/vitaminbutiken.com\/en\/wp-json\/wp\/v2\/types\/product"}],"replies":[{"embeddable":true,"href":"https:\/\/vitaminbutiken.com\/en\/wp-json\/wp\/v2\/comments?post=10047"}],"wp:featuredmedia":[{"embeddable":true,"href":"https:\/\/vitaminbutiken.com\/en\/wp-json\/wp\/v2\/media\/10111"}],"wp:attachment":[{"href":"https:\/\/vitaminbutiken.com\/en\/wp-json\/wp\/v2\/media?parent=10047"}],"wp:term":[{"taxonomy":"product_brand","embeddable":true,"href":"https:\/\/vitaminbutiken.com\/en\/wp-json\/wp\/v2\/product_brand?post=10047"},{"taxonomy":"product_cat","embeddable":true,"href":"https:\/\/vitaminbutiken.com\/en\/wp-json\/wp\/v2\/product_cat?post=10047"},{"taxonomy":"product_tag","embeddable":true,"href":"https:\/\/vitaminbutiken.com\/en\/wp-json\/wp\/v2\/product_tag?post=10047"}],"curies":[{"name":"wp","href":"https:\/\/api.w.org\/{rel}","templated":true}]}}