{"id":10034,"date":"2025-03-19T16:18:45","date_gmt":"2025-03-19T14:18:45","guid":{"rendered":"https:\/\/vitaminbutiken.multi.fi\/?post_type=product&#038;p=10034"},"modified":"2026-04-02T21:25:25","modified_gmt":"2026-04-02T19:25:25","slug":"vitamin-b12-lamberts","status":"publish","type":"product","link":"https:\/\/vitaminbutiken.com\/en\/produkt\/vitamin-b12-lamberts\/","title":{"rendered":"Vitamin B12 (metylkobalamin) 100 \u00b5g &#8211; Lamberts"},"content":{"rendered":"<p data-start=\"203\" data-end=\"272\"><strong data-start=\"203\" data-end=\"272\">Aktiv form av vitamin B12 f\u00f6r energi, nervsystem och blodbildning<\/strong><\/p>\n<p data-start=\"274\" data-end=\"526\">Lamberts Vitamin B12 100 \u00b5g inneh\u00e5ller metylkobalamin \u2013 den biologiskt aktiva formen av vitamin B12. Metylkobalamin \u00e4r en form som kroppen kan anv\u00e4nda direkt utan att f\u00f6rst beh\u00f6va omvandlas, vilket g\u00f6r den till ett uppskattat val f\u00f6r dagligt tillskott.<\/p>\n<p data-start=\"528\" data-end=\"747\">Vitamin B12 \u00e4r ett vattenl\u00f6sligt vitamin som spelar en avg\u00f6rande roll i flera viktiga funktioner i kroppen. Eftersom kroppen inte sj\u00e4lv kan producera vitamin B12 m\u00e5ste det tillf\u00f6ras via kosten eller genom kosttillskott.<\/p>\n<p data-start=\"754\" data-end=\"787\"><strong>Energi och minskad tr\u00f6tthet<\/strong><\/p>\n<p data-start=\"789\" data-end=\"801\">Vitamin B12:<\/p>\n<ul data-start=\"803\" data-end=\"893\">\n<li data-start=\"803\" data-end=\"842\">\n<p data-start=\"805\" data-end=\"842\">bidrar till normal energioms\u00e4ttning<\/p>\n<\/li>\n<li data-start=\"843\" data-end=\"893\">\n<p data-start=\"845\" data-end=\"893\">bidrar till att minska tr\u00f6tthet och utmattning<\/p>\n<\/li>\n<\/ul>\n<p data-start=\"895\" data-end=\"1040\">Vitaminet \u00e4r involverat i kroppens energiproduktion och kan vara s\u00e4rskilt viktigt vid perioder av \u00f6kad belastning, ensidig kost eller \u00f6kat behov.<\/p>\n<p data-start=\"1047\" data-end=\"1073\"><strong>Normal blodbildning<\/strong><\/p>\n<p data-start=\"1075\" data-end=\"1087\">Vitamin B12:<\/p>\n<ul data-start=\"1089\" data-end=\"1140\">\n<li data-start=\"1089\" data-end=\"1140\">\n<p data-start=\"1091\" data-end=\"1140\">bidrar till normal bildning av r\u00f6da blodkroppar<\/p>\n<\/li>\n<\/ul>\n<p data-start=\"1142\" data-end=\"1235\">B12 spelar en viktig roll i produktionen av r\u00f6da blodkroppar och i syretransporten i kroppen.<\/p>\n<p data-start=\"1242\" data-end=\"1284\"><strong>Nervsystem och psykologisk funktion<\/strong><\/p>\n<p data-start=\"1286\" data-end=\"1298\">Vitamin B12:<\/p>\n<ul data-start=\"1300\" data-end=\"1390\">\n<li data-start=\"1300\" data-end=\"1346\">\n<p data-start=\"1302\" data-end=\"1346\">bidrar till nervsystemets normala funktion<\/p>\n<\/li>\n<li data-start=\"1347\" data-end=\"1390\">\n<p data-start=\"1349\" data-end=\"1390\">bidrar till normal psykologisk funktion<\/p>\n<\/li>\n<\/ul>\n<p data-start=\"1392\" data-end=\"1488\">Vitaminet \u00e4r viktigt f\u00f6r nervcellernas funktion och f\u00f6r kroppens normala neurologiska processer.<\/p>\n<p data-start=\"1495\" data-end=\"1530\"><strong>Celldelning och immunf\u00f6rsvar<\/strong><\/p>\n<p data-start=\"1532\" data-end=\"1544\">Vitamin B12:<\/p>\n<ul data-start=\"1546\" data-end=\"1678\">\n<li data-start=\"1546\" data-end=\"1585\">\n<p data-start=\"1548\" data-end=\"1585\">har en roll i celldelningsprocessen<\/p>\n<\/li>\n<li data-start=\"1586\" data-end=\"1633\">\n<p data-start=\"1588\" data-end=\"1633\">bidrar till immunsystemets normala funktion<\/p>\n<\/li>\n<li data-start=\"1634\" data-end=\"1678\">\n<p data-start=\"1636\" data-end=\"1678\">bidrar till normal homocysteinoms\u00e4ttning<\/p>\n<\/li>\n<\/ul>\n<p data-start=\"1680\" data-end=\"1777\">Detta g\u00f6r vitamin B12 till en viktig n\u00e4ringsfaktor i kroppens grundl\u00e4ggande biologiska processer.<\/p>\n<p data-start=\"1784\" data-end=\"1815\"><strong>F\u00f6r vem passar Vitamin B12?<\/strong><\/p>\n<p data-start=\"1817\" data-end=\"1860\">Vitamin B12 kan vara s\u00e4rskilt relevant f\u00f6r:<\/p>\n<ul data-start=\"1862\" data-end=\"2027\">\n<li data-start=\"1862\" data-end=\"1913\">\n<p data-start=\"1864\" data-end=\"1913\">personer som \u00e4ter vegetarisk eller vegansk kost<\/p>\n<\/li>\n<li data-start=\"1914\" data-end=\"1932\">\n<p data-start=\"1916\" data-end=\"1932\">\u00e4ldre personer<\/p>\n<\/li>\n<li data-start=\"1933\" data-end=\"1967\">\n<p data-start=\"1935\" data-end=\"1967\">personer med \u00f6kat behov av B12<\/p>\n<\/li>\n<li data-start=\"1968\" data-end=\"2027\">\n<p data-start=\"1970\" data-end=\"2027\">dig som vill st\u00f6dja energi, nervsystem och blodbildning<\/p>\n<\/li>\n<\/ul>\n<p data-start=\"2034\" data-end=\"2060\"><strong>Kvalitet fr\u00e5n Lamberts<\/strong><\/p>\n<p data-start=\"2062\" data-end=\"2263\">Lamberts \u00e4r k\u00e4nt f\u00f6r sina h\u00f6ga kvalitetsstandarder och noggrant kontrollerade r\u00e5varor. Vitamin B12 100 \u00b5g i form av metylkobalamin \u00e4r framtaget med fokus p\u00e5 stabilitet, korrekt dosering och h\u00f6g renhet.<\/p>\n<p data-start=\"2265\" data-end=\"2368\">Tabletterna \u00e4r sm\u00e5 och l\u00e4tta att anv\u00e4nda och l\u00e4mpar sig f\u00f6r dagligt bruk enligt rekommenderad dosering.<\/p>\n<p><strong> Dosering<\/strong>: 1 tablett dagligen i samband med m\u00e5ltid.<\/p>\n<table style=\"height: 80px;\" border=\"1\" width=\"621\" cellspacing=\"0\" cellpadding=\"0\">\n<tbody>\n<tr>\n<td valign=\"top\" width=\"30%\"><strong>1 tablett inneh\u00e5ller<\/strong><\/td>\n<td valign=\"top\" width=\"20%\"><strong> M\u00e4ngd<\/strong><\/td>\n<td valign=\"top\" width=\"30%\"><strong>%DRI*<\/strong><\/td>\n<\/tr>\n<tr>\n<td valign=\"top\" width=\"30%\">Vitamin B12<\/td>\n<td valign=\"top\" width=\"20%\">100 \u00b5g<\/td>\n<td valign=\"top\" width=\"20%\">4 000 %<\/td>\n<\/tr>\n<\/tbody>\n<\/table>\n<p><strong><em>*DRI \u00e4r dagligt referensintag.<\/em><\/strong><\/p>\n<p><strong>Ingredienser<\/strong>: Dikalciumfosfat, cellulosa, klumpf\u00f6rebyggande medel (kiseldioxid, stearinsyra, magnesiumsalter av fettsyror), vitamin B12 (metylkobalamin).<\/p>\n<p>Rekommenderad daglig dos b\u00f6r ej \u00f6verskridas.<br \/>\nKosttillskott ers\u00e4tter inte en varierad kost.<br \/>\nProdukten f\u00f6rvaras o\u00e5tkomligt f\u00f6r sm\u00e5 barn.<\/p>\n<p>L\u00e4mplig f\u00f6r veganer<\/p>\n","protected":false},"excerpt":{"rendered":"<p>Vitamin B12 (Metylkobalamin) 100 \u00b5g fr\u00e5n Lamberts \u00e4r ett h\u00f6gkvalitativt tillskott i aktiv form som bidrar till normal energioms\u00e4ttning, minskad tr\u00f6tthet, normal blodbildning, nervsystemets normala funktion, psykologisk funktion samt immunsystemets normala funktion.<\/p>\n<ul>\n<li>Vitamin B12 \u00e4r involverad i tillverkningen av r\u00f6da blodkroppar och bidrar till normal funktion av immunsystemet.<\/li>\n<li>Eftersom det huvudsakligen finns i animaliska livsmedel som k\u00f6tt, kan det vara sv\u00e5rt att f\u00e5 i sig tillr\u00e4ckligt f\u00f6r dem som inte \u00e4ter animaliska produkter.<\/li>\n<li>Sm\u00e5, l\u00e4tta att sv\u00e4lja tabletter som inneh\u00e5ller 100 \u00b5g vitamin B12.<\/li>\n<li>H\u00e4lsov\u00e5rdspersonal rekommenderar ofta detta till vegetarianer, veganer och \u00e4ldre.<\/li>\n<\/ul>\n<p><strong>100 tabletter\u00a0<\/strong><\/p>\n","protected":false},"featured_media":10109,"comment_status":"open","ping_status":"closed","template":"","meta":{"_kad_blocks_custom_css":"","_kad_blocks_head_custom_js":"","_kad_blocks_body_custom_js":"","_kad_blocks_footer_custom_js":"","_kadence_starter_templates_imported_post":false,"_kad_post_transparent":"default","_kad_post_title":"","_kad_post_layout":"default","_kad_post_sidebar_id":"","_kad_post_content_style":"default","_kad_post_vertical_padding":"default","_kad_post_feature":"","_kad_post_feature_position":"","_kad_post_header":false,"_kad_post_footer":false,"_kad_post_classname":""},"product_brand":[],"product_cat":[348,2808,329,1234,155],"product_tag":[1112,1889,1028,285,2004,2059,450,2326,233,1207,2332],"class_list":{"0":"post-10034","1":"product","2":"type-product","3":"status-publish","4":"has-post-thumbnail","6":"product_cat-b-vitamin","7":"product_cat-barn","8":"product_cat-hjarna-och-minne","9":"product_cat-lamberts","10":"product_cat-vitaminer","11":"product_tag-energi","12":"product_tag-hjarnhalsa","13":"product_tag-immunforsvar","14":"product_tag-kosttillskott","15":"product_tag-lamberts","16":"product_tag-metabolism","17":"product_tag-nervsystem","18":"product_tag-tillskott","19":"product_tag-trotthet","20":"product_tag-vitamin-b12","21":"product_tag-vitamin-b12-brist","23":"first","24":"instock","25":"taxable","26":"shipping-taxable","27":"purchasable","28":"product-type-simple","29":"entry","30":"content-bg","31":"loop-entry"},"taxonomy_info":{"product_cat":[{"value":348,"label":"B-vitamin"},{"value":2808,"label":"Barn"},{"value":329,"label":"Hj\u00e4rna &amp; Minne"},{"value":1234,"label":"Lamberts"},{"value":155,"label":"Vitaminer"}],"product_tag":[{"value":1112,"label":"energi"},{"value":1889,"label":"Hj\u00e4rnh\u00e4lsa"},{"value":1028,"label":"immunf\u00f6rsvar"},{"value":285,"label":"kosttillskott"},{"value":2004,"label":"Lamberts"},{"value":2059,"label":"metabolism"},{"value":450,"label":"nervsystem"},{"value":2326,"label":"Tillskott"},{"value":233,"label":"tr\u00f6tthet"},{"value":1207,"label":"Vitamin B12"},{"value":2332,"label":"Vitamin B12 brist."}]},"featured_image_src_large":["https:\/\/vitaminbutiken.com\/wp-content\/uploads\/2025\/03\/8085-Vitamin-B12-780x700.jpg",780,700,true],"author_info":[],"comment_info":0,"_links":{"self":[{"href":"https:\/\/vitaminbutiken.com\/en\/wp-json\/wp\/v2\/product\/10034","targetHints":{"allow":["GET"]}}],"collection":[{"href":"https:\/\/vitaminbutiken.com\/en\/wp-json\/wp\/v2\/product"}],"about":[{"href":"https:\/\/vitaminbutiken.com\/en\/wp-json\/wp\/v2\/types\/product"}],"replies":[{"embeddable":true,"href":"https:\/\/vitaminbutiken.com\/en\/wp-json\/wp\/v2\/comments?post=10034"}],"wp:featuredmedia":[{"embeddable":true,"href":"https:\/\/vitaminbutiken.com\/en\/wp-json\/wp\/v2\/media\/10109"}],"wp:attachment":[{"href":"https:\/\/vitaminbutiken.com\/en\/wp-json\/wp\/v2\/media?parent=10034"}],"wp:term":[{"taxonomy":"product_brand","embeddable":true,"href":"https:\/\/vitaminbutiken.com\/en\/wp-json\/wp\/v2\/product_brand?post=10034"},{"taxonomy":"product_cat","embeddable":true,"href":"https:\/\/vitaminbutiken.com\/en\/wp-json\/wp\/v2\/product_cat?post=10034"},{"taxonomy":"product_tag","embeddable":true,"href":"https:\/\/vitaminbutiken.com\/en\/wp-json\/wp\/v2\/product_tag?post=10034"}],"curies":[{"name":"wp","href":"https:\/\/api.w.org\/{rel}","templated":true}]}}