{"id":10032,"date":"2025-03-19T16:18:44","date_gmt":"2025-03-19T14:18:44","guid":{"rendered":"https:\/\/vitaminbutiken.multi.fi\/?post_type=product&#038;p=10032"},"modified":"2026-03-30T14:16:27","modified_gmt":"2026-03-30T12:16:27","slug":"calcium-pantothenate-lamberts","status":"publish","type":"product","link":"https:\/\/vitaminbutiken.com\/en\/produkt\/calcium-pantothenate-lamberts\/","title":{"rendered":"Calcium Pantothenate &#8211; Lamberts"},"content":{"rendered":"<p data-start=\"80\" data-end=\"426\">Detta \u00e4r ett kosttillskott med h\u00f6g styrka av pantotensyra som tillverkas i Storbritannien enligt farmaceutiska standarder. Tabletterna \u00e4r formulerade f\u00f6r att vara dep\u00e5kapslar s\u00e5 att vitaminen gradvis frig\u00f6rs under en period av 6 till 8 timmar efter att de svalts. Detta efterliknar mer hur ett n\u00e4rings\u00e4mne frig\u00f6rs fr\u00e5n maten under matsm\u00e4ltningen.<\/p>\n<p data-start=\"428\" data-end=\"759\">Pantotensyra spelar en roll i de processer som frig\u00f6r energi fr\u00e5n maten och bidrar till normal mental prestation. Den bidrar ocks\u00e5 till den normala syntesen av v\u00e5ra naturliga steroidhormoner och nervkemikalier som kallas neurotransmittorer. Precis som m\u00e5nga av B-vitaminerna bidrar den \u00e4ven till att minska tr\u00f6tthet och utmattning.<\/p>\n<p><strong> Dosering<\/strong>: 1 tablett dagligen i samband med m\u00e5ltid.<\/p>\n<table style=\"height: 80px;\" border=\"1\" width=\"621\" cellspacing=\"0\" cellpadding=\"0\">\n<tbody>\n<tr>\n<td valign=\"top\" width=\"30%\"><strong>1 tablett inneh\u00e5ller<\/strong><\/td>\n<td valign=\"top\" width=\"20%\"><strong> M\u00e4ngd<\/strong><\/td>\n<td valign=\"top\" width=\"30%\"><strong>%DRI*<\/strong><\/td>\n<\/tr>\n<tr>\n<td valign=\"top\" width=\"30%\">Pantotensyra<br \/>\n(Som kalsiumpantotenat)<\/td>\n<td valign=\"top\" width=\"20%\">500 mg<\/td>\n<td valign=\"top\" width=\"20%\">8333 %<\/td>\n<\/tr>\n<\/tbody>\n<\/table>\n<p><strong><em>*DRI \u00e4r dagligt referensintag.<\/em><\/strong><\/p>\n<p><strong>Ingredienser<\/strong>: Dikalciumfosfat, cellulosa, tablett\u00f6verdrag (glaseringsmedel: kalciumkarbonat och isomalt,<br \/>\nhydroxypropylmetylcellulosa, f\u00e4rg: j\u00e4rnoxider), klumpf\u00f6rebyggande medel (stearinsyra, kiseldioxid och<br \/>\nmagnesiumsalter av fettsyror).<\/p>\n<p>Rekommenderad dos b\u00f6r ej \u00f6verskridas.<br \/>\nKosttillskott ers\u00e4tter inte en varierad kost.<br \/>\nProdukten f\u00f6rvaras o\u00e5tkomligt f\u00f6r sm\u00e5 barn.<\/p>\n<p>L\u00e4mplig f\u00f6r veganer<\/p>\n","protected":false},"excerpt":{"rendered":"<ul>\n<li>Ett kosttillskott med h\u00f6g styrka av pantotensyra.<\/li>\n<li>Varje dep\u00e5kapsel inneh\u00e5ller 500 mg.<\/li>\n<li>P\u00e5 grund av dess styrka har vi gjort kapslarna dep\u00e5kapslar s\u00e5 att de gradvis frig\u00f6r pantotensyra under en period av 6 till 8 timmar.<\/li>\n<li>H\u00e4lsov\u00e5rdspersonal rekommenderar ofta 500 mg kalciumpantotenat dagligen f\u00f6r dem med kr\u00e4vande livsstilar.<\/li>\n<\/ul>\n<p><strong>60 tabletter\u00a0<\/strong><\/p>\n","protected":false},"featured_media":10105,"comment_status":"open","ping_status":"closed","template":"","meta":{"_kad_blocks_custom_css":"","_kad_blocks_head_custom_js":"","_kad_blocks_body_custom_js":"","_kad_blocks_footer_custom_js":"","_kadence_starter_templates_imported_post":false,"_kad_post_transparent":"default","_kad_post_title":"","_kad_post_layout":"default","_kad_post_sidebar_id":"","_kad_post_content_style":"default","_kad_post_vertical_padding":"default","_kad_post_feature":"","_kad_post_feature_position":"","_kad_post_header":false,"_kad_post_footer":false,"_kad_post_classname":""},"product_brand":[],"product_cat":[348,1234,146,155],"product_tag":[2325,1584,2317,1468,285,2004,500,1542,2326,2327],"class_list":{"0":"post-10032","1":"product","2":"type-product","3":"status-publish","4":"has-post-thumbnail","6":"product_cat-b-vitamin","7":"product_cat-lamberts","8":"product_cat-stressad-och-trott","9":"product_cat-vitaminer","10":"product_tag-calcium-pantothenate","11":"product_tag-energiomsattning","12":"product_tag-halsa","13":"product_tag-hudhalsa","14":"product_tag-kosttillskott","15":"product_tag-lamberts","16":"product_tag-pantotensyra","17":"product_tag-stresshantering","18":"product_tag-tillskott","19":"product_tag-vitamin-b5","21":"first","22":"instock","23":"taxable","24":"shipping-taxable","25":"purchasable","26":"product-type-simple","27":"entry","28":"content-bg","29":"loop-entry"},"taxonomy_info":{"product_cat":[{"value":348,"label":"B-vitamin"},{"value":1234,"label":"Lamberts"},{"value":146,"label":"Stressad &amp; Tr\u00f6tt"},{"value":155,"label":"Vitaminer"}],"product_tag":[{"value":2325,"label":"Calcium Pantothenate"},{"value":1584,"label":"Energioms\u00e4ttning"},{"value":2317,"label":"H\u00e4lsa"},{"value":1468,"label":"Hudh\u00e4lsa"},{"value":285,"label":"kosttillskott"},{"value":2004,"label":"Lamberts"},{"value":500,"label":"Pantotensyra"},{"value":1542,"label":"Stresshantering"},{"value":2326,"label":"Tillskott"},{"value":2327,"label":"Vitamin B5"}]},"featured_image_src_large":["https:\/\/vitaminbutiken.com\/wp-content\/uploads\/2025\/03\/8057-calcium-pantothenate-780x700.jpg",780,700,true],"author_info":[],"comment_info":0,"_links":{"self":[{"href":"https:\/\/vitaminbutiken.com\/en\/wp-json\/wp\/v2\/product\/10032","targetHints":{"allow":["GET"]}}],"collection":[{"href":"https:\/\/vitaminbutiken.com\/en\/wp-json\/wp\/v2\/product"}],"about":[{"href":"https:\/\/vitaminbutiken.com\/en\/wp-json\/wp\/v2\/types\/product"}],"replies":[{"embeddable":true,"href":"https:\/\/vitaminbutiken.com\/en\/wp-json\/wp\/v2\/comments?post=10032"}],"wp:featuredmedia":[{"embeddable":true,"href":"https:\/\/vitaminbutiken.com\/en\/wp-json\/wp\/v2\/media\/10105"}],"wp:attachment":[{"href":"https:\/\/vitaminbutiken.com\/en\/wp-json\/wp\/v2\/media?parent=10032"}],"wp:term":[{"taxonomy":"product_brand","embeddable":true,"href":"https:\/\/vitaminbutiken.com\/en\/wp-json\/wp\/v2\/product_brand?post=10032"},{"taxonomy":"product_cat","embeddable":true,"href":"https:\/\/vitaminbutiken.com\/en\/wp-json\/wp\/v2\/product_cat?post=10032"},{"taxonomy":"product_tag","embeddable":true,"href":"https:\/\/vitaminbutiken.com\/en\/wp-json\/wp\/v2\/product_tag?post=10032"}],"curies":[{"name":"wp","href":"https:\/\/api.w.org\/{rel}","templated":true}]}}