{"id":10031,"date":"2025-03-19T16:18:44","date_gmt":"2025-03-19T14:18:44","guid":{"rendered":"https:\/\/vitaminbutiken.multi.fi\/?post_type=product&#038;p=10031"},"modified":"2026-04-01T16:14:13","modified_gmt":"2026-04-01T14:14:13","slug":"riboflavin-lamberts","status":"publish","type":"product","link":"https:\/\/vitaminbutiken.com\/en\/produkt\/riboflavin-lamberts\/","title":{"rendered":"Riboflavin &#8211; Vitamin B2 &#8211; Lamberts"},"content":{"rendered":"<h3 data-start=\"115\" data-end=\"144\"><strong data-start=\"119\" data-end=\"144\">Riboflavin \u2013 Lamberts<\/strong><\/h3>\n<p data-start=\"146\" data-end=\"274\"><strong data-start=\"146\" data-end=\"175\">Riboflavin fr\u00e5n Lamberts\u00ae<\/strong> \u00e4r ett h\u00f6gdoserat kosttillskott med vitamin B2. Varje kapsel inneh\u00e5ller <strong data-start=\"248\" data-end=\"273\">hela 50 mg riboflavin<\/strong>.<\/p>\n<p data-start=\"276\" data-end=\"437\">Precis som alla Lamberts\u00ae-produkter tillverkas detta tillskott i anl\u00e4ggningar som f\u00f6ljer strikta <strong data-start=\"373\" data-end=\"405\">GMP-farmaceutiska standarder<\/strong>, f\u00f6r h\u00f6g kvalitet och s\u00e4kerhet.<\/p>\n<p data-start=\"439\" data-end=\"529\">Riboflavin \u00e4r ett viktigt n\u00e4rings\u00e4mne som bidrar till flera centrala funktioner i kroppen:<\/p>\n<ul data-start=\"530\" data-end=\"717\">\n<li data-start=\"530\" data-end=\"566\">\n<p data-start=\"532\" data-end=\"566\"><strong data-start=\"532\" data-end=\"566\">nervsystemets normala funktion<\/strong><\/p>\n<\/li>\n<li data-start=\"567\" data-end=\"613\">\n<p data-start=\"569\" data-end=\"613\"><strong data-start=\"569\" data-end=\"613\">bibeh\u00e5llande av normala r\u00f6da blodkroppar<\/strong><\/p>\n<\/li>\n<li data-start=\"614\" data-end=\"646\">\n<p data-start=\"616\" data-end=\"646\"><strong data-start=\"616\" data-end=\"646\">bibeh\u00e5llande av normal hud<\/strong><\/p>\n<\/li>\n<li data-start=\"647\" data-end=\"679\">\n<p data-start=\"649\" data-end=\"679\"><strong data-start=\"649\" data-end=\"679\">bibeh\u00e5llande av normal syn<\/strong><\/p>\n<\/li>\n<li data-start=\"680\" data-end=\"717\">\n<p data-start=\"682\" data-end=\"717\"><strong data-start=\"682\" data-end=\"717\">minskad tr\u00f6tthet och utmattning<\/strong><\/p>\n<\/li>\n<\/ul>\n<p><strong>Dosering<\/strong>: 1-2 kapslar dagligen i samband med m\u00e5ltid.<\/p>\n<table style=\"height: 80px;\" border=\"1\" width=\"621\" cellspacing=\"0\" cellpadding=\"0\">\n<tbody>\n<tr>\n<td valign=\"top\" width=\"30%\"><strong>1 kapsel inneh\u00e5ller<\/strong><\/td>\n<td valign=\"top\" width=\"20%\"><strong> M\u00e4ngd<\/strong><\/td>\n<td valign=\"top\" width=\"30%\"><strong>%DRI*<\/strong><\/td>\n<\/tr>\n<tr>\n<td valign=\"top\" width=\"30%\">Riboflavin<\/td>\n<td valign=\"top\" width=\"20%\">50 mg<\/td>\n<td valign=\"top\" width=\"20%\">3 571%<\/td>\n<\/tr>\n<\/tbody>\n<\/table>\n<p><strong><em>*DRI \u00e4r dagligt referensintag.<\/em><\/strong><\/p>\n<p><strong>Ingredienser<\/strong>: Rispulver, kapselskal (hydroxypropylmetylcellulosa), vitamin B2 (riboflavin), klumpf\u00f6rebyggande medel (magnesiumsalter av fettsyror, kiseldioxid).<\/p>\n<p>Rekommenderad daglig dos b\u00f6r ej \u00f6verskridas.<br \/>\nKosttillskott ers\u00e4tter inte en varierad kost.<br \/>\nProdukten f\u00f6rvaras o\u00e5tkomligt f\u00f6r sm\u00e5 barn.<\/p>\n<p><strong>OBS!<\/strong><br \/>\nAtt ta denna produkt kan ibland resultera i en m\u00f6rkare gul f\u00e4rg p\u00e5 urinen.<\/p>\n<p>L\u00e4mplig f\u00f6r veganer<\/p>\n","protected":false},"excerpt":{"rendered":"<p data-start=\"91\" data-end=\"288\"><strong data-start=\"91\" data-end=\"130\">Riboflavin, \u00e4ven kallat vitamin B2,<\/strong> \u00e4r ett vattenl\u00f6sligt vitamin som m\u00e5ste tillf\u00f6ras via kosten. Naturliga k\u00e4llor till riboflavin \u00e4r bland annat mj\u00f6lk, ost, n\u00f6tk\u00f6tt, \u00e4gg och fullkornsprodukter.<\/p>\n<p data-start=\"290\" data-end=\"351\">Varje kapsel inneh\u00e5ller <strong data-start=\"314\" data-end=\"350\">50 mg riboflavin av h\u00f6g kvalitet<\/strong>.<\/p>\n<p data-start=\"353\" data-end=\"458\">Riboflavin bidrar till <strong data-start=\"376\" data-end=\"410\">nervsystemets normala funktion<\/strong> samt till att <strong data-start=\"425\" data-end=\"457\">bibeh\u00e5lla normal hud och syn<\/strong>.<\/p>\n<p><strong>100 kapslar\u00a0<\/strong><\/p>\n","protected":false},"featured_media":10103,"comment_status":"open","ping_status":"closed","template":"","meta":{"_kad_blocks_custom_css":"","_kad_blocks_head_custom_js":"","_kad_blocks_body_custom_js":"","_kad_blocks_footer_custom_js":"","_kadence_starter_templates_imported_post":false,"_kad_post_transparent":"default","_kad_post_title":"","_kad_post_layout":"default","_kad_post_sidebar_id":"","_kad_post_content_style":"default","_kad_post_vertical_padding":"default","_kad_post_feature":"","_kad_post_feature_position":"","_kad_post_header":false,"_kad_post_footer":false,"_kad_post_classname":""},"product_brand":[],"product_cat":[348,1234,155],"product_tag":[205,673,2320,2316,2317,2321,2322,1794,285,2004,2323,369,2173,2324],"class_list":{"0":"post-10031","1":"product","2":"type-product","3":"status-publish","4":"has-post-thumbnail","6":"product_cat-b-vitamin","7":"product_cat-lamberts","8":"product_cat-vitaminer","9":"product_tag-antioxidant","10":"product_tag-b-vitaminer","11":"product_tag-energiokaffning","12":"product_tag-fysiologisk-funktion","13":"product_tag-halsa","14":"product_tag-halsosam-livsstil","15":"product_tag-halsosamma-ogon","16":"product_tag-hud-och-har","17":"product_tag-kosttillskott","18":"product_tag-lamberts","19":"product_tag-normaliserar-amnesomsattningen","20":"product_tag-riboflavin","21":"product_tag-valbefinnande","22":"product_tag-vitamin-b2","24":"first","25":"outofstock","26":"taxable","27":"shipping-taxable","28":"purchasable","29":"product-type-simple","30":"entry","31":"content-bg","32":"loop-entry"},"taxonomy_info":{"product_cat":[{"value":348,"label":"B-vitamin"},{"value":1234,"label":"Lamberts"},{"value":155,"label":"Vitaminer"}],"product_tag":[{"value":205,"label":"antioxidant"},{"value":673,"label":"b-vitaminer"},{"value":2320,"label":"Energi\u00f6kaffning"},{"value":2316,"label":"Fysiologisk funktion"},{"value":2317,"label":"H\u00e4lsa"},{"value":2321,"label":"H\u00e4lsosam Livsstil"},{"value":2322,"label":"H\u00e4lsosamma \u00f6gon"},{"value":1794,"label":"Hud och h\u00e5r"},{"value":285,"label":"kosttillskott"},{"value":2004,"label":"Lamberts"},{"value":2323,"label":"Normaliserar \u00e4mnesoms\u00e4ttningen"},{"value":369,"label":"riboflavin"},{"value":2173,"label":"v\u00e4lbefinnande"},{"value":2324,"label":"Vitamin B2"}]},"featured_image_src_large":["https:\/\/vitaminbutiken.com\/wp-content\/uploads\/2025\/03\/8043-100-Riboflavin-780x700.jpg",780,700,true],"author_info":[],"comment_info":0,"_links":{"self":[{"href":"https:\/\/vitaminbutiken.com\/en\/wp-json\/wp\/v2\/product\/10031","targetHints":{"allow":["GET"]}}],"collection":[{"href":"https:\/\/vitaminbutiken.com\/en\/wp-json\/wp\/v2\/product"}],"about":[{"href":"https:\/\/vitaminbutiken.com\/en\/wp-json\/wp\/v2\/types\/product"}],"replies":[{"embeddable":true,"href":"https:\/\/vitaminbutiken.com\/en\/wp-json\/wp\/v2\/comments?post=10031"}],"wp:featuredmedia":[{"embeddable":true,"href":"https:\/\/vitaminbutiken.com\/en\/wp-json\/wp\/v2\/media\/10103"}],"wp:attachment":[{"href":"https:\/\/vitaminbutiken.com\/en\/wp-json\/wp\/v2\/media?parent=10031"}],"wp:term":[{"taxonomy":"product_brand","embeddable":true,"href":"https:\/\/vitaminbutiken.com\/en\/wp-json\/wp\/v2\/product_brand?post=10031"},{"taxonomy":"product_cat","embeddable":true,"href":"https:\/\/vitaminbutiken.com\/en\/wp-json\/wp\/v2\/product_cat?post=10031"},{"taxonomy":"product_tag","embeddable":true,"href":"https:\/\/vitaminbutiken.com\/en\/wp-json\/wp\/v2\/product_tag?post=10031"}],"curies":[{"name":"wp","href":"https:\/\/api.w.org\/{rel}","templated":true}]}}