{"id":10030,"date":"2025-03-19T16:18:44","date_gmt":"2025-03-19T14:18:44","guid":{"rendered":"https:\/\/vitaminbutiken.multi.fi\/?post_type=product&#038;p=10030"},"modified":"2026-03-23T13:47:26","modified_gmt":"2026-03-23T12:47:26","slug":"tiamin-lamberts","status":"publish","type":"product","link":"https:\/\/vitaminbutiken.com\/en\/produkt\/tiamin-lamberts\/","title":{"rendered":"Thiamin &#8211; Vitamin B1 &#8211; Lamberts"},"content":{"rendered":"<p data-start=\"113\" data-end=\"275\"><strong data-start=\"113\" data-end=\"148\">Tiamin, \u00e4ven kallat vitamin B1,<\/strong> \u00e4r ett essentiellt n\u00e4rings\u00e4mne som kroppen f\u00e5r via kosten, bland annat fr\u00e5n fullkornsprodukter, baljv\u00e4xter, n\u00f6tter och fr\u00f6n.<\/p>\n<p data-start=\"277\" data-end=\"388\"><strong data-start=\"277\" data-end=\"298\">Lamberts\u00ae Thiamin<\/strong> \u00e4r ett h\u00f6gdoserat kosttillskott som tillverkas enligt strikta farmaceutiska standarder.<\/p>\n<p data-start=\"390\" data-end=\"644\">En kost med l\u00e5g andel fullkornsprodukter kan leda till ett otillr\u00e4ckligt intag av tiamin. Tiamin bidrar till <strong data-start=\"499\" data-end=\"533\">nervsystemets normala funktion<\/strong>, <strong data-start=\"535\" data-end=\"564\">hj\u00e4rtats normala funktion<\/strong>, <strong data-start=\"566\" data-end=\"601\">immunsystemets normala funktion<\/strong> samt till <strong data-start=\"612\" data-end=\"643\">normal psykologisk funktion<\/strong>.<\/p>\n<p><strong>Dosering<\/strong>: 1 kapsel dagligen i samband med m\u00e5ltid.<\/p>\n<table style=\"height: 80px;\" border=\"1\" width=\"621\" cellspacing=\"0\" cellpadding=\"0\">\n<tbody>\n<tr>\n<td valign=\"top\" width=\"30%\"><strong>1 tablett inneh\u00e5ller<\/strong><\/td>\n<td valign=\"top\" width=\"20%\"><strong> M\u00e4ngd<\/strong><\/td>\n<td valign=\"top\" width=\"30%\"><strong>%DRI*<\/strong><\/td>\n<\/tr>\n<tr>\n<td valign=\"top\" width=\"30%\">Vitamin B1 &#8211; Tiamin<\/td>\n<td valign=\"top\" width=\"20%\">100 mg<\/td>\n<td valign=\"top\" width=\"20%\">9 091 %<\/td>\n<\/tr>\n<\/tbody>\n<\/table>\n<p><strong><em>*DRI \u00e4r dagligt referensintag.<\/em><\/strong><\/p>\n<p><strong>Ingredienser<\/strong>: Vitamin B1 (tiamin), fyllnadsmedel (cellulosa), kapselskal (hydroxypropylmetylcellulosa), klumpf\u00f6rebyggande medel (kiseldioxid, magnesiumsalter av fettsyror).<\/p>\n<p>Rekommenderad daglig dos b\u00f6r ej \u00f6verskridas.<br \/>\nKosttillskott ers\u00e4tter inte en varierad kost.<br \/>\nProdukten f\u00f6rvaras o\u00e5tkomligt f\u00f6r sm\u00e5 barn.<\/p>\n","protected":false},"excerpt":{"rendered":"<p data-start=\"99\" data-end=\"304\"><strong data-start=\"99\" data-end=\"127\">\u00c4ven k\u00e4nd som vitamin B1<\/strong>, tiamin spelar en viktig roll i kroppens energioms\u00e4ttning genom att bidra till frig\u00f6randet av energi fr\u00e5n maten. Det \u00e4r ocks\u00e5 n\u00f6dv\u00e4ndigt f\u00f6r <strong data-start=\"269\" data-end=\"303\">nervsystemets normala funktion<\/strong>.<\/p>\n<p data-start=\"306\" data-end=\"353\">Varje kapsel inneh\u00e5ller <strong data-start=\"330\" data-end=\"352\">hela 100 mg tiamin<\/strong>.<\/p>\n<p data-start=\"355\" data-end=\"447\">\u2714 Tillverkad i Storbritannien<br data-start=\"384\" data-end=\"387\" \/>\u2714 Producerad enligt strikta <strong data-start=\"415\" data-end=\"447\">GMP-farmaceutiska standarder<\/strong><\/p>\n<p><strong>90 kapslar<\/strong><\/p>\n","protected":false},"featured_media":10101,"comment_status":"open","ping_status":"closed","template":"","meta":{"_kad_blocks_custom_css":"","_kad_blocks_head_custom_js":"","_kad_blocks_body_custom_js":"","_kad_blocks_footer_custom_js":"","_kadence_starter_templates_imported_post":false,"_kad_post_transparent":"default","_kad_post_title":"","_kad_post_layout":"default","_kad_post_sidebar_id":"","_kad_post_content_style":"default","_kad_post_vertical_padding":"default","_kad_post_feature":"","_kad_post_feature_position":"","_kad_post_header":false,"_kad_post_footer":false,"_kad_post_classname":""},"product_brand":[],"product_cat":[348,1234,155],"product_tag":[673,1584,2316,2317,2318,285,2004,450,1640,2319,1137,2173,1952],"class_list":{"0":"post-10030","1":"product","2":"type-product","3":"status-publish","4":"has-post-thumbnail","6":"product_cat-b-vitamin","7":"product_cat-lamberts","8":"product_cat-vitaminer","9":"product_tag-b-vitaminer","10":"product_tag-energiomsattning","11":"product_tag-fysiologisk-funktion","12":"product_tag-halsa","13":"product_tag-hjarnfunktion","14":"product_tag-kosttillskott","15":"product_tag-lamberts","16":"product_tag-nervsystem","17":"product_tag-nervsystemets-halsa","18":"product_tag-normal-funktion","19":"product_tag-tiamin","20":"product_tag-valbefinnande","21":"product_tag-vitamin-b1","23":"first","24":"instock","25":"taxable","26":"shipping-taxable","27":"purchasable","28":"product-type-simple","29":"entry","30":"content-bg","31":"loop-entry"},"taxonomy_info":{"product_cat":[{"value":348,"label":"B-vitamin"},{"value":1234,"label":"Lamberts"},{"value":155,"label":"Vitaminer"}],"product_tag":[{"value":673,"label":"b-vitaminer"},{"value":1584,"label":"Energioms\u00e4ttning"},{"value":2316,"label":"Fysiologisk funktion"},{"value":2317,"label":"H\u00e4lsa"},{"value":2318,"label":"Hj\u00e4rnfunktion"},{"value":285,"label":"kosttillskott"},{"value":2004,"label":"Lamberts"},{"value":450,"label":"nervsystem"},{"value":1640,"label":"Nervsystemets h\u00e4lsa"},{"value":2319,"label":"Normal funktion"},{"value":1137,"label":"Tiamin"},{"value":2173,"label":"v\u00e4lbefinnande"},{"value":1952,"label":"vitamin B1"}]},"featured_image_src_large":["https:\/\/vitaminbutiken.com\/wp-content\/uploads\/2025\/03\/8042_90-Thiamin-520x700.webp",520,700,true],"author_info":[],"comment_info":0,"_links":{"self":[{"href":"https:\/\/vitaminbutiken.com\/en\/wp-json\/wp\/v2\/product\/10030","targetHints":{"allow":["GET"]}}],"collection":[{"href":"https:\/\/vitaminbutiken.com\/en\/wp-json\/wp\/v2\/product"}],"about":[{"href":"https:\/\/vitaminbutiken.com\/en\/wp-json\/wp\/v2\/types\/product"}],"replies":[{"embeddable":true,"href":"https:\/\/vitaminbutiken.com\/en\/wp-json\/wp\/v2\/comments?post=10030"}],"wp:featuredmedia":[{"embeddable":true,"href":"https:\/\/vitaminbutiken.com\/en\/wp-json\/wp\/v2\/media\/10101"}],"wp:attachment":[{"href":"https:\/\/vitaminbutiken.com\/en\/wp-json\/wp\/v2\/media?parent=10030"}],"wp:term":[{"taxonomy":"product_brand","embeddable":true,"href":"https:\/\/vitaminbutiken.com\/en\/wp-json\/wp\/v2\/product_brand?post=10030"},{"taxonomy":"product_cat","embeddable":true,"href":"https:\/\/vitaminbutiken.com\/en\/wp-json\/wp\/v2\/product_cat?post=10030"},{"taxonomy":"product_tag","embeddable":true,"href":"https:\/\/vitaminbutiken.com\/en\/wp-json\/wp\/v2\/product_tag?post=10030"}],"curies":[{"name":"wp","href":"https:\/\/api.w.org\/{rel}","templated":true}]}}