{"id":10019,"date":"2025-03-19T16:18:16","date_gmt":"2025-03-19T14:18:16","guid":{"rendered":"https:\/\/vitaminbutiken.multi.fi\/?post_type=product&#038;p=10019"},"modified":"2026-04-01T17:23:14","modified_gmt":"2026-04-01T15:23:14","slug":"prostex-320mg-betasitosterol-komplex","status":"publish","type":"product","link":"https:\/\/vitaminbutiken.com\/en\/produkt\/prostex-320mg-betasitosterol-komplex\/","title":{"rendered":"PROSTEX 320mg betasitosterol komplex"},"content":{"rendered":"<h3 class=\"page-title\"><span class=\"base\" data-ui-id=\"page-title-wrapper\">PROSTEX 320mg betasitosterol komplex<\/span><\/h3>\n<p>Betasitosteroler \u00e4r en av de mest s\u00e5lda n\u00e4rings\u00e4mnena i USA och Europa. I praktiskt taget alla betasitosterol studier som genomf\u00f6rts \u00e4r det en koncentrerad form som har anv\u00e4nts i en niv\u00e5 av 320 mg dagligen.<\/p>\n<p>Lamberts\u00ae Prostex\u00ae var en av de f\u00f6rsta beta-sitosterolprodukterna. Den inneh\u00e5ller ocks\u00e5 tre viktiga aminosyror och zink, samt antioxidant n\u00e4rings\u00e4mnena vitamin C och vitamin E. Formeln inneh\u00e5ller ocks\u00e5 quercetin, en viktig bioflavonoid. Allt presenterat i en speciell oljebas f\u00f6r pumpafr\u00f6n.<\/p>\n<p><strong>Dosering:\u00a0<\/strong>2 tabletter dagligen i samband med m\u00e5ltid.<\/p>\n<table style=\"height: 80px;\" border=\"1\" width=\"621\" cellspacing=\"0\" cellpadding=\"0\">\n<tbody>\n<tr>\n<td valign=\"top\" width=\"30%\"><strong>2 tabletter inneh\u00e5ller<\/strong><\/td>\n<td valign=\"top\" width=\"20%\"><strong> M\u00e4ngd<\/strong><\/td>\n<td valign=\"top\" width=\"30%\"><strong>%DRI*<\/strong><\/td>\n<\/tr>\n<tr>\n<td valign=\"top\" width=\"30%\">Vitamin D3<\/td>\n<td valign=\"top\" width=\"20%\">10 \u00b5g<\/td>\n<td valign=\"top\" width=\"20%\">200 %<\/td>\n<\/tr>\n<tr>\n<td valign=\"top\" width=\"30%\">Vitamin E<\/td>\n<td valign=\"top\" width=\"20%\">68 mg a-TE<\/td>\n<td valign=\"top\" width=\"20%\">567 %<\/td>\n<\/tr>\n<tr>\n<td valign=\"top\" width=\"30%\">Vitamin C<\/td>\n<td valign=\"top\" width=\"20%\">300 mg<\/td>\n<td valign=\"top\" width=\"20%\">375 %<\/td>\n<\/tr>\n<tr>\n<td valign=\"top\" width=\"30%\">Tiamin (B1)<\/td>\n<td valign=\"top\" width=\"20%\">10 mg<\/td>\n<td valign=\"top\" width=\"20%\">909 %<\/td>\n<\/tr>\n<tr>\n<td valign=\"top\" width=\"30%\">Riboflavin (B2)<\/td>\n<td valign=\"top\" width=\"20%\">10 mg<\/td>\n<td valign=\"top\" width=\"20%\">714 %<\/td>\n<\/tr>\n<tr>\n<td valign=\"top\" width=\"30%\">Zink<\/td>\n<td valign=\"top\" width=\"20%\">15 mg<\/td>\n<td valign=\"top\" width=\"20%\">150 %<\/td>\n<\/tr>\n<tr>\n<td valign=\"top\" width=\"30%\">Glycerin<\/td>\n<td valign=\"top\" width=\"20%\">140 mg<\/td>\n<td valign=\"top\" width=\"20%\">**<\/td>\n<\/tr>\n<tr>\n<td valign=\"top\" width=\"30%\">L-Glutaminsyra<\/td>\n<td valign=\"top\" width=\"20%\">140 mg<\/td>\n<td valign=\"top\" width=\"20%\">**<\/td>\n<\/tr>\n<tr>\n<td valign=\"top\" width=\"30%\">L-Alanin<\/td>\n<td valign=\"top\" width=\"20%\">140 mg<\/td>\n<td valign=\"top\" width=\"20%\">**<\/td>\n<\/tr>\n<tr>\n<td valign=\"top\" width=\"30%\">Beta sitosteroler<br \/>\nFr\u00e5n<br \/>\nFytosteroler<\/td>\n<td valign=\"top\" width=\"20%\">320 mg<\/p>\n<p>442 mg<\/td>\n<td valign=\"top\" width=\"20%\">**<\/td>\n<\/tr>\n<tr>\n<td valign=\"top\" width=\"30%\">Quercetin<\/td>\n<td valign=\"top\" width=\"20%\">50 mg<\/td>\n<td valign=\"top\" width=\"20%\">**<\/td>\n<\/tr>\n<\/tbody>\n<\/table>\n<p><strong><em>*DRI \u00e4r dagligt referensintag. **DRI ej fastst\u00e4llt.\u00a0<\/em><\/strong><\/p>\n<p><strong>Ingredienser<\/strong>: Fyllnadsmedel (kalciumkarbonat, cellulosa), fytosteroler, vitamin C (askorbinsyra),<br \/>\nvitamin E (dl-alfa-tokoferol), l-alanin, l-glutaminsyra, glycin, klumpf\u00f6rebyggande medel (kiseldioxid,<br \/>\nmagnesiumsalter av fettsyror), tablettskal (glaseringsmedel: hydroxypropylcellulosa, stearinsyra,<br \/>\ncellulosa, f\u00e4rg\u00e4mnen: spirulina, \u00e4pple, safflor, citron), quercetin-dihydrat, tv\u00e4rbundet cellulosagummi,<br \/>\nzinkcitrat, vitamin B1 (tiaminmononitrat), vitamin B2 (riboflavin), vitamin D3 (kolekalciferol).<\/p>\n<p>V- L\u00e4mplig f\u00f6r veganer<\/p>\n<p>Rekommenderad dos b\u00f6r ej \u00f6verskridas.<br \/>\nKosttillskott ers\u00e4tter inte en varierad kost.<br \/>\nProdukten f\u00f6rvaras o\u00e5tkomligt f\u00f6r sm\u00e5 barn.<br \/>\nRekommenderas inte till gravida eller ammande.<\/p>\n","protected":false},"excerpt":{"rendered":"<p>PROSTEX 320mg betasitosterol komplex, omtyckt produkt f\u00f6r att st\u00f6da och st\u00e4rka prostatan. Inneh\u00e5ller \u00e4ven aminosyror, zink, quercetin samt vitamin C och E.<\/p>\n<p>Lamberts Prostex \u00e4r ett kosttillskott av mycket h\u00f6g kvalitet. Prostex inneh\u00e5ller 320mg betasitosteroler \u00e4ven k\u00e4nd som beta-sitosteroler.<\/p>\n<p><strong>90 tabletter<\/strong><\/p>\n","protected":false},"featured_media":10099,"comment_status":"open","ping_status":"closed","template":"","meta":{"_kad_blocks_custom_css":"","_kad_blocks_head_custom_js":"","_kad_blocks_body_custom_js":"","_kad_blocks_footer_custom_js":"","_kadence_starter_templates_imported_post":false,"_kad_post_transparent":"default","_kad_post_title":"","_kad_post_layout":"default","_kad_post_sidebar_id":"","_kad_post_content_style":"default","_kad_post_vertical_padding":"default","_kad_post_feature":"","_kad_post_feature_position":"","_kad_post_header":false,"_kad_post_footer":false,"_kad_post_classname":""},"product_brand":[],"product_cat":[1234,2822],"product_tag":[2306,2307,2308,2309,1538,1028,285,2310,2311,2312,2313,2314,2315],"class_list":{"0":"post-10019","1":"product","2":"type-product","3":"status-publish","4":"has-post-thumbnail","6":"product_cat-lamberts","7":"product_cat-multi-produkter","8":"product_tag-320mg","9":"product_tag-androgener","10":"product_tag-betasitosterol","11":"product_tag-halsosam-prostata","12":"product_tag-hormonbalans","13":"product_tag-immunforsvar","14":"product_tag-kosttillskott","15":"product_tag-naturliga-ingredienser","16":"product_tag-prostatahalsa","17":"product_tag-prostatastod","18":"product_tag-prostex","19":"product_tag-utsondring-av-urin","20":"product_tag-vaxtsteroler","22":"first","23":"instock","24":"taxable","25":"shipping-taxable","26":"purchasable","27":"product-type-simple","28":"entry","29":"content-bg","30":"loop-entry"},"taxonomy_info":{"product_cat":[{"value":1234,"label":"Lamberts"},{"value":2822,"label":"Multi produkter"}],"product_tag":[{"value":2306,"label":"320mg"},{"value":2307,"label":"Androgener"},{"value":2308,"label":"Betasitosterol"},{"value":2309,"label":"H\u00e4lsosam prostata"},{"value":1538,"label":"Hormonbalans"},{"value":1028,"label":"immunf\u00f6rsvar"},{"value":285,"label":"kosttillskott"},{"value":2310,"label":"naturliga ingredienser"},{"value":2311,"label":"Prostatah\u00e4lsa"},{"value":2312,"label":"Prostatast\u00f6d"},{"value":2313,"label":"PROSTEX"},{"value":2314,"label":"Uts\u00f6ndring av urin"},{"value":2315,"label":"V\u00e4xtsteroler"}]},"featured_image_src_large":["https:\/\/vitaminbutiken.com\/wp-content\/uploads\/2025\/03\/8575-90-Prostex-780x700.jpg",780,700,true],"author_info":[],"comment_info":0,"_links":{"self":[{"href":"https:\/\/vitaminbutiken.com\/en\/wp-json\/wp\/v2\/product\/10019","targetHints":{"allow":["GET"]}}],"collection":[{"href":"https:\/\/vitaminbutiken.com\/en\/wp-json\/wp\/v2\/product"}],"about":[{"href":"https:\/\/vitaminbutiken.com\/en\/wp-json\/wp\/v2\/types\/product"}],"replies":[{"embeddable":true,"href":"https:\/\/vitaminbutiken.com\/en\/wp-json\/wp\/v2\/comments?post=10019"}],"wp:featuredmedia":[{"embeddable":true,"href":"https:\/\/vitaminbutiken.com\/en\/wp-json\/wp\/v2\/media\/10099"}],"wp:attachment":[{"href":"https:\/\/vitaminbutiken.com\/en\/wp-json\/wp\/v2\/media?parent=10019"}],"wp:term":[{"taxonomy":"product_brand","embeddable":true,"href":"https:\/\/vitaminbutiken.com\/en\/wp-json\/wp\/v2\/product_brand?post=10019"},{"taxonomy":"product_cat","embeddable":true,"href":"https:\/\/vitaminbutiken.com\/en\/wp-json\/wp\/v2\/product_cat?post=10019"},{"taxonomy":"product_tag","embeddable":true,"href":"https:\/\/vitaminbutiken.com\/en\/wp-json\/wp\/v2\/product_tag?post=10019"}],"curies":[{"name":"wp","href":"https:\/\/api.w.org\/{rel}","templated":true}]}}