{"id":10016,"date":"2025-03-19T16:18:15","date_gmt":"2025-03-19T14:18:15","guid":{"rendered":"https:\/\/vitaminbutiken.multi.fi\/?post_type=product&#038;p=10016"},"modified":"2026-03-23T13:48:10","modified_gmt":"2026-03-23T12:48:10","slug":"lingonpulver","status":"publish","type":"product","link":"https:\/\/vitaminbutiken.com\/en\/produkt\/lingonpulver\/","title":{"rendered":"Lingonpulver"},"content":{"rendered":"<h2><strong>Lingonpulver<\/strong><\/h2>\n<p>Finberrys kallpressade b\u00e4r torkas i 25-28 grader upp till tv\u00e5 dygn f\u00f6r att bibeh\u00e5lla alla viktiga n\u00e4rings\u00e4mnen. Raw food n\u00e4r det \u00e4r som b\u00e4st!<\/p>\n","protected":false},"excerpt":{"rendered":"<p>Lingonpulver, raw food. Enkelt att blanda i smoothie, p\u00e5 yoghurten eller p\u00e5 gr\u00f6ten. Detta pulver \u00e4r naturens medicin med just de antioxidanter vi beh\u00f6ver i den milj\u00f6 vi lever i.<\/p>\n<p>Inhemska, kallpressade och torkade lingon.<\/p>\n<p><strong>75 &#8211; 150 gram<\/strong><\/p>\n","protected":false},"featured_media":10086,"comment_status":"open","ping_status":"closed","template":"","meta":{"_kad_blocks_custom_css":"","_kad_blocks_head_custom_js":"","_kad_blocks_body_custom_js":"","_kad_blocks_footer_custom_js":"","_kadence_starter_templates_imported_post":false,"_kad_post_transparent":"default","_kad_post_title":"","_kad_post_layout":"default","_kad_post_sidebar_id":"","_kad_post_content_style":"default","_kad_post_vertical_padding":"default","_kad_post_feature":"","_kad_post_feature_position":"","_kad_post_header":false,"_kad_post_footer":false,"_kad_post_classname":""},"product_brand":[],"product_cat":[266,2823,2757],"product_tag":[],"class_list":{"0":"post-10016","1":"product","2":"type-product","3":"status-publish","4":"has-post-thumbnail","6":"product_cat-100-natural","7":"product_cat-naringspulver","8":"product_cat-okategoriserad","10":"first","11":"outofstock","12":"taxable","13":"shipping-taxable","14":"purchasable","15":"product-type-variable","16":"entry","17":"content-bg","18":"loop-entry"},"taxonomy_info":{"product_cat":[{"value":266,"label":"100% Natural"},{"value":2823,"label":"N\u00e4ringspulver"},{"value":2757,"label":"Okategoriserad"}]},"featured_image_src_large":["https:\/\/vitaminbutiken.com\/wp-content\/uploads\/2025\/03\/lingonny-scaled-300x300-1.jpg",300,300,false],"author_info":[],"comment_info":0,"_links":{"self":[{"href":"https:\/\/vitaminbutiken.com\/en\/wp-json\/wp\/v2\/product\/10016","targetHints":{"allow":["GET"]}}],"collection":[{"href":"https:\/\/vitaminbutiken.com\/en\/wp-json\/wp\/v2\/product"}],"about":[{"href":"https:\/\/vitaminbutiken.com\/en\/wp-json\/wp\/v2\/types\/product"}],"replies":[{"embeddable":true,"href":"https:\/\/vitaminbutiken.com\/en\/wp-json\/wp\/v2\/comments?post=10016"}],"wp:featuredmedia":[{"embeddable":true,"href":"https:\/\/vitaminbutiken.com\/en\/wp-json\/wp\/v2\/media\/10086"}],"wp:attachment":[{"href":"https:\/\/vitaminbutiken.com\/en\/wp-json\/wp\/v2\/media?parent=10016"}],"wp:term":[{"taxonomy":"product_brand","embeddable":true,"href":"https:\/\/vitaminbutiken.com\/en\/wp-json\/wp\/v2\/product_brand?post=10016"},{"taxonomy":"product_cat","embeddable":true,"href":"https:\/\/vitaminbutiken.com\/en\/wp-json\/wp\/v2\/product_cat?post=10016"},{"taxonomy":"product_tag","embeddable":true,"href":"https:\/\/vitaminbutiken.com\/en\/wp-json\/wp\/v2\/product_tag?post=10016"}],"curies":[{"name":"wp","href":"https:\/\/api.w.org\/{rel}","templated":true}]}}