{"id":10013,"date":"2025-03-19T16:18:15","date_gmt":"2025-03-19T14:18:15","guid":{"rendered":"https:\/\/vitaminbutiken.multi.fi\/?post_type=product&#038;p=10013"},"modified":"2026-03-30T11:05:06","modified_gmt":"2026-03-30T09:05:06","slug":"peppermint-oil-lamberts","status":"publish","type":"product","link":"https:\/\/vitaminbutiken.com\/en\/produkt\/peppermint-oil-lamberts\/","title":{"rendered":"Peppermint Oil &#8211; Lamberts"},"content":{"rendered":"<p><strong>Peppermint Oil &#8211; Lamberts<\/strong><\/p>\n<p>Lamberts\u00ae Peppermint Oil-kapslar inneh\u00e5ller 100 mg ren naturlig pepparmyntsolja, destillerad fr\u00e5n myntablad. De viktigaste aktiva ingredienserna i mynta \u00e4r de flyktiga oljorna, s\u00e4rskilt mentol, och i dessa kapslar bevaras dessa flyktiga oljor p\u00e5 ett s\u00e4tt som inte \u00e4r m\u00f6jligt i mintgodis och myntate. Faktum \u00e4r att m\u00e4ngden mynta i varje kapsel \u00e4r upp till 12 g\u00e5nger starkare \u00e4n \u00e4ven de hetaste mintgodisarna. Pepparmynta har en l\u00e5ng tradition av anv\u00e4ndning som matsm\u00e4ltningshj\u00e4lpmedel och efter att du svalt en av dessa kapslar kommer du att k\u00e4nna en varm behaglig k\u00e4nsla efter att kapseln sl\u00e4pper sitt inneh\u00e5ll. I vissa l\u00e4nder serveras myntate regelbundet efter en m\u00e5ltid, och p\u00e5 samma s\u00e4tt rekommenderar vi att en av dessa kapslar sv\u00e4ljes efter varje stor m\u00e5ltid.<\/p>\n<p><strong>Dosering<\/strong>: 1-2 kapslar dagligen i samband med m\u00e5ltid.<\/p>\n<table style=\"height: 80px;\" border=\"1\" width=\"621\" cellspacing=\"0\" cellpadding=\"0\">\n<tbody>\n<tr>\n<td valign=\"top\" width=\"30%\"><strong>1 kapsel inneh\u00e5ller<\/strong><\/td>\n<td valign=\"top\" width=\"20%\"><strong> M\u00e4ngd<\/strong><\/td>\n<td valign=\"top\" width=\"30%\"><strong>%DRI*<\/strong><\/td>\n<\/tr>\n<tr>\n<td valign=\"top\" width=\"30%\">pepparmyntolja<\/td>\n<td valign=\"top\" width=\"20%\">100 mg<\/td>\n<td valign=\"top\" width=\"20%\">**<\/td>\n<\/tr>\n<\/tbody>\n<\/table>\n<p><strong><em>*DRI (dagligt referensintag) ej fastst\u00e4llt.\u00a0<\/em><\/strong><\/p>\n<p><strong>Ingredienser<\/strong>: Solrosolja, veg. kapsel (modifierad st\u00e4rkelse, glycerol, karragenan), (dinatriumfosfat), pepparmyntolja.<\/p>\n<p>Rekommenderad dos b\u00f6r ej \u00f6verskridas.<br \/>\nKosttillskott ers\u00e4tter inte en varierad kost.<br \/>\nProdukten f\u00f6rvaras o\u00e5tkomligt f\u00f6r sm\u00e5 barn.<\/p>\n<p>V- L\u00e4mplig f\u00f6r veganer<\/p>\n","protected":false},"excerpt":{"rendered":"<p>Lamberts Peppermint Oil \u00e4r ett tillskott som inneh\u00e5ller eterisk pepparmyntsolja, k\u00e4nd f\u00f6r sina lugnande egenskaper f\u00f6r matsm\u00e4ltningssystemet. Det hj\u00e4lper till att lindra besv\u00e4r som uppbl\u00e5sthet, gaser och matsm\u00e4ltningsbesv\u00e4r. Pepparmyntsoljan st\u00f6djer ocks\u00e5 en balanserad mag- och tarmfunktion och ger en naturlig l\u00e4ttnad vid magont.<\/p>\n<p><strong>90 Kapslar<\/strong><\/p>\n","protected":false},"featured_media":10084,"comment_status":"closed","ping_status":"closed","template":"","meta":{"_kad_blocks_custom_css":"","_kad_blocks_head_custom_js":"","_kad_blocks_body_custom_js":"","_kad_blocks_footer_custom_js":"","_kadence_starter_templates_imported_post":false,"_kad_post_transparent":"default","_kad_post_title":"","_kad_post_layout":"default","_kad_post_sidebar_id":"","_kad_post_content_style":"default","_kad_post_vertical_padding":"default","_kad_post_feature":"","_kad_post_feature_position":"","_kad_post_header":false,"_kad_post_footer":false,"_kad_post_classname":""},"product_brand":[],"product_cat":[176,1234,431,149],"product_tag":[2252,2297,2298,1465,1507,2299,2300,2106,2006,2301,2302,2303,2304,2305,1996,1475],"class_list":{"0":"post-10013","1":"product","2":"type-product","3":"status-publish","4":"has-post-thumbnail","6":"product_cat-immunforsvar","7":"product_cat-lamberts","8":"product_cat-mage-tarm","9":"product_cat-orter","10":"product_tag-100-mg","11":"product_tag-enterokapslar","12":"product_tag-gasbesvar","13":"product_tag-gmp-standard","14":"product_tag-hog-styrka","15":"product_tag-ibs-lindring","16":"product_tag-kramplosande","17":"product_tag-mag-tarmhalsa","18":"product_tag-matsmaltningshalsa","19":"product_tag-mentol","20":"product_tag-naturlig-pepparmynta","21":"product_tag-pepparmyntsolja","22":"product_tag-tarmkomfort","23":"product_tag-uppblasthet","24":"product_tag-vaxtbaserat","25":"product_tag-veganvanlig","27":"first","28":"instock","29":"taxable","30":"shipping-taxable","31":"purchasable","32":"product-type-simple","33":"entry","34":"content-bg","35":"loop-entry"},"taxonomy_info":{"product_cat":[{"value":176,"label":"Immunf\u00f6rsvar"},{"value":1234,"label":"Lamberts"},{"value":431,"label":"Mage &amp; Tarm"},{"value":149,"label":"\u00d6rter"}],"product_tag":[{"value":2252,"label":"100 mg"},{"value":2297,"label":"enterokapslar"},{"value":2298,"label":"gasbesv\u00e4r"},{"value":1465,"label":"GMP-standard"},{"value":1507,"label":"h\u00f6g styrka"},{"value":2299,"label":"IBS-lindring"},{"value":2300,"label":"krampl\u00f6sande"},{"value":2106,"label":"mag-tarmh\u00e4lsa"},{"value":2006,"label":"matsm\u00e4ltningsh\u00e4lsa"},{"value":2301,"label":"mentol"},{"value":2302,"label":"naturlig pepparmynta"},{"value":2303,"label":"pepparmyntsolja"},{"value":2304,"label":"tarmkomfort"},{"value":2305,"label":"uppbl\u00e5sthet"},{"value":1996,"label":"v\u00e4xtbaserat"},{"value":1475,"label":"veganv\u00e4nlig"}]},"featured_image_src_large":["https:\/\/vitaminbutiken.com\/wp-content\/uploads\/2025\/03\/8399-90-Peppermint-oil-780x700.jpg",780,700,true],"author_info":[],"comment_info":0,"_links":{"self":[{"href":"https:\/\/vitaminbutiken.com\/en\/wp-json\/wp\/v2\/product\/10013","targetHints":{"allow":["GET"]}}],"collection":[{"href":"https:\/\/vitaminbutiken.com\/en\/wp-json\/wp\/v2\/product"}],"about":[{"href":"https:\/\/vitaminbutiken.com\/en\/wp-json\/wp\/v2\/types\/product"}],"replies":[{"embeddable":true,"href":"https:\/\/vitaminbutiken.com\/en\/wp-json\/wp\/v2\/comments?post=10013"}],"wp:featuredmedia":[{"embeddable":true,"href":"https:\/\/vitaminbutiken.com\/en\/wp-json\/wp\/v2\/media\/10084"}],"wp:attachment":[{"href":"https:\/\/vitaminbutiken.com\/en\/wp-json\/wp\/v2\/media?parent=10013"}],"wp:term":[{"taxonomy":"product_brand","embeddable":true,"href":"https:\/\/vitaminbutiken.com\/en\/wp-json\/wp\/v2\/product_brand?post=10013"},{"taxonomy":"product_cat","embeddable":true,"href":"https:\/\/vitaminbutiken.com\/en\/wp-json\/wp\/v2\/product_cat?post=10013"},{"taxonomy":"product_tag","embeddable":true,"href":"https:\/\/vitaminbutiken.com\/en\/wp-json\/wp\/v2\/product_tag?post=10013"}],"curies":[{"name":"wp","href":"https:\/\/api.w.org\/{rel}","templated":true}]}}